{"id":4242,"date":"2024-12-10T08:30:47","date_gmt":"2024-12-10T08:30:47","guid":{"rendered":"https:\/\/tigerbattery.net\/?post_type=product&#038;p=4242"},"modified":"2024-12-16T21:02:39","modified_gmt":"2024-12-16T21:02:39","slug":"tiger-tlg2-100-2v-100ah-stationary-power-gel-battery","status":"publish","type":"product","link":"https:\/\/tigerbattery.net\/pt\/produto\/tiger-tlg2-100-2v-100ah-stationary-power-gel-battery\/","title":{"rendered":"Bateria de gel de energia estacion\u00e1ria TIGER TLG2-100 2V 100Ah"},"content":{"rendered":"<p>O modelo TLG2-100 da Tiger Battery \u00e9 uma bateria de gel de energia estacion\u00e1ria de 2V de 2 volts e 100 amp\u00e8res\/hora (classifica\u00e7\u00e3o 10HR), usada principalmente para backup de UPS\/EPS, telecomunica\u00e7\u00f5es, redes de comunica\u00e7\u00e3o e outras aplica\u00e7\u00f5es adicionais. Essa bateria est\u00e1 dispon\u00edvel com configura\u00e7\u00f5es de terminais T5.<\/p>","protected":false},"excerpt":{"rendered":"<p>O modelo TLG2-100 da Tiger Battery \u00e9 uma bateria de gel de energia estacion\u00e1ria de 2V de 2 volts e 100 amp\u00e8res\/hora (classifica\u00e7\u00e3o 10HR), usada principalmente para backup de UPS\/EPS, telecomunica\u00e7\u00f5es, redes de comunica\u00e7\u00e3o e outras aplica\u00e7\u00f5es adicionais. Essa bateria est\u00e1 dispon\u00edvel com configura\u00e7\u00f5es de terminais T5.<\/p>","protected":false},"featured_media":3272,"comment_status":"open","ping_status":"closed","template":"","meta":{"_acf_changed":false},"product_brand":[],"product_cat":[62,56,53],"product_tag":[],"class_list":{"0":"post-4242","1":"product","2":"type-product","3":"status-publish","4":"has-post-thumbnail","6":"product_cat-communication-networks","7":"product_cat-telecom","8":"product_cat-ups-eps-backup","10":"first","11":"instock","12":"sale","13":"shipping-taxable","14":"purchasable","15":"product-type-simple"},"acf":[],"wcpa_form_fields":null,"_links":{"self":[{"href":"https:\/\/tigerbattery.net\/pt\/wp-json\/wp\/v2\/product\/4242","targetHints":{"allow":["GET"]}}],"collection":[{"href":"https:\/\/tigerbattery.net\/pt\/wp-json\/wp\/v2\/product"}],"about":[{"href":"https:\/\/tigerbattery.net\/pt\/wp-json\/wp\/v2\/types\/product"}],"replies":[{"embeddable":true,"href":"https:\/\/tigerbattery.net\/pt\/wp-json\/wp\/v2\/comments?post=4242"}],"wp:featuredmedia":[{"embeddable":true,"href":"https:\/\/tigerbattery.net\/pt\/wp-json\/wp\/v2\/media\/3272"}],"wp:attachment":[{"href":"https:\/\/tigerbattery.net\/pt\/wp-json\/wp\/v2\/media?parent=4242"}],"wp:term":[{"taxonomy":"product_brand","embeddable":true,"href":"https:\/\/tigerbattery.net\/pt\/wp-json\/wp\/v2\/product_brand?post=4242"},{"taxonomy":"product_cat","embeddable":true,"href":"https:\/\/tigerbattery.net\/pt\/wp-json\/wp\/v2\/product_cat?post=4242"},{"taxonomy":"product_tag","embeddable":true,"href":"https:\/\/tigerbattery.net\/pt\/wp-json\/wp\/v2\/product_tag?post=4242"}],"curies":[{"name":"wp","href":"https:\/\/api.w.org\/{rel}","templated":true}]}}