{"id":4204,"date":"2024-12-10T08:30:15","date_gmt":"2024-12-10T08:30:15","guid":{"rendered":"https:\/\/tigerbattery.net\/?post_type=product&#038;p=4204"},"modified":"2024-12-16T21:02:31","modified_gmt":"2024-12-16T21:02:31","slug":"tiger-tbh12-12-12v-12ah-ups-eps-backup-high-rate-agm-battery","status":"publish","type":"product","link":"https:\/\/tigerbattery.net\/pt\/produto\/tiger-tbh12-12-12v-12ah-ups-eps-backup-high-rate-agm-battery\/","title":{"rendered":"Bateria TIGER TBH12-12 12V 12Ah UPS \/ EPS Backup High Rate AGM"},"content":{"rendered":"<p>O modelo TBH12-12 da Tiger Battery \u00e9 uma bateria AGM de alta taxa para backup de UPS\/EPS de 12 volts e 12 amp\u00e8res por hora (classifica\u00e7\u00e3o 10HR), usada principalmente para backup de UPS\/EPS, data centers e outras aplica\u00e7\u00f5es adicionais. Essa bateria est\u00e1 dispon\u00edvel com configura\u00e7\u00f5es de terminais F2.<\/p>","protected":false},"excerpt":{"rendered":"<p>O modelo TBH12-12 da Tiger Battery \u00e9 uma bateria AGM de alta taxa para backup de UPS\/EPS de 12 volts e 12 amp\u00e8res por hora (classifica\u00e7\u00e3o 10HR), usada principalmente para backup de UPS\/EPS, data centers e outras aplica\u00e7\u00f5es adicionais. Essa bateria est\u00e1 dispon\u00edvel com configura\u00e7\u00f5es de terminais F2.<\/p>","protected":false},"featured_media":3069,"comment_status":"open","ping_status":"closed","template":"","meta":{"_acf_changed":false},"product_brand":[],"product_cat":[63,28,53],"product_tag":[],"class_list":{"0":"post-4204","1":"product","2":"type-product","3":"status-publish","4":"has-post-thumbnail","6":"product_cat-data-centers","7":"product_cat-sealed-lead-acid","8":"product_cat-ups-eps-backup","10":"first","11":"instock","12":"sale","13":"shipping-taxable","14":"purchasable","15":"product-type-simple"},"acf":[],"wcpa_form_fields":null,"_links":{"self":[{"href":"https:\/\/tigerbattery.net\/pt\/wp-json\/wp\/v2\/product\/4204","targetHints":{"allow":["GET"]}}],"collection":[{"href":"https:\/\/tigerbattery.net\/pt\/wp-json\/wp\/v2\/product"}],"about":[{"href":"https:\/\/tigerbattery.net\/pt\/wp-json\/wp\/v2\/types\/product"}],"replies":[{"embeddable":true,"href":"https:\/\/tigerbattery.net\/pt\/wp-json\/wp\/v2\/comments?post=4204"}],"wp:featuredmedia":[{"embeddable":true,"href":"https:\/\/tigerbattery.net\/pt\/wp-json\/wp\/v2\/media\/3069"}],"wp:attachment":[{"href":"https:\/\/tigerbattery.net\/pt\/wp-json\/wp\/v2\/media?parent=4204"}],"wp:term":[{"taxonomy":"product_brand","embeddable":true,"href":"https:\/\/tigerbattery.net\/pt\/wp-json\/wp\/v2\/product_brand?post=4204"},{"taxonomy":"product_cat","embeddable":true,"href":"https:\/\/tigerbattery.net\/pt\/wp-json\/wp\/v2\/product_cat?post=4204"},{"taxonomy":"product_tag","embeddable":true,"href":"https:\/\/tigerbattery.net\/pt\/wp-json\/wp\/v2\/product_tag?post=4204"}],"curies":[{"name":"wp","href":"https:\/\/api.w.org\/{rel}","templated":true}]}}