{"id":4133,"date":"2024-12-10T08:29:41","date_gmt":"2024-12-10T08:29:41","guid":{"rendered":"https:\/\/tigerbattery.net\/?post_type=product&#038;p=4133"},"modified":"2024-12-16T21:02:19","modified_gmt":"2024-12-16T21:02:19","slug":"tiger-tbg12-38aq-12v-38ah-reserve-power-gel-battery","status":"publish","type":"product","link":"https:\/\/tigerbattery.net\/pt\/produto\/tiger-tbg12-38aq-12v-38ah-reserve-power-gel-battery\/","title":{"rendered":"Bateria de gel de energia de reserva TIGER TBG12-38AQ 12V 38Ah"},"content":{"rendered":"<p>O modelo de bateria TBG12-38AQ da Tiger \u00e9 um gel de energia de reserva ultrapremium de 12 volts e 38 amp\u00e8res por hora (classifica\u00e7\u00e3o 10HR), usado principalmente para energia solar, CATV, mar\u00edtima, RV, UPS de descarga profunda, redes de comunica\u00e7\u00e3o, telecomunica\u00e7\u00f5es e outras aplica\u00e7\u00f5es adicionais. Essa bateria est\u00e1 dispon\u00edvel com configura\u00e7\u00f5es de terminais L6.<\/p>","protected":false},"excerpt":{"rendered":"<p>O modelo de bateria TBG12-38AQ da Tiger \u00e9 um gel de energia de reserva ultrapremium de 12 volts e 38 amp\u00e8res por hora (classifica\u00e7\u00e3o 10HR), usado principalmente para energia solar, CATV, mar\u00edtima, RV, UPS de descarga profunda, redes de comunica\u00e7\u00e3o, telecomunica\u00e7\u00f5es e outras aplica\u00e7\u00f5es adicionais. Essa bateria est\u00e1 dispon\u00edvel com configura\u00e7\u00f5es de terminais L6.<\/p>","protected":false},"featured_media":2973,"comment_status":"open","ping_status":"closed","template":"","meta":{"_acf_changed":false},"product_brand":[],"product_cat":[62,61,32,60,33,56],"product_tag":[],"class_list":{"0":"post-4133","1":"product","2":"type-product","3":"status-publish","4":"has-post-thumbnail","6":"product_cat-communication-networks","7":"product_cat-deep-discharge-ups","8":"product_cat-marine","9":"product_cat-rv","10":"product_cat-solar","11":"product_cat-telecom","13":"first","14":"instock","15":"sale","16":"shipping-taxable","17":"purchasable","18":"product-type-simple"},"acf":[],"wcpa_form_fields":null,"_links":{"self":[{"href":"https:\/\/tigerbattery.net\/pt\/wp-json\/wp\/v2\/product\/4133","targetHints":{"allow":["GET"]}}],"collection":[{"href":"https:\/\/tigerbattery.net\/pt\/wp-json\/wp\/v2\/product"}],"about":[{"href":"https:\/\/tigerbattery.net\/pt\/wp-json\/wp\/v2\/types\/product"}],"replies":[{"embeddable":true,"href":"https:\/\/tigerbattery.net\/pt\/wp-json\/wp\/v2\/comments?post=4133"}],"wp:featuredmedia":[{"embeddable":true,"href":"https:\/\/tigerbattery.net\/pt\/wp-json\/wp\/v2\/media\/2973"}],"wp:attachment":[{"href":"https:\/\/tigerbattery.net\/pt\/wp-json\/wp\/v2\/media?parent=4133"}],"wp:term":[{"taxonomy":"product_brand","embeddable":true,"href":"https:\/\/tigerbattery.net\/pt\/wp-json\/wp\/v2\/product_brand?post=4133"},{"taxonomy":"product_cat","embeddable":true,"href":"https:\/\/tigerbattery.net\/pt\/wp-json\/wp\/v2\/product_cat?post=4133"},{"taxonomy":"product_tag","embeddable":true,"href":"https:\/\/tigerbattery.net\/pt\/wp-json\/wp\/v2\/product_tag?post=4133"}],"curies":[{"name":"wp","href":"https:\/\/api.w.org\/{rel}","templated":true}]}}