{"id":4072,"date":"2024-12-10T08:29:04","date_gmt":"2024-12-10T08:29:04","guid":{"rendered":"https:\/\/tigerbattery.net\/?post_type=product&#038;p=4072"},"modified":"2024-12-16T21:02:05","modified_gmt":"2024-12-16T21:02:05","slug":"tiger-tbd12-40-12v-40ah-agm-deep-cycle-battery","status":"publish","type":"product","link":"https:\/\/tigerbattery.net\/pt\/produto\/tiger-tbd12-40-12v-40ah-agm-deep-cycle-battery\/","title":{"rendered":"Bateria de ciclo profundo TIGER TBD12-40 12V 40Ah AGM"},"content":{"rendered":"<p>O modelo TBD12-40 da Tiger Battery \u00e9 uma bateria de ciclo profundo AGM ultrapremium de 12 volts e 40 amp\u00e8res\/hora (classifica\u00e7\u00e3o 20HR) usada principalmente para backup de UPS\/EPS, energia solar, energia e\u00f3lica, telecomunica\u00e7\u00f5es, ve\u00edculos el\u00e9tricos, carrinhos de golfe e outras aplica\u00e7\u00f5es adicionais. Essa bateria est\u00e1 dispon\u00edvel com configura\u00e7\u00f5es de terminais T2.<\/p>","protected":false},"excerpt":{"rendered":"<p>O modelo TBD12-40 da Tiger Battery \u00e9 uma bateria de ciclo profundo AGM ultrapremium de 12 volts e 40 amp\u00e8res\/hora (classifica\u00e7\u00e3o 20HR) usada principalmente para backup de UPS\/EPS, energia solar, energia e\u00f3lica, telecomunica\u00e7\u00f5es, ve\u00edculos el\u00e9tricos, carrinhos de golfe e outras aplica\u00e7\u00f5es adicionais. Essa bateria est\u00e1 dispon\u00edvel com configura\u00e7\u00f5es de terminais T2.<\/p>","protected":false},"featured_media":3076,"comment_status":"open","ping_status":"closed","template":"","meta":{"_acf_changed":false},"product_brand":[],"product_cat":[31,57,58,28,33,56,53,55],"product_tag":[73,75,78,74,72,81,70,77,76],"class_list":{"0":"post-4072","1":"product","2":"type-product","3":"status-publish","4":"has-post-thumbnail","6":"product_cat-deep-cycle","7":"product_cat-electric-vehicles","8":"product_cat-golf-carts","9":"product_cat-sealed-lead-acid","10":"product_cat-solar","11":"product_cat-telecom","12":"product_cat-ups-eps-backup","13":"product_cat-wind","14":"product_tag-agm","15":"product_tag-china","16":"product_tag-lithium","17":"product_tag-manufacturer","18":"product_tag-sla","19":"product_tag-tbd","20":"product_tag-tiger-battery","21":"product_tag-usa","22":"product_tag-vietnam","24":"first","25":"instock","26":"sale","27":"shipping-taxable","28":"purchasable","29":"product-type-simple"},"acf":[],"wcpa_form_fields":null,"_links":{"self":[{"href":"https:\/\/tigerbattery.net\/pt\/wp-json\/wp\/v2\/product\/4072","targetHints":{"allow":["GET"]}}],"collection":[{"href":"https:\/\/tigerbattery.net\/pt\/wp-json\/wp\/v2\/product"}],"about":[{"href":"https:\/\/tigerbattery.net\/pt\/wp-json\/wp\/v2\/types\/product"}],"replies":[{"embeddable":true,"href":"https:\/\/tigerbattery.net\/pt\/wp-json\/wp\/v2\/comments?post=4072"}],"wp:featuredmedia":[{"embeddable":true,"href":"https:\/\/tigerbattery.net\/pt\/wp-json\/wp\/v2\/media\/3076"}],"wp:attachment":[{"href":"https:\/\/tigerbattery.net\/pt\/wp-json\/wp\/v2\/media?parent=4072"}],"wp:term":[{"taxonomy":"product_brand","embeddable":true,"href":"https:\/\/tigerbattery.net\/pt\/wp-json\/wp\/v2\/product_brand?post=4072"},{"taxonomy":"product_cat","embeddable":true,"href":"https:\/\/tigerbattery.net\/pt\/wp-json\/wp\/v2\/product_cat?post=4072"},{"taxonomy":"product_tag","embeddable":true,"href":"https:\/\/tigerbattery.net\/pt\/wp-json\/wp\/v2\/product_tag?post=4072"}],"curies":[{"name":"wp","href":"https:\/\/api.w.org\/{rel}","templated":true}]}}