{"id":3945,"date":"2024-12-10T08:27:44","date_gmt":"2024-12-10T08:27:44","guid":{"rendered":"https:\/\/tigerbattery.net\/?post_type=product&#038;p=3945"},"modified":"2024-12-16T21:01:35","modified_gmt":"2024-12-16T21:01:35","slug":"tiger-tbs636-6v-3-6ah-agm-battery","status":"publish","type":"product","link":"https:\/\/tigerbattery.net\/pt\/produto\/tiger-tbs636-6v-3-6ah-agm-battery\/","title":{"rendered":"Bateria TIGER TBS636 6V 3.6Ah AGM"},"content":{"rendered":"<p>O modelo TBS636 da Tiger Battery \u00e9 uma bateria AGM de uso geral ultrapremium de 6 volts e 3,6 amp\u00e8res\/hora (classifica\u00e7\u00e3o 20HR), usada principalmente para backup de UPS\/EPS, m\u00e9dico, ilumina\u00e7\u00e3o de emerg\u00eancia, sistemas de seguran\u00e7a e outras aplica\u00e7\u00f5es adicionais. Essa bateria est\u00e1 dispon\u00edvel com as configura\u00e7\u00f5es de terminais F1\/F2.<\/p>","protected":false},"excerpt":{"rendered":"<p>O modelo TBS636 da Tiger Battery \u00e9 uma bateria AGM de uso geral ultrapremium de 6 volts e 3,6 amp\u00e8res\/hora (classifica\u00e7\u00e3o 20HR), usada principalmente para backup de UPS\/EPS, m\u00e9dico, ilumina\u00e7\u00e3o de emerg\u00eancia, sistemas de seguran\u00e7a e outras aplica\u00e7\u00f5es adicionais. Essa bateria est\u00e1 dispon\u00edvel com as configura\u00e7\u00f5es de terminais F1\/F2.<\/p>","protected":false},"featured_media":3272,"comment_status":"open","ping_status":"closed","template":"","meta":{"_acf_changed":false},"product_brand":[],"product_cat":[52,54,28,51,53],"product_tag":[73,75,74,71,72,69,70,77,76],"class_list":{"0":"post-3945","1":"product","2":"type-product","3":"status-publish","4":"has-post-thumbnail","6":"product_cat-emergency-lighting","7":"product_cat-medical","8":"product_cat-sealed-lead-acid","9":"product_cat-security-systems","10":"product_cat-ups-eps-backup","11":"product_tag-agm","12":"product_tag-china","13":"product_tag-manufacturer","14":"product_tag-sealed-lead-acid","15":"product_tag-sla","16":"product_tag-tbs","17":"product_tag-tiger-battery","18":"product_tag-usa","19":"product_tag-vietnam","21":"first","22":"instock","23":"sale","24":"shipping-taxable","25":"purchasable","26":"product-type-simple"},"acf":[],"wcpa_form_fields":null,"_links":{"self":[{"href":"https:\/\/tigerbattery.net\/pt\/wp-json\/wp\/v2\/product\/3945","targetHints":{"allow":["GET"]}}],"collection":[{"href":"https:\/\/tigerbattery.net\/pt\/wp-json\/wp\/v2\/product"}],"about":[{"href":"https:\/\/tigerbattery.net\/pt\/wp-json\/wp\/v2\/types\/product"}],"replies":[{"embeddable":true,"href":"https:\/\/tigerbattery.net\/pt\/wp-json\/wp\/v2\/comments?post=3945"}],"wp:featuredmedia":[{"embeddable":true,"href":"https:\/\/tigerbattery.net\/pt\/wp-json\/wp\/v2\/media\/3272"}],"wp:attachment":[{"href":"https:\/\/tigerbattery.net\/pt\/wp-json\/wp\/v2\/media?parent=3945"}],"wp:term":[{"taxonomy":"product_brand","embeddable":true,"href":"https:\/\/tigerbattery.net\/pt\/wp-json\/wp\/v2\/product_brand?post=3945"},{"taxonomy":"product_cat","embeddable":true,"href":"https:\/\/tigerbattery.net\/pt\/wp-json\/wp\/v2\/product_cat?post=3945"},{"taxonomy":"product_tag","embeddable":true,"href":"https:\/\/tigerbattery.net\/pt\/wp-json\/wp\/v2\/product_tag?post=3945"}],"curies":[{"name":"wp","href":"https:\/\/api.w.org\/{rel}","templated":true}]}}