{"id":7664,"date":"2025-05-16T06:38:09","date_gmt":"2025-05-16T06:38:09","guid":{"rendered":"https:\/\/tigerbattery.net\/?page_id=7664"},"modified":"2025-05-22T12:05:52","modified_gmt":"2025-05-22T12:05:52","slug":"battery-builder","status":"publish","type":"page","link":"https:\/\/tigerbattery.net\/pt\/battery-builder\/","title":{"rendered":"Construtor de baterias"},"content":{"rendered":"<div data-elementor-type=\"wp-page\" data-elementor-id=\"7664\" class=\"elementor elementor-7664\" data-elementor-post-type=\"page\">\n\t\t\t\t<div class=\"elementor-element elementor-element-d3b57e8 e-flex e-con-boxed e-con e-parent\" data-id=\"d3b57e8\" data-element_type=\"container\" data-e-type=\"container\" data-settings=\"{&quot;background_background&quot;:&quot;classic&quot;}\">\n\t\t\t\t\t<div class=\"e-con-inner\">\n\t\t\t\t<div class=\"elementor-element elementor-element-80f51a5 elementor-widget elementor-widget-heading\" data-id=\"80f51a5\" data-element_type=\"widget\" data-e-type=\"widget\" data-widget_type=\"heading.default\">\n\t\t\t\t\t<h2 class=\"elementor-heading-title elementor-size-default\">Bateria Tiger <font color=\"white\">Construtor de baterias<\/font> <\/h2>\t\t\t\t<\/div>\n\t\t\t\t<div class=\"elementor-element elementor-element-2deefb8 elementor-widget elementor-widget-image\" data-id=\"2deefb8\" data-element_type=\"widget\" data-e-type=\"widget\" data-widget_type=\"image.default\">\n\t\t\t\t\t\t\t\t\t\t\t\t\t\t\t<img decoding=\"async\" src=\"https:\/\/tigerbattery.net\/wp-content\/uploads\/elementor\/thumbs\/battery-builder-explainer-image-r9semum3jlqwgmb467fi3g5cicnuod0u4r08dgg0zs.jpg\" title=\"imagem explicativa do battery builder\" alt=\"battery builder explainer image\" loading=\"lazy\" \/>\t\t\t\t\t\t\t\t\t\t\t\t\t\t\t<\/div>\n\t\t\t\t<div class=\"elementor-element elementor-element-f05f322 elementor-widget__width-initial elementor-button-align-stretch elementor-widget elementor-widget-form\" data-id=\"f05f322\" data-element_type=\"widget\" data-e-type=\"widget\" id=\"Battery_Builder\" data-settings=\"{&quot;step_next_label&quot;:&quot;Next&quot;,&quot;step_previous_label&quot;:&quot;Previous&quot;,&quot;button_width&quot;:&quot;100&quot;,&quot;step_type&quot;:&quot;number_text&quot;,&quot;step_icon_shape&quot;:&quot;circle&quot;}\" data-widget_type=\"form.default\">\n\t\t\t\t\t\t\t<form class=\"elementor-form\" method=\"post\" id=\"Battery_Builder\" name=\"Battery_Builder\" aria-label=\"Battery_Builder\" action=\"\">\n\t\t\t<input type=\"hidden\" name=\"post_id\" value=\"7664\"\/>\n\t\t\t<input type=\"hidden\" name=\"form_id\" value=\"f05f322\"\/>\n\t\t\t<input type=\"hidden\" name=\"referer_title\" value=\"Battery Builder\" \/>\n\n\t\t\t\t\t\t\t<input type=\"hidden\" name=\"queried_id\" value=\"7664\"\/>\n\t\t\t\n\t\t\t<div class=\"elementor-form-fields-wrapper elementor-labels-above\">\n\t\t\t\t\t\t\t\t<div class=\"elementor-field-type-select elementor-field-group elementor-column elementor-field-group-field_2d2b2f1 elementor-col-100 elementor-field-required elementor-mark-required\">\n\t\t\t\t\t\t\t\t\t\t\t\t<label for=\"form-field-field_2d2b2f1\" class=\"elementor-field-label\">\n\t\t\t\t\t\t\t\tQu\u00edmica\t\t\t\t\t\t\t<\/label>\n\t\t\t\t\t\t\t\t<div class=\"elementor-field elementor-select-wrapper remove-before\">\n\t\t\t<div class=\"select-caret-down-wrapper\">\n\t\t\t\t<svg aria-hidden=\"true\" class=\"e-font-icon-svg e-eicon-caret-down\" viewbox=\"0 0 571.4 571.4\" xmlns=\"http:\/\/www.w3.org\/2000\/svg\"><path d=\"M571 393Q571 407 561 418L311 668Q300 679 286 679T261 668L11 418Q0 407 0 393T11 368 36 357H536Q550 357 561 368T571 393Z\"><\/path><\/svg>\t\t\t<\/div>\n\t\t\t<select name=\"form_fields[field_2d2b2f1]\" id=\"form-field-field_2d2b2f1\" class=\"elementor-field-textual elementor-size-md\" required=\"required\">\n\t\t\t\t\t\t\t\t\t<option value=\"Alkaline\">Alcalino<\/option>\n\t\t\t\t\t\t\t\t\t<option value=\"Lead-Acid\">Chumbo-\u00e1cido<\/option>\n\t\t\t\t\t\t\t\t\t<option value=\"Lithium Cobalt Oxide\">\u00d3xido de l\u00edtio e cobalto<\/option>\n\t\t\t\t\t\t\t\t\t<option value=\"Lithium Iron Phosphate\">Fosfato de ferro e l\u00edtio<\/option>\n\t\t\t\t\t\t\t\t\t<option value=\"Lithium Nickel Cobalt Aluminum Oxide\">\u00d3xido de l\u00edtio-n\u00edquel-cobalto-alum\u00ednio<\/option>\n\t\t\t\t\t\t\t\t\t<option value=\"Lithium Nickel Manganese Cobalt Oxide\">\u00d3xido de l\u00edtio, n\u00edquel, mangan\u00eas e cobalto<\/option>\n\t\t\t\t\t\t\t\t\t<option value=\"Lithium Polymer\">Pol\u00edmero de l\u00edtio<\/option>\n\t\t\t\t\t\t\t\t\t<option value=\"Lithium Titanate\">Titanato de l\u00edtio<\/option>\n\t\t\t\t\t\t\t\t\t<option value=\"Nickel Cadmium\">N\u00edquel C\u00e1dmio<\/option>\n\t\t\t\t\t\t\t\t\t<option value=\"Nickel Metal Hydride\">Hidreto met\u00e1lico de n\u00edquel<\/option>\n\t\t\t\t\t\t\t\t\t<option value=\"Nickel Zinc\">N\u00edquel Zinco<\/option>\n\t\t\t\t\t\t\t\t\t<option value=\"Silver Oxide\">\u00d3xido de prata<\/option>\n\t\t\t\t\t\t\t\t\t<option value=\"Sodium Sulfur\">Enxofre S\u00f3dico<\/option>\n\t\t\t\t\t\t\t\t\t<option value=\"Zinc-Air\">Zinco-ar<\/option>\n\t\t\t\t\t\t\t\t\t<option value=\"Zinc-Carbon\">Zinco-Carbono<\/option>\n\t\t\t\t\t\t\t<\/select>\n\t\t<\/div>\n\t\t\t\t\t\t<\/div>\n\t\t\t\t\t\t\t\t<div class=\"elementor-field-type-select elementor-field-group elementor-column elementor-field-group-field_51aa1a6 elementor-col-100 elementor-field-required elementor-mark-required\">\n\t\t\t\t\t\t\t\t\t\t\t\t<label for=\"form-field-field_51aa1a6\" class=\"elementor-field-label\">\n\t\t\t\t\t\t\t\tVolts\t\t\t\t\t\t\t<\/label>\n\t\t\t\t\t\t\t\t<div class=\"elementor-field elementor-select-wrapper remove-before\">\n\t\t\t<div class=\"select-caret-down-wrapper\">\n\t\t\t\t<svg aria-hidden=\"true\" class=\"e-font-icon-svg e-eicon-caret-down\" viewbox=\"0 0 571.4 571.4\" xmlns=\"http:\/\/www.w3.org\/2000\/svg\"><path d=\"M571 393Q571 407 561 418L311 668Q300 679 286 679T261 668L11 418Q0 407 0 393T11 368 36 357H536Q550 357 561 368T571 393Z\"><\/path><\/svg>\t\t\t<\/div>\n\t\t\t<select name=\"form_fields[field_51aa1a6]\" id=\"form-field-field_51aa1a6\" class=\"elementor-field-textual elementor-size-md\" required=\"required\">\n\t\t\t\t\t\t\t\t\t<option value=\"1.2V\">1.2V<\/option>\n\t\t\t\t\t\t\t\t\t<option value=\"1.5V\">1.5V<\/option>\n\t\t\t\t\t\t\t\t\t<option value=\"1.8V\">1.8V<\/option>\n\t\t\t\t\t\t\t\t\t<option value=\"2.0V\">2.0V<\/option>\n\t\t\t\t\t\t\t\t\t<option value=\"2.4V\">2.4V<\/option>\n\t\t\t\t\t\t\t\t\t<option value=\"3.0V\">3.0V<\/option>\n\t\t\t\t\t\t\t\t\t<option value=\"3.2V\">3.2V<\/option>\n\t\t\t\t\t\t\t\t\t<option value=\"3.6V\">3.6V<\/option>\n\t\t\t\t\t\t\t\t\t<option value=\"3.7V\">3.7V<\/option>\n\t\t\t\t\t\t\t\t\t<option value=\"3.8V\">3.8V<\/option>\n\t\t\t\t\t\t\t\t\t<option value=\"3.85V\">3.85V<\/option>\n\t\t\t\t\t\t\t\t\t<option value=\"4.0V\">4.0V<\/option>\n\t\t\t\t\t\t\t\t\t<option value=\"4.2V\">4.2V<\/option>\n\t\t\t\t\t\t\t\t\t<option value=\"4.35V\">4.35V<\/option>\n\t\t\t\t\t\t\t\t\t<option value=\"6.0V\">6.0V<\/option>\n\t\t\t\t\t\t\t\t\t<option value=\"7.2V\">7.2V<\/option>\n\t\t\t\t\t\t\t\t\t<option value=\"7.4V\">7.4V<\/option>\n\t\t\t\t\t\t\t\t\t<option value=\"8.4V\">8.4V<\/option>\n\t\t\t\t\t\t\t\t\t<option value=\"9.0V\">9.0V<\/option>\n\t\t\t\t\t\t\t\t\t<option value=\"10.8V\">10.8V<\/option>\n\t\t\t\t\t\t\t\t\t<option value=\"11.1V\">11.1V<\/option>\n\t\t\t\t\t\t\t\t\t<option value=\"12.0V\">12.0V<\/option>\n\t\t\t\t\t\t\t\t\t<option value=\"12.6V\">12.6V<\/option>\n\t\t\t\t\t\t\t\t\t<option value=\"12.8V\">12.8V<\/option>\n\t\t\t\t\t\t\t\t\t<option value=\"13.2V\">13.2V<\/option>\n\t\t\t\t\t\t\t\t\t<option value=\"14.4V\">14.4V<\/option>\n\t\t\t\t\t\t\t\t\t<option value=\"14.8V\">14.8V<\/option>\n\t\t\t\t\t\t\t\t\t<option value=\"15.2V\">15.2V<\/option>\n\t\t\t\t\t\t\t\t\t<option value=\"16.8V\">16.8V<\/option>\n\t\t\t\t\t\t\t\t\t<option value=\"18.0V\">18.0V<\/option>\n\t\t\t\t\t\t\t\t\t<option value=\"18.5V\">18.5V<\/option>\n\t\t\t\t\t\t\t\t\t<option value=\"19.2V\">19.2V<\/option>\n\t\t\t\t\t\t\t\t\t<option value=\"21.6V\">21.6V<\/option>\n\t\t\t\t\t\t\t\t\t<option value=\"22.2V\">22.2V<\/option>\n\t\t\t\t\t\t\t\t\t<option value=\"24.0V\">24.0V<\/option>\n\t\t\t\t\t\t\t\t\t<option value=\"25.2V\">25.2V<\/option>\n\t\t\t\t\t\t\t\t\t<option value=\"25.6V\">25.6V<\/option>\n\t\t\t\t\t\t\t\t\t<option value=\"28.8V\">28.8V<\/option>\n\t\t\t\t\t\t\t\t\t<option value=\"29.4V\">29.4V<\/option>\n\t\t\t\t\t\t\t\t\t<option value=\"33.3V\">33.3V<\/option>\n\t\t\t\t\t\t\t\t\t<option value=\"36.0V\">36.0V<\/option>\n\t\t\t\t\t\t\t\t\t<option value=\"37.0V\">37.0V<\/option>\n\t\t\t\t\t\t\t\t\t<option value=\"42.0V\">42.0V<\/option>\n\t\t\t\t\t\t\t\t\t<option value=\"48.0V\">48.0V<\/option>\n\t\t\t\t\t\t\t\t\t<option value=\"54.6V\">54.6V<\/option>\n\t\t\t\t\t\t\t\t\t<option value=\"60.0V\">60.0V<\/option>\n\t\t\t\t\t\t\t\t\t<option value=\"72.0V\">72.0V<\/option>\n\t\t\t\t\t\t\t\t\t<option value=\"96.0V\">96.0V<\/option>\n\t\t\t\t\t\t\t\t\t<option value=\"120.0V\">120.0V<\/option>\n\t\t\t\t\t\t\t\t\t<option value=\"240.0V\">240.0V<\/option>\n\t\t\t\t\t\t\t\t\t<option value=\"\"><\/option>\n\t\t\t\t\t\t\t<\/select>\n\t\t<\/div>\n\t\t\t\t\t\t<\/div>\n\t\t\t\t\t\t\t\t<div class=\"elementor-field-type-select elementor-field-group elementor-column elementor-field-group-field_5ae05c3 elementor-col-100\">\n\t\t\t\t\t\t\t\t\t\t\t\t<label for=\"form-field-field_5ae05c3\" class=\"elementor-field-label\">\n\t\t\t\t\t\t\t\tCapacidade\t\t\t\t\t\t\t<\/label>\n\t\t\t\t\t\t\t\t<div class=\"elementor-field elementor-select-wrapper remove-before\">\n\t\t\t<div class=\"select-caret-down-wrapper\">\n\t\t\t\t<svg aria-hidden=\"true\" class=\"e-font-icon-svg e-eicon-caret-down\" viewbox=\"0 0 571.4 571.4\" xmlns=\"http:\/\/www.w3.org\/2000\/svg\"><path d=\"M571 393Q571 407 561 418L311 668Q300 679 286 679T261 668L11 418Q0 407 0 393T11 368 36 357H536Q550 357 561 368T571 393Z\"><\/path><\/svg>\t\t\t<\/div>\n\t\t\t<select name=\"form_fields[field_5ae05c3]\" id=\"form-field-field_5ae05c3\" class=\"elementor-field-textual elementor-size-md\">\n\t\t\t\t\t\t\t\t\t<option value=\"0.01Ah\">0,01Ah<\/option>\n\t\t\t\t\t\t\t\t\t<option value=\"0.02Ah\">0,02Ah<\/option>\n\t\t\t\t\t\t\t\t\t<option value=\"0.05Ah\">0,05Ah<\/option>\n\t\t\t\t\t\t\t\t\t<option value=\"0.1Ah\">0,1Ah<\/option>\n\t\t\t\t\t\t\t\t\t<option value=\"0.15Ah\">0,15Ah<\/option>\n\t\t\t\t\t\t\t\t\t<option value=\"0.2Ah\">0,2Ah<\/option>\n\t\t\t\t\t\t\t\t\t<option value=\"0.3Ah\">0,3Ah<\/option>\n\t\t\t\t\t\t\t\t\t<option value=\"0.5Ah\">0,5Ah<\/option>\n\t\t\t\t\t\t\t\t\t<option value=\"0.6Ah\">0,6Ah<\/option>\n\t\t\t\t\t\t\t\t\t<option value=\"0.7Ah\">0,7Ah<\/option>\n\t\t\t\t\t\t\t\t\t<option value=\"0.8Ah\">0,8Ah<\/option>\n\t\t\t\t\t\t\t\t\t<option value=\"1Ah\">1Ah<\/option>\n\t\t\t\t\t\t\t\t\t<option value=\"1Ah\">1Ah<\/option>\n\t\t\t\t\t\t\t\t\t<option value=\"1.2Ah\">1,2Ah<\/option>\n\t\t\t\t\t\t\t\t\t<option value=\"1.5Ah\">1,5Ah<\/option>\n\t\t\t\t\t\t\t\t\t<option value=\"1.8Ah\">1,8Ah<\/option>\n\t\t\t\t\t\t\t\t\t<option value=\"2Ah\">2Ah<\/option>\n\t\t\t\t\t\t\t\t\t<option value=\"2.2Ah\">2,2Ah<\/option>\n\t\t\t\t\t\t\t\t\t<option value=\"2.3Ah\">2,3Ah<\/option>\n\t\t\t\t\t\t\t\t\t<option value=\"2.5Ah\">2,5Ah<\/option>\n\t\t\t\t\t\t\t\t\t<option value=\"2.6Ah\">2,6Ah<\/option>\n\t\t\t\t\t\t\t\t\t<option value=\"3Ah\">3Ah<\/option>\n\t\t\t\t\t\t\t\t\t<option value=\"3.5Ah\">3,5Ah<\/option>\n\t\t\t\t\t\t\t\t\t<option value=\"4Ah\">4Ah<\/option>\n\t\t\t\t\t\t\t\t\t<option value=\"5Ah\">5Ah<\/option>\n\t\t\t\t\t\t\t\t\t<option value=\"6Ah\">6Ah<\/option>\n\t\t\t\t\t\t\t\t\t<option value=\"8Ah\">8Ah<\/option>\n\t\t\t\t\t\t\t\t\t<option value=\"10Ah\">10Ah<\/option>\n\t\t\t\t\t\t\t\t\t<option value=\"12Ah\">12Ah<\/option>\n\t\t\t\t\t\t\t\t\t<option value=\"15Ah\">15Ah<\/option>\n\t\t\t\t\t\t\t\t\t<option value=\"18Ah\">18Ah<\/option>\n\t\t\t\t\t\t\t\t\t<option value=\"20Ah\">20Ah<\/option>\n\t\t\t\t\t\t\t\t\t<option value=\"30Ah\">30Ah<\/option>\n\t\t\t\t\t\t\t\t\t<option value=\"40Ah\">40Ah<\/option>\n\t\t\t\t\t\t\t\t\t<option value=\"50Ah\">50Ah<\/option>\n\t\t\t\t\t\t\t\t\t<option value=\"60Ah\">60Ah<\/option>\n\t\t\t\t\t\t\t\t\t<option value=\"75Ah\">75Ah<\/option>\n\t\t\t\t\t\t\t\t\t<option value=\"80Ah\">80Ah<\/option>\n\t\t\t\t\t\t\t\t\t<option value=\"100Ah\">100Ah<\/option>\n\t\t\t\t\t\t\t\t\t<option value=\"120Ah\">120Ah<\/option>\n\t\t\t\t\t\t\t\t\t<option value=\"150Ah\">150Ah<\/option>\n\t\t\t\t\t\t\t\t\t<option value=\"200Ah\">200Ah<\/option>\n\t\t\t\t\t\t\t\t\t<option value=\"300Ah\">300Ah<\/option>\n\t\t\t\t\t\t\t\t\t<option value=\"500Ah\">500Ah<\/option>\n\t\t\t\t\t\t\t\t\t<option value=\"600Ah\">600Ah<\/option>\n\t\t\t\t\t\t\t\t\t<option value=\"700Ah\">700Ah<\/option>\n\t\t\t\t\t\t\t\t\t<option value=\"800Ah\">800Ah<\/option>\n\t\t\t\t\t\t\t\t\t<option value=\"900Ah\">900Ah<\/option>\n\t\t\t\t\t\t\t\t\t<option value=\"1000Ah\">1000Ah<\/option>\n\t\t\t\t\t\t\t\t\t<option value=\"1500Ah\">1500Ah<\/option>\n\t\t\t\t\t\t\t\t\t<option value=\"2500Ah\">2500Ah<\/option>\n\t\t\t\t\t\t\t\t\t<option value=\"Other\">Outros<\/option>\n\t\t\t\t\t\t\t<\/select>\n\t\t<\/div>\n\t\t\t\t\t\t<\/div>\n\t\t\t\t\t\t\t\t<div class=\"elementor-field-type-select elementor-field-group elementor-column elementor-field-group-field_c904287 elementor-col-100 elementor-field-required elementor-mark-required\">\n\t\t\t\t\t\t\t\t\t\t\t\t<label for=\"form-field-field_c904287\" class=\"elementor-field-label\">\n\t\t\t\t\t\t\t\tTerminais\t\t\t\t\t\t\t<\/label>\n\t\t\t\t\t\t\t\t<div class=\"elementor-field elementor-select-wrapper remove-before\">\n\t\t\t<div class=\"select-caret-down-wrapper\">\n\t\t\t\t<svg aria-hidden=\"true\" class=\"e-font-icon-svg e-eicon-caret-down\" viewbox=\"0 0 571.4 571.4\" xmlns=\"http:\/\/www.w3.org\/2000\/svg\"><path d=\"M571 393Q571 407 561 418L311 668Q300 679 286 679T261 668L11 418Q0 407 0 393T11 368 36 357H536Q550 357 561 368T571 393Z\"><\/path><\/svg>\t\t\t<\/div>\n\t\t\t<select name=\"form_fields[field_c904287]\" id=\"form-field-field_c904287\" class=\"elementor-field-textual elementor-size-md\" required=\"required\">\n\t\t\t\t\t\t\t\t\t<option value=\"Anderson\">Anderson<\/option>\n\t\t\t\t\t\t\t\t\t<option value=\"Automotive Post\">Posto automotivo<\/option>\n\t\t\t\t\t\t\t\t\t<option value=\"Bolt Post\">Correio de parafuso<\/option>\n\t\t\t\t\t\t\t\t\t<option value=\"Boss Post\">Posto do chefe<\/option>\n\t\t\t\t\t\t\t\t\t<option value=\"Button Top\">Blusa de bot\u00f5es<\/option>\n\t\t\t\t\t\t\t\t\t<option value=\"Coin Top\">Coin Top<\/option>\n\t\t\t\t\t\t\t\t\t<option value=\"DIN Post\">DIN Post<\/option>\n\t\t\t\t\t\t\t\t\t<option value=\"Eyelet\">Ilh\u00f3s<\/option>\n\t\t\t\t\t\t\t\t\t<option value=\"F1\">F1<\/option>\n\t\t\t\t\t\t\t\t\t<option value=\"F2\">F2<\/option>\n\t\t\t\t\t\t\t\t\t<option value=\"Faston Tab Large\">Guia Faston Grande<\/option>\n\t\t\t\t\t\t\t\t\t<option value=\"Faston Tab Medium\">Guia Faston M\u00e9dio<\/option>\n\t\t\t\t\t\t\t\t\t<option value=\"Faston Tab Small\">Faston Tab Pequeno<\/option>\n\t\t\t\t\t\t\t\t\t<option value=\"Flag\">Bandeira<\/option>\n\t\t\t\t\t\t\t\t\t<option value=\"Flat Blade\">L\u00e2mina plana<\/option>\n\t\t\t\t\t\t\t\t\t<option value=\"Fork\">Garfo<\/option>\n\t\t\t\t\t\t\t\t\t<option value=\"Hook\">Gancho<\/option>\n\t\t\t\t\t\t\t\t\t<option value=\"JIS Post\">Correio JIS<\/option>\n\t\t\t\t\t\t\t\t\t<option value=\"L Post\">L Post<\/option>\n\t\t\t\t\t\t\t\t\t<option value=\"Offset Quick Connect\">Conex\u00e3o r\u00e1pida deslocada<\/option>\n\t\t\t\t\t\t\t\t\t<option value=\"Pin\">Pin<\/option>\n\t\t\t\t\t\t\t\t\t<option value=\"Push-On Tab\">Aba de press\u00e3o<\/option>\n\t\t\t\t\t\t\t\t\t<option value=\"Quick Connect Tab\">Guia de conex\u00e3o r\u00e1pida<\/option>\n\t\t\t\t\t\t\t\t\t<option value=\"Ring\">Anel<\/option>\n\t\t\t\t\t\t\t\t\t<option value=\"Screw Post\">Poste de parafuso<\/option>\n\t\t\t\t\t\t\t\t\t<option value=\"Side Post\">Postagem lateral<\/option>\n\t\t\t\t\t\t\t\t\t<option value=\"Snap-On Tab\">Aba de encaixe<\/option>\n\t\t\t\t\t\t\t\t\t<option value=\"Spade\">Spade<\/option>\n\t\t\t\t\t\t\t\t\t<option value=\"Stake\">Estaca<\/option>\n\t\t\t\t\t\t\t\t\t<option value=\"Stud Post\">Posto do Stud<\/option>\n\t\t\t\t\t\t\t\t\t<option value=\"T Post\">T Post<\/option>\n\t\t\t\t\t\t\t\t\t<option value=\"T1\">T1<\/option>\n\t\t\t\t\t\t\t\t\t<option value=\"T2\">T2<\/option>\n\t\t\t\t\t\t\t\t\t<option value=\"U Post\">U Post<\/option>\n\t\t\t\t\t\t\t\t\t<option value=\"Wing Nut Stud\">Pino da porca borboleta<\/option>\n\t\t\t\t\t\t\t\t\t<option value=\"Z1\">Z1<\/option>\n\t\t\t\t\t\t\t\t\t<option value=\"Z2\">Z2<\/option>\n\t\t\t\t\t\t\t\t\t<option value=\"Z3\">Z3<\/option>\n\t\t\t\t\t\t\t\t\t<option value=\"Other\">Outros<\/option>\n\t\t\t\t\t\t\t\t\t<option value=\"\"><\/option>\n\t\t\t\t\t\t\t<\/select>\n\t\t<\/div>\n\t\t\t\t\t\t<\/div>\n\t\t\t\t\t\t\t\t<div class=\"elementor-field-type-select elementor-field-group elementor-column elementor-field-group-field_ec230c0 elementor-col-100 elementor-field-required elementor-mark-required\">\n\t\t\t\t\t\t\t\t\t\t\t\t<label for=\"form-field-field_ec230c0\" class=\"elementor-field-label\">\n\t\t\t\t\t\t\t\tQuantidade\t\t\t\t\t\t\t<\/label>\n\t\t\t\t\t\t\t\t<div class=\"elementor-field elementor-select-wrapper remove-before\">\n\t\t\t<div class=\"select-caret-down-wrapper\">\n\t\t\t\t<svg aria-hidden=\"true\" class=\"e-font-icon-svg e-eicon-caret-down\" viewbox=\"0 0 571.4 571.4\" xmlns=\"http:\/\/www.w3.org\/2000\/svg\"><path d=\"M571 393Q571 407 561 418L311 668Q300 679 286 679T261 668L11 418Q0 407 0 393T11 368 36 357H536Q550 357 561 368T571 393Z\"><\/path><\/svg>\t\t\t<\/div>\n\t\t\t<select name=\"form_fields[field_ec230c0]\" id=\"form-field-field_ec230c0\" class=\"elementor-field-textual elementor-size-md\" required=\"required\">\n\t\t\t\t\t\t\t\t\t<option value=\"100\">100<\/option>\n\t\t\t\t\t\t\t\t\t<option value=\"500\">500<\/option>\n\t\t\t\t\t\t\t\t\t<option value=\"1000\">1000<\/option>\n\t\t\t\t\t\t\t\t\t<option value=\"1500\">1500<\/option>\n\t\t\t\t\t\t\t\t\t<option value=\"2500\">2500<\/option>\n\t\t\t\t\t\t\t\t\t<option value=\"5000\">5000<\/option>\n\t\t\t\t\t\t\t\t\t<option value=\"8500\">8500<\/option>\n\t\t\t\t\t\t\t\t\t<option value=\"9999+\">9999+<\/option>\n\t\t\t\t\t\t\t<\/select>\n\t\t<\/div>\n\t\t\t\t\t\t<\/div>\n\t\t\t\t\t\t\t\t<div class=\"elementor-field-type-email elementor-field-group elementor-column elementor-field-group-field_3142797 elementor-col-100 elementor-field-required elementor-mark-required\">\n\t\t\t\t\t\t\t\t\t\t\t\t<label for=\"form-field-field_3142797\" class=\"elementor-field-label\">\n\t\t\t\t\t\t\t\tE-mail\t\t\t\t\t\t\t<\/label>\n\t\t\t\t\t\t\t\t\t\t\t\t\t\t<input size=\"1\" type=\"email\" name=\"form_fields[field_3142797]\" id=\"form-field-field_3142797\" class=\"elementor-field elementor-size-md  elementor-field-textual\" required=\"required\">\n\t\t\t\t\t\t\t\t\t\t\t<\/div>\n\t\t\t\t\t\t\t\t<div class=\"elementor-field-group elementor-column elementor-field-type-submit elementor-col-100 e-form__buttons\">\n\t\t\t\t\t<button class=\"elementor-button elementor-size-sm\" type=\"submit\">\n\t\t\t\t\t\t<span class=\"elementor-button-content-wrapper\">\n\t\t\t\t\t\t\t\t\t\t\t\t\t\t\t\t\t\t\t\t\t\t<span class=\"elementor-button-text\">Enviar<\/span>\n\t\t\t\t\t\t\t\t\t\t\t\t\t<\/span>\n\t\t\t\t\t<\/button>\n\t\t\t\t<\/div>\n\t\t\t<\/div>\n\t\t<input type=\"hidden\" name=\"trp-form-language\" value=\"pt\"\/><\/form>\n\t\t\t\t\t\t<\/div>\n\t\t\t\t<div class=\"elementor-element elementor-element-9557286 elementor-widget__width-initial elementor-widget elementor-widget-text-editor\" data-id=\"9557286\" data-element_type=\"widget\" data-e-type=\"widget\" data-widget_type=\"text-editor.default\">\n\t\t\t\t\t\t\t\t\t<p><strong><span style=\"color: #000000;\">Sua f\u00e1brica pessoal de baterias!<\/span><\/strong><br \/><span style=\"color: #000000;\">Com <a href=\"https:\/\/tigerbattery.net\/pt\/battery-builder\/\" target=\"_blank\">Construtor de baterias<\/a>Voc\u00ea obt\u00e9m acesso instant\u00e2neo \u00e0 sua pr\u00f3pria f\u00e1brica de baterias. Basta selecionar a qu\u00edmica, a tens\u00e3o, a capacidade, o tipo de terminal e a quantidade e, em seguida, clicar em Submit. Isso \u00e9 tudo o que \u00e9 preciso para transformar suas especifica\u00e7\u00f5es em um pedido de bateria personalizada.<\/span><\/p><p><span style=\"color: #000000;\"><strong>Revis\u00e3o especializada e maquete<\/strong><\/span><br \/><span style=\"color: #000000;\">Assim que sua solicita\u00e7\u00e3o chega ao nosso sistema, um de nossos experientes engenheiros de vendas de baterias assume o controle. Eles analisar\u00e3o seus requisitos, criar\u00e3o um modelo detalhado e garantir\u00e3o que todas as conex\u00f5es, c\u00e9lulas e especifica\u00e7\u00f5es correspondam exatamente ao que voc\u00ea precisa.<\/span><\/p><p><strong><span style=\"color: #000000;\">Receba sua cota\u00e7\u00e3o<\/span><\/strong><br \/><span style=\"color: #000000;\">Em instantes, voc\u00ea receber\u00e1 uma cota\u00e7\u00e3o personalizada descrevendo o custo, o prazo de entrega e todas as op\u00e7\u00f5es adicionais. N\u00e3o h\u00e1 mais compromissos de prateleira - apenas solu\u00e7\u00f5es de energia sob medida, criadas para sua aplica\u00e7\u00e3o exata.<\/span><\/p><p><strong><span style=\"color: #000000;\">R\u00e1pido, simples e confi\u00e1vel<\/span><\/strong><br \/><span style=\"color: #000000;\">Do prot\u00f3tipo \u00e0 produ\u00e7\u00e3o, <a href=\"https:\/\/tigerbattery.net\/pt\/battery-builder\/\" target=\"_blank\">Construtor de baterias<\/a> simplifica todo o processo. Obtenha o desempenho que voc\u00ea exige sem a necessidade de adivinha\u00e7\u00e3o - sua bateria personalizada come\u00e7a aqui.<\/span><\/p>\t\t\t\t\t\t\t\t<\/div>\n\t\t\t\t\t<\/div>\n\t\t\t\t<\/div>\n\t\t\t\t<\/div>","protected":false},"excerpt":{"rendered":"<p>Tiger Battery Battery Builder Your Personal Battery Factory!With Battery Builder, you get instant access to your very own battery factory. Simply select your chemistry, voltage, capacity, terminal type, and quantity, then click Submit. That\u2019s all it takes to turn your specifications into a custom battery order. Expert Review &amp; MockupAs soon as your request hits [&hellip;]<\/p>","protected":false},"author":1,"featured_media":0,"parent":0,"menu_order":0,"comment_status":"closed","ping_status":"closed","template":"","meta":{"_acf_changed":false,"footnotes":""},"class_list":["post-7664","page","type-page","status-publish","hentry"],"acf":[],"_links":{"self":[{"href":"https:\/\/tigerbattery.net\/pt\/wp-json\/wp\/v2\/pages\/7664","targetHints":{"allow":["GET"]}}],"collection":[{"href":"https:\/\/tigerbattery.net\/pt\/wp-json\/wp\/v2\/pages"}],"about":[{"href":"https:\/\/tigerbattery.net\/pt\/wp-json\/wp\/v2\/types\/page"}],"author":[{"embeddable":true,"href":"https:\/\/tigerbattery.net\/pt\/wp-json\/wp\/v2\/users\/1"}],"replies":[{"embeddable":true,"href":"https:\/\/tigerbattery.net\/pt\/wp-json\/wp\/v2\/comments?post=7664"}],"version-history":[{"count":130,"href":"https:\/\/tigerbattery.net\/pt\/wp-json\/wp\/v2\/pages\/7664\/revisions"}],"predecessor-version":[{"id":7870,"href":"https:\/\/tigerbattery.net\/pt\/wp-json\/wp\/v2\/pages\/7664\/revisions\/7870"}],"wp:attachment":[{"href":"https:\/\/tigerbattery.net\/pt\/wp-json\/wp\/v2\/media?parent=7664"}],"curies":[{"name":"wp","href":"https:\/\/api.w.org\/{rel}","templated":true}]}}