{"id":4266,"date":"2024-12-10T08:30:50","date_gmt":"2024-12-10T08:30:50","guid":{"rendered":"https:\/\/tigerbattery.net\/?post_type=product&#038;p=4266"},"modified":"2024-12-16T21:02:42","modified_gmt":"2024-12-16T21:02:42","slug":"tiger-tbr12-80-12v-80ah-front-terminal-agm-battery","status":"publish","type":"product","link":"https:\/\/tigerbattery.net\/fr\/produit\/tiger-tbr12-80-12v-80ah-front-terminal-agm-battery\/","title":{"rendered":"TIGER TBR12-80 12V 80Ah Front Terminal AGM Battery"},"content":{"rendered":"<p>Le mod\u00e8le TBR12-80 de Tiger Battery est une batterie AGM ultra-premium de 12 volts \u00e0 bornes avant, d'une capacit\u00e9 de 80 amp\u00e8res-heures (10HR), principalement utilis\u00e9e pour les syst\u00e8mes de secours UPS\/EPS, les t\u00e9l\u00e9communications, les r\u00e9seaux de communication et d'autres applications suppl\u00e9mentaires. Cette batterie est disponible avec des configurations \u00e0 bornes T3.<\/p>","protected":false},"excerpt":{"rendered":"<p>Le mod\u00e8le TBR12-80 de Tiger Battery est une batterie AGM ultra-premium de 12 volts \u00e0 bornes avant, d'une capacit\u00e9 de 80 amp\u00e8res-heures (10HR), principalement utilis\u00e9e pour les syst\u00e8mes de secours UPS\/EPS, les t\u00e9l\u00e9communications, les r\u00e9seaux de communication et d'autres applications suppl\u00e9mentaires. Cette batterie est disponible avec des configurations \u00e0 bornes T3.<\/p>","protected":false},"featured_media":2994,"comment_status":"open","ping_status":"closed","template":"","meta":{"_acf_changed":false},"product_brand":[],"product_cat":[62,28,56,53],"product_tag":[],"class_list":{"0":"post-4266","1":"product","2":"type-product","3":"status-publish","4":"has-post-thumbnail","6":"product_cat-communication-networks","7":"product_cat-sealed-lead-acid","8":"product_cat-telecom","9":"product_cat-ups-eps-backup","11":"first","12":"instock","13":"sale","14":"shipping-taxable","15":"purchasable","16":"product-type-simple"},"acf":[],"wcpa_form_fields":null,"_links":{"self":[{"href":"https:\/\/tigerbattery.net\/fr\/wp-json\/wp\/v2\/product\/4266","targetHints":{"allow":["GET"]}}],"collection":[{"href":"https:\/\/tigerbattery.net\/fr\/wp-json\/wp\/v2\/product"}],"about":[{"href":"https:\/\/tigerbattery.net\/fr\/wp-json\/wp\/v2\/types\/product"}],"replies":[{"embeddable":true,"href":"https:\/\/tigerbattery.net\/fr\/wp-json\/wp\/v2\/comments?post=4266"}],"wp:featuredmedia":[{"embeddable":true,"href":"https:\/\/tigerbattery.net\/fr\/wp-json\/wp\/v2\/media\/2994"}],"wp:attachment":[{"href":"https:\/\/tigerbattery.net\/fr\/wp-json\/wp\/v2\/media?parent=4266"}],"wp:term":[{"taxonomy":"product_brand","embeddable":true,"href":"https:\/\/tigerbattery.net\/fr\/wp-json\/wp\/v2\/product_brand?post=4266"},{"taxonomy":"product_cat","embeddable":true,"href":"https:\/\/tigerbattery.net\/fr\/wp-json\/wp\/v2\/product_cat?post=4266"},{"taxonomy":"product_tag","embeddable":true,"href":"https:\/\/tigerbattery.net\/fr\/wp-json\/wp\/v2\/product_tag?post=4266"}],"curies":[{"name":"wp","href":"https:\/\/api.w.org\/{rel}","templated":true}]}}