{"id":4165,"date":"2024-12-10T08:29:58","date_gmt":"2024-12-10T08:29:58","guid":{"rendered":"https:\/\/tigerbattery.net\/?post_type=product&#038;p=4165"},"modified":"2024-12-16T21:02:25","modified_gmt":"2024-12-16T21:02:25","slug":"tiger-tbg12-100aq-12v-100ah-reserve-power-gel-battery","status":"publish","type":"product","link":"https:\/\/tigerbattery.net\/fr\/produit\/tiger-tbg12-100aq-12v-100ah-reserve-power-gel-battery\/","title":{"rendered":"TIGER TBG12-100AQ 12V 100Ah Reserve Power Gel Battery"},"content":{"rendered":"<p>Le mod\u00e8le TBG12-100AQ de Tiger Battery est un gel d'alimentation de r\u00e9serve ultra-premium de 12 volts et 100 amp\u00e8res-heures (10HR Rating) principalement utilis\u00e9 pour les applications solaires, CATV, marines, VR, UPS \u00e0 d\u00e9charge profonde, r\u00e9seaux de communication, t\u00e9l\u00e9coms et autres applications additionnelles. Cette batterie est disponible avec des configurations temporelles L12.<\/p>","protected":false},"excerpt":{"rendered":"<p>Le mod\u00e8le TBG12-100AQ de Tiger Battery est un gel d'alimentation de r\u00e9serve ultra-premium de 12 volts et 100 amp\u00e8res-heures (10HR Rating) principalement utilis\u00e9 pour les applications solaires, CATV, marines, VR, UPS \u00e0 d\u00e9charge profonde, r\u00e9seaux de communication, t\u00e9l\u00e9coms et autres applications additionnelles. Cette batterie est disponible avec des configurations temporelles L12.<\/p>","protected":false},"featured_media":3096,"comment_status":"open","ping_status":"closed","template":"","meta":{"_acf_changed":false},"product_brand":[],"product_cat":[62,61,32,60,33,56],"product_tag":[],"class_list":{"0":"post-4165","1":"product","2":"type-product","3":"status-publish","4":"has-post-thumbnail","6":"product_cat-communication-networks","7":"product_cat-deep-discharge-ups","8":"product_cat-marine","9":"product_cat-rv","10":"product_cat-solar","11":"product_cat-telecom","13":"first","14":"instock","15":"sale","16":"shipping-taxable","17":"purchasable","18":"product-type-simple"},"acf":[],"wcpa_form_fields":null,"_links":{"self":[{"href":"https:\/\/tigerbattery.net\/fr\/wp-json\/wp\/v2\/product\/4165","targetHints":{"allow":["GET"]}}],"collection":[{"href":"https:\/\/tigerbattery.net\/fr\/wp-json\/wp\/v2\/product"}],"about":[{"href":"https:\/\/tigerbattery.net\/fr\/wp-json\/wp\/v2\/types\/product"}],"replies":[{"embeddable":true,"href":"https:\/\/tigerbattery.net\/fr\/wp-json\/wp\/v2\/comments?post=4165"}],"wp:featuredmedia":[{"embeddable":true,"href":"https:\/\/tigerbattery.net\/fr\/wp-json\/wp\/v2\/media\/3096"}],"wp:attachment":[{"href":"https:\/\/tigerbattery.net\/fr\/wp-json\/wp\/v2\/media?parent=4165"}],"wp:term":[{"taxonomy":"product_brand","embeddable":true,"href":"https:\/\/tigerbattery.net\/fr\/wp-json\/wp\/v2\/product_brand?post=4165"},{"taxonomy":"product_cat","embeddable":true,"href":"https:\/\/tigerbattery.net\/fr\/wp-json\/wp\/v2\/product_cat?post=4165"},{"taxonomy":"product_tag","embeddable":true,"href":"https:\/\/tigerbattery.net\/fr\/wp-json\/wp\/v2\/product_tag?post=4165"}],"curies":[{"name":"wp","href":"https:\/\/api.w.org\/{rel}","templated":true}]}}