{"id":4102,"date":"2024-12-10T08:29:25","date_gmt":"2024-12-10T08:29:25","guid":{"rendered":"https:\/\/tigerbattery.net\/?post_type=product&#038;p=4102"},"modified":"2024-12-16T21:02:12","modified_gmt":"2024-12-16T21:02:12","slug":"tiger-tdg6-380t-6v-380ah-deep-cycle-pure-gel-battery","status":"publish","type":"product","link":"https:\/\/tigerbattery.net\/fr\/produit\/tiger-tdg6-380t-6v-380ah-deep-cycle-pure-gel-battery\/","title":{"rendered":"TIGER TDG6-380T 6V 380Ah Deep Cycle Pure Gel Battery"},"content":{"rendered":"<p>Tiger Battery, mod\u00e8le TDG6-380T, est une batterie de premi\u00e8re qualit\u00e9 \u00e0 cycle profond de 380 amp\u00e8res-heures (20HR) au gel pur, principalement utilis\u00e9e pour les applications solaires, CATV, marines, VR, UPS \u00e0 d\u00e9charge profonde, r\u00e9seaux de communication, t\u00e9l\u00e9coms et autres applications suppl\u00e9mentaires. Cette batterie est disponible avec des configurations temporelles T5.<\/p>","protected":false},"excerpt":{"rendered":"<p>Tiger Battery, mod\u00e8le TDG6-380T, est une batterie de premi\u00e8re qualit\u00e9 \u00e0 cycle profond de 380 amp\u00e8res-heures (20HR) au gel pur, principalement utilis\u00e9e pour les applications solaires, CATV, marines, VR, UPS \u00e0 d\u00e9charge profonde, r\u00e9seaux de communication, t\u00e9l\u00e9coms et autres applications suppl\u00e9mentaires. Cette batterie est disponible avec des configurations temporelles T5.<\/p>","protected":false},"featured_media":3272,"comment_status":"open","ping_status":"closed","template":"","meta":{"_acf_changed":false},"product_brand":[],"product_cat":[62,31,61,32,60,33,56],"product_tag":[73,75,78,74,72,82,70,77,76],"class_list":{"0":"post-4102","1":"product","2":"type-product","3":"status-publish","4":"has-post-thumbnail","6":"product_cat-communication-networks","7":"product_cat-deep-cycle","8":"product_cat-deep-discharge-ups","9":"product_cat-marine","10":"product_cat-rv","11":"product_cat-solar","12":"product_cat-telecom","13":"product_tag-agm","14":"product_tag-china","15":"product_tag-lithium","16":"product_tag-manufacturer","17":"product_tag-sla","18":"product_tag-tdg","19":"product_tag-tiger-battery","20":"product_tag-usa","21":"product_tag-vietnam","23":"first","24":"instock","25":"sale","26":"shipping-taxable","27":"purchasable","28":"product-type-simple"},"acf":[],"wcpa_form_fields":null,"_links":{"self":[{"href":"https:\/\/tigerbattery.net\/fr\/wp-json\/wp\/v2\/product\/4102","targetHints":{"allow":["GET"]}}],"collection":[{"href":"https:\/\/tigerbattery.net\/fr\/wp-json\/wp\/v2\/product"}],"about":[{"href":"https:\/\/tigerbattery.net\/fr\/wp-json\/wp\/v2\/types\/product"}],"replies":[{"embeddable":true,"href":"https:\/\/tigerbattery.net\/fr\/wp-json\/wp\/v2\/comments?post=4102"}],"wp:featuredmedia":[{"embeddable":true,"href":"https:\/\/tigerbattery.net\/fr\/wp-json\/wp\/v2\/media\/3272"}],"wp:attachment":[{"href":"https:\/\/tigerbattery.net\/fr\/wp-json\/wp\/v2\/media?parent=4102"}],"wp:term":[{"taxonomy":"product_brand","embeddable":true,"href":"https:\/\/tigerbattery.net\/fr\/wp-json\/wp\/v2\/product_brand?post=4102"},{"taxonomy":"product_cat","embeddable":true,"href":"https:\/\/tigerbattery.net\/fr\/wp-json\/wp\/v2\/product_cat?post=4102"},{"taxonomy":"product_tag","embeddable":true,"href":"https:\/\/tigerbattery.net\/fr\/wp-json\/wp\/v2\/product_tag?post=4102"}],"curies":[{"name":"wp","href":"https:\/\/api.w.org\/{rel}","templated":true}]}}