{"id":4072,"date":"2024-12-10T08:29:04","date_gmt":"2024-12-10T08:29:04","guid":{"rendered":"https:\/\/tigerbattery.net\/?post_type=product&#038;p=4072"},"modified":"2024-12-16T21:02:05","modified_gmt":"2024-12-16T21:02:05","slug":"tiger-tbd12-40-12v-40ah-agm-deep-cycle-battery","status":"publish","type":"product","link":"https:\/\/tigerbattery.net\/fr\/produit\/tiger-tbd12-40-12v-40ah-agm-deep-cycle-battery\/","title":{"rendered":"TIGER TBD12-40 12V 40Ah AGM Batterie \u00e0 cycle profond"},"content":{"rendered":"<p>Tiger Battery, mod\u00e8le TBD12-40, est une batterie AGM \u00e0 cycle profond ultra-premium de 12 volts et 40 amp\u00e8res-heures (20HR), principalement utilis\u00e9e pour les syst\u00e8mes de secours UPS\/EPS, l'\u00e9nergie solaire, l'\u00e9nergie \u00e9olienne, les t\u00e9l\u00e9communications, les v\u00e9hicules \u00e9lectriques, les voiturettes de golf et d'autres applications additionnelles. Cette batterie est disponible en configuration T2.<\/p>","protected":false},"excerpt":{"rendered":"<p>Tiger Battery, mod\u00e8le TBD12-40, est une batterie AGM \u00e0 cycle profond ultra-premium de 12 volts et 40 amp\u00e8res-heures (20HR), principalement utilis\u00e9e pour les syst\u00e8mes de secours UPS\/EPS, l'\u00e9nergie solaire, l'\u00e9nergie \u00e9olienne, les t\u00e9l\u00e9communications, les v\u00e9hicules \u00e9lectriques, les voiturettes de golf et d'autres applications additionnelles. Cette batterie est disponible en configuration T2.<\/p>","protected":false},"featured_media":3076,"comment_status":"open","ping_status":"closed","template":"","meta":{"_acf_changed":false},"product_brand":[],"product_cat":[31,57,58,28,33,56,53,55],"product_tag":[73,75,78,74,72,81,70,77,76],"class_list":{"0":"post-4072","1":"product","2":"type-product","3":"status-publish","4":"has-post-thumbnail","6":"product_cat-deep-cycle","7":"product_cat-electric-vehicles","8":"product_cat-golf-carts","9":"product_cat-sealed-lead-acid","10":"product_cat-solar","11":"product_cat-telecom","12":"product_cat-ups-eps-backup","13":"product_cat-wind","14":"product_tag-agm","15":"product_tag-china","16":"product_tag-lithium","17":"product_tag-manufacturer","18":"product_tag-sla","19":"product_tag-tbd","20":"product_tag-tiger-battery","21":"product_tag-usa","22":"product_tag-vietnam","24":"first","25":"instock","26":"sale","27":"shipping-taxable","28":"purchasable","29":"product-type-simple"},"acf":[],"wcpa_form_fields":null,"_links":{"self":[{"href":"https:\/\/tigerbattery.net\/fr\/wp-json\/wp\/v2\/product\/4072","targetHints":{"allow":["GET"]}}],"collection":[{"href":"https:\/\/tigerbattery.net\/fr\/wp-json\/wp\/v2\/product"}],"about":[{"href":"https:\/\/tigerbattery.net\/fr\/wp-json\/wp\/v2\/types\/product"}],"replies":[{"embeddable":true,"href":"https:\/\/tigerbattery.net\/fr\/wp-json\/wp\/v2\/comments?post=4072"}],"wp:featuredmedia":[{"embeddable":true,"href":"https:\/\/tigerbattery.net\/fr\/wp-json\/wp\/v2\/media\/3076"}],"wp:attachment":[{"href":"https:\/\/tigerbattery.net\/fr\/wp-json\/wp\/v2\/media?parent=4072"}],"wp:term":[{"taxonomy":"product_brand","embeddable":true,"href":"https:\/\/tigerbattery.net\/fr\/wp-json\/wp\/v2\/product_brand?post=4072"},{"taxonomy":"product_cat","embeddable":true,"href":"https:\/\/tigerbattery.net\/fr\/wp-json\/wp\/v2\/product_cat?post=4072"},{"taxonomy":"product_tag","embeddable":true,"href":"https:\/\/tigerbattery.net\/fr\/wp-json\/wp\/v2\/product_tag?post=4072"}],"curies":[{"name":"wp","href":"https:\/\/api.w.org\/{rel}","templated":true}]}}