{"id":4024,"date":"2024-12-10T08:28:25","date_gmt":"2024-12-10T08:28:25","guid":{"rendered":"https:\/\/tigerbattery.net\/?post_type=product&#038;p=4024"},"modified":"2024-12-16T21:01:51","modified_gmt":"2024-12-16T21:01:51","slug":"tiger-tbm12-145aq-12v-145ah-agm-battery","status":"publish","type":"product","link":"https:\/\/tigerbattery.net\/fr\/produit\/tiger-tbm12-145aq-12v-145ah-agm-battery\/","title":{"rendered":"TIGER TBM12-145AQ Batterie AGM 12V 145Ah"},"content":{"rendered":"<p>Le mod\u00e8le TBM12-145AQ de Tiger Battery est une batterie AGM ultra-premium de 12 volts de 145 amp\u00e8res-heures (20HR) \u00e0 usage g\u00e9n\u00e9ral, principalement utilis\u00e9e pour les syst\u00e8mes de secours UPS\/EPS, m\u00e9dicaux, d'\u00e9clairage d'urgence et de s\u00e9curit\u00e9, ainsi que pour d'autres applications. Cette batterie est disponible avec les configurations temporelles L17.<\/p>","protected":false},"excerpt":{"rendered":"<p>Le mod\u00e8le TBM12-145AQ de Tiger Battery est une batterie AGM ultra-premium de 12 volts de 145 amp\u00e8res-heures (20HR) \u00e0 usage g\u00e9n\u00e9ral, principalement utilis\u00e9e pour les syst\u00e8mes de secours UPS\/EPS, m\u00e9dicaux, d'\u00e9clairage d'urgence et de s\u00e9curit\u00e9, ainsi que pour d'autres applications. Cette batterie est disponible avec les configurations temporelles L17.<\/p>","protected":false},"featured_media":3272,"comment_status":"open","ping_status":"closed","template":"","meta":{"_acf_changed":false},"product_brand":[],"product_cat":[52,54,28,51,53],"product_tag":[73,75,78,74,72,79,70,77,76],"class_list":{"0":"post-4024","1":"product","2":"type-product","3":"status-publish","4":"has-post-thumbnail","6":"product_cat-emergency-lighting","7":"product_cat-medical","8":"product_cat-sealed-lead-acid","9":"product_cat-security-systems","10":"product_cat-ups-eps-backup","11":"product_tag-agm","12":"product_tag-china","13":"product_tag-lithium","14":"product_tag-manufacturer","15":"product_tag-sla","16":"product_tag-tbm","17":"product_tag-tiger-battery","18":"product_tag-usa","19":"product_tag-vietnam","21":"first","22":"instock","23":"sale","24":"shipping-taxable","25":"purchasable","26":"product-type-simple"},"acf":[],"wcpa_form_fields":null,"_links":{"self":[{"href":"https:\/\/tigerbattery.net\/fr\/wp-json\/wp\/v2\/product\/4024","targetHints":{"allow":["GET"]}}],"collection":[{"href":"https:\/\/tigerbattery.net\/fr\/wp-json\/wp\/v2\/product"}],"about":[{"href":"https:\/\/tigerbattery.net\/fr\/wp-json\/wp\/v2\/types\/product"}],"replies":[{"embeddable":true,"href":"https:\/\/tigerbattery.net\/fr\/wp-json\/wp\/v2\/comments?post=4024"}],"wp:featuredmedia":[{"embeddable":true,"href":"https:\/\/tigerbattery.net\/fr\/wp-json\/wp\/v2\/media\/3272"}],"wp:attachment":[{"href":"https:\/\/tigerbattery.net\/fr\/wp-json\/wp\/v2\/media?parent=4024"}],"wp:term":[{"taxonomy":"product_brand","embeddable":true,"href":"https:\/\/tigerbattery.net\/fr\/wp-json\/wp\/v2\/product_brand?post=4024"},{"taxonomy":"product_cat","embeddable":true,"href":"https:\/\/tigerbattery.net\/fr\/wp-json\/wp\/v2\/product_cat?post=4024"},{"taxonomy":"product_tag","embeddable":true,"href":"https:\/\/tigerbattery.net\/fr\/wp-json\/wp\/v2\/product_tag?post=4024"}],"curies":[{"name":"wp","href":"https:\/\/api.w.org\/{rel}","templated":true}]}}