{"id":7664,"date":"2025-05-16T06:38:09","date_gmt":"2025-05-16T06:38:09","guid":{"rendered":"https:\/\/tigerbattery.net\/?page_id=7664"},"modified":"2025-05-22T12:05:52","modified_gmt":"2025-05-22T12:05:52","slug":"battery-builder","status":"publish","type":"page","link":"https:\/\/tigerbattery.net\/fr\/battery-builder\/","title":{"rendered":"Constructeur de batteries"},"content":{"rendered":"<div data-elementor-type=\"wp-page\" data-elementor-id=\"7664\" class=\"elementor elementor-7664\" data-elementor-post-type=\"page\">\n\t\t\t\t<div class=\"elementor-element elementor-element-d3b57e8 e-flex e-con-boxed e-con e-parent\" data-id=\"d3b57e8\" data-element_type=\"container\" data-e-type=\"container\" data-settings=\"{&quot;background_background&quot;:&quot;classic&quot;}\">\n\t\t\t\t\t<div class=\"e-con-inner\">\n\t\t\t\t<div class=\"elementor-element elementor-element-80f51a5 elementor-widget elementor-widget-heading\" data-id=\"80f51a5\" data-element_type=\"widget\" data-e-type=\"widget\" data-widget_type=\"heading.default\">\n\t\t\t\t\t<h2 class=\"elementor-heading-title elementor-size-default\">Batterie Tigre <font color=\"white\">Constructeur de batteries<\/font> <\/h2>\t\t\t\t<\/div>\n\t\t\t\t<div class=\"elementor-element elementor-element-2deefb8 elementor-widget elementor-widget-image\" data-id=\"2deefb8\" data-element_type=\"widget\" data-e-type=\"widget\" data-widget_type=\"image.default\">\n\t\t\t\t\t\t\t\t\t\t\t\t\t\t\t<img decoding=\"async\" src=\"https:\/\/tigerbattery.net\/wp-content\/uploads\/elementor\/thumbs\/battery-builder-explainer-image-r9semum3jlqwgmb467fi3g5cicnuod0u4r08dgg0zs.jpg\" title=\"battery builder explainer image\" alt=\"battery builder explainer image\" loading=\"lazy\" \/>\t\t\t\t\t\t\t\t\t\t\t\t\t\t\t<\/div>\n\t\t\t\t<div class=\"elementor-element elementor-element-f05f322 elementor-widget__width-initial elementor-button-align-stretch elementor-widget elementor-widget-form\" data-id=\"f05f322\" data-element_type=\"widget\" data-e-type=\"widget\" id=\"Battery_Builder\" data-settings=\"{&quot;step_next_label&quot;:&quot;Next&quot;,&quot;step_previous_label&quot;:&quot;Previous&quot;,&quot;button_width&quot;:&quot;100&quot;,&quot;step_type&quot;:&quot;number_text&quot;,&quot;step_icon_shape&quot;:&quot;circle&quot;}\" data-widget_type=\"form.default\">\n\t\t\t\t\t\t\t<form class=\"elementor-form\" method=\"post\" id=\"Battery_Builder\" name=\"Battery_Builder\" aria-label=\"Constructeur de batterie\" action=\"\">\n\t\t\t<input type=\"hidden\" name=\"post_id\" value=\"7664\"\/>\n\t\t\t<input type=\"hidden\" name=\"form_id\" value=\"f05f322\"\/>\n\t\t\t<input type=\"hidden\" name=\"referer_title\" value=\"Battery Builder\" \/>\n\n\t\t\t\t\t\t\t<input type=\"hidden\" name=\"queried_id\" value=\"7664\"\/>\n\t\t\t\n\t\t\t<div class=\"elementor-form-fields-wrapper elementor-labels-above\">\n\t\t\t\t\t\t\t\t<div class=\"elementor-field-type-select elementor-field-group elementor-column elementor-field-group-field_2d2b2f1 elementor-col-100 elementor-field-required elementor-mark-required\">\n\t\t\t\t\t\t\t\t\t\t\t\t<label for=\"form-field-field_2d2b2f1\" class=\"elementor-field-label\">\n\t\t\t\t\t\t\t\tChimie\t\t\t\t\t\t\t<\/label>\n\t\t\t\t\t\t\t\t<div class=\"elementor-field elementor-select-wrapper remove-before\">\n\t\t\t<div class=\"select-caret-down-wrapper\">\n\t\t\t\t<svg aria-hidden=\"true\" class=\"e-font-icon-svg e-eicon-caret-down\" viewbox=\"0 0 571.4 571.4\" xmlns=\"http:\/\/www.w3.org\/2000\/svg\"><path d=\"M571 393Q571 407 561 418L311 668Q300 679 286 679T261 668L11 418Q0 407 0 393T11 368 36 357H536Q550 357 561 368T571 393Z\"><\/path><\/svg>\t\t\t<\/div>\n\t\t\t<select name=\"form_fields[field_2d2b2f1]\" id=\"form-field-field_2d2b2f1\" class=\"elementor-field-textual elementor-size-md\" required=\"required\">\n\t\t\t\t\t\t\t\t\t<option value=\"Alkaline\">Alcaline<\/option>\n\t\t\t\t\t\t\t\t\t<option value=\"Lead-Acid\">Plomb-acide<\/option>\n\t\t\t\t\t\t\t\t\t<option value=\"Lithium Cobalt Oxide\">Oxyde de lithium et de cobalt<\/option>\n\t\t\t\t\t\t\t\t\t<option value=\"Lithium Iron Phosphate\">Phosphate de lithium et de fer<\/option>\n\t\t\t\t\t\t\t\t\t<option value=\"Lithium Nickel Cobalt Aluminum Oxide\">Oxyde de lithium nickel cobalt aluminium<\/option>\n\t\t\t\t\t\t\t\t\t<option value=\"Lithium Nickel Manganese Cobalt Oxide\">Oxyde de lithium nickel mangan\u00e8se cobalt<\/option>\n\t\t\t\t\t\t\t\t\t<option value=\"Lithium Polymer\">Polym\u00e8re de lithium<\/option>\n\t\t\t\t\t\t\t\t\t<option value=\"Lithium Titanate\">Titanate de lithium<\/option>\n\t\t\t\t\t\t\t\t\t<option value=\"Nickel Cadmium\">Nickel Cadmium<\/option>\n\t\t\t\t\t\t\t\t\t<option value=\"Nickel Metal Hydride\">Hydrure m\u00e9tallique de nickel<\/option>\n\t\t\t\t\t\t\t\t\t<option value=\"Nickel Zinc\">Nickel Zinc<\/option>\n\t\t\t\t\t\t\t\t\t<option value=\"Silver Oxide\">Oxyde d'argent<\/option>\n\t\t\t\t\t\t\t\t\t<option value=\"Sodium Sulfur\">Sulfure de sodium<\/option>\n\t\t\t\t\t\t\t\t\t<option value=\"Zinc-Air\">Zinc-Air<\/option>\n\t\t\t\t\t\t\t\t\t<option value=\"Zinc-Carbon\">Zinc-Carbone<\/option>\n\t\t\t\t\t\t\t<\/select>\n\t\t<\/div>\n\t\t\t\t\t\t<\/div>\n\t\t\t\t\t\t\t\t<div class=\"elementor-field-type-select elementor-field-group elementor-column elementor-field-group-field_51aa1a6 elementor-col-100 elementor-field-required elementor-mark-required\">\n\t\t\t\t\t\t\t\t\t\t\t\t<label for=\"form-field-field_51aa1a6\" class=\"elementor-field-label\">\n\t\t\t\t\t\t\t\tVolts\t\t\t\t\t\t\t<\/label>\n\t\t\t\t\t\t\t\t<div class=\"elementor-field elementor-select-wrapper remove-before\">\n\t\t\t<div class=\"select-caret-down-wrapper\">\n\t\t\t\t<svg aria-hidden=\"true\" class=\"e-font-icon-svg e-eicon-caret-down\" viewbox=\"0 0 571.4 571.4\" xmlns=\"http:\/\/www.w3.org\/2000\/svg\"><path d=\"M571 393Q571 407 561 418L311 668Q300 679 286 679T261 668L11 418Q0 407 0 393T11 368 36 357H536Q550 357 561 368T571 393Z\"><\/path><\/svg>\t\t\t<\/div>\n\t\t\t<select name=\"form_fields[field_51aa1a6]\" id=\"form-field-field_51aa1a6\" class=\"elementor-field-textual elementor-size-md\" required=\"required\">\n\t\t\t\t\t\t\t\t\t<option value=\"1.2V\">1.2V<\/option>\n\t\t\t\t\t\t\t\t\t<option value=\"1.5V\">1.5V<\/option>\n\t\t\t\t\t\t\t\t\t<option value=\"1.8V\">1.8V<\/option>\n\t\t\t\t\t\t\t\t\t<option value=\"2.0V\">2.0V<\/option>\n\t\t\t\t\t\t\t\t\t<option value=\"2.4V\">2.4V<\/option>\n\t\t\t\t\t\t\t\t\t<option value=\"3.0V\">3.0V<\/option>\n\t\t\t\t\t\t\t\t\t<option value=\"3.2V\">3.2V<\/option>\n\t\t\t\t\t\t\t\t\t<option value=\"3.6V\">3.6V<\/option>\n\t\t\t\t\t\t\t\t\t<option value=\"3.7V\">3.7V<\/option>\n\t\t\t\t\t\t\t\t\t<option value=\"3.8V\">3.8V<\/option>\n\t\t\t\t\t\t\t\t\t<option value=\"3.85V\">3.85V<\/option>\n\t\t\t\t\t\t\t\t\t<option value=\"4.0V\">4.0V<\/option>\n\t\t\t\t\t\t\t\t\t<option value=\"4.2V\">4.2V<\/option>\n\t\t\t\t\t\t\t\t\t<option value=\"4.35V\">4.35V<\/option>\n\t\t\t\t\t\t\t\t\t<option value=\"6.0V\">6.0V<\/option>\n\t\t\t\t\t\t\t\t\t<option value=\"7.2V\">7.2V<\/option>\n\t\t\t\t\t\t\t\t\t<option value=\"7.4V\">7.4V<\/option>\n\t\t\t\t\t\t\t\t\t<option value=\"8.4V\">8.4V<\/option>\n\t\t\t\t\t\t\t\t\t<option value=\"9.0V\">9.0V<\/option>\n\t\t\t\t\t\t\t\t\t<option value=\"10.8V\">10.8V<\/option>\n\t\t\t\t\t\t\t\t\t<option value=\"11.1V\">11.1V<\/option>\n\t\t\t\t\t\t\t\t\t<option value=\"12.0V\">12.0V<\/option>\n\t\t\t\t\t\t\t\t\t<option value=\"12.6V\">12.6V<\/option>\n\t\t\t\t\t\t\t\t\t<option value=\"12.8V\">12.8V<\/option>\n\t\t\t\t\t\t\t\t\t<option value=\"13.2V\">13.2V<\/option>\n\t\t\t\t\t\t\t\t\t<option value=\"14.4V\">14.4V<\/option>\n\t\t\t\t\t\t\t\t\t<option value=\"14.8V\">14.8V<\/option>\n\t\t\t\t\t\t\t\t\t<option value=\"15.2V\">15.2V<\/option>\n\t\t\t\t\t\t\t\t\t<option value=\"16.8V\">16.8V<\/option>\n\t\t\t\t\t\t\t\t\t<option value=\"18.0V\">18.0V<\/option>\n\t\t\t\t\t\t\t\t\t<option value=\"18.5V\">18.5V<\/option>\n\t\t\t\t\t\t\t\t\t<option value=\"19.2V\">19.2V<\/option>\n\t\t\t\t\t\t\t\t\t<option value=\"21.6V\">21.6V<\/option>\n\t\t\t\t\t\t\t\t\t<option value=\"22.2V\">22.2V<\/option>\n\t\t\t\t\t\t\t\t\t<option value=\"24.0V\">24.0V<\/option>\n\t\t\t\t\t\t\t\t\t<option value=\"25.2V\">25.2V<\/option>\n\t\t\t\t\t\t\t\t\t<option value=\"25.6V\">25.6V<\/option>\n\t\t\t\t\t\t\t\t\t<option value=\"28.8V\">28.8V<\/option>\n\t\t\t\t\t\t\t\t\t<option value=\"29.4V\">29.4V<\/option>\n\t\t\t\t\t\t\t\t\t<option value=\"33.3V\">33.3V<\/option>\n\t\t\t\t\t\t\t\t\t<option value=\"36.0V\">36.0V<\/option>\n\t\t\t\t\t\t\t\t\t<option value=\"37.0V\">37.0V<\/option>\n\t\t\t\t\t\t\t\t\t<option value=\"42.0V\">42.0V<\/option>\n\t\t\t\t\t\t\t\t\t<option value=\"48.0V\">48.0V<\/option>\n\t\t\t\t\t\t\t\t\t<option value=\"54.6V\">54.6V<\/option>\n\t\t\t\t\t\t\t\t\t<option value=\"60.0V\">60.0V<\/option>\n\t\t\t\t\t\t\t\t\t<option value=\"72.0V\">72.0V<\/option>\n\t\t\t\t\t\t\t\t\t<option value=\"96.0V\">96.0V<\/option>\n\t\t\t\t\t\t\t\t\t<option value=\"120.0V\">120.0V<\/option>\n\t\t\t\t\t\t\t\t\t<option value=\"240.0V\">240.0V<\/option>\n\t\t\t\t\t\t\t\t\t<option value=\"\"><\/option>\n\t\t\t\t\t\t\t<\/select>\n\t\t<\/div>\n\t\t\t\t\t\t<\/div>\n\t\t\t\t\t\t\t\t<div class=\"elementor-field-type-select elementor-field-group elementor-column elementor-field-group-field_5ae05c3 elementor-col-100\">\n\t\t\t\t\t\t\t\t\t\t\t\t<label for=\"form-field-field_5ae05c3\" class=\"elementor-field-label\">\n\t\t\t\t\t\t\t\tCapacit\u00e9\t\t\t\t\t\t\t<\/label>\n\t\t\t\t\t\t\t\t<div class=\"elementor-field elementor-select-wrapper remove-before\">\n\t\t\t<div class=\"select-caret-down-wrapper\">\n\t\t\t\t<svg aria-hidden=\"true\" class=\"e-font-icon-svg e-eicon-caret-down\" viewbox=\"0 0 571.4 571.4\" xmlns=\"http:\/\/www.w3.org\/2000\/svg\"><path d=\"M571 393Q571 407 561 418L311 668Q300 679 286 679T261 668L11 418Q0 407 0 393T11 368 36 357H536Q550 357 561 368T571 393Z\"><\/path><\/svg>\t\t\t<\/div>\n\t\t\t<select name=\"form_fields[field_5ae05c3]\" id=\"form-field-field_5ae05c3\" class=\"elementor-field-textual elementor-size-md\">\n\t\t\t\t\t\t\t\t\t<option value=\"0.01Ah\">0,01Ah<\/option>\n\t\t\t\t\t\t\t\t\t<option value=\"0.02Ah\">0,02Ah<\/option>\n\t\t\t\t\t\t\t\t\t<option value=\"0.05Ah\">0,05Ah<\/option>\n\t\t\t\t\t\t\t\t\t<option value=\"0.1Ah\">0,1Ah<\/option>\n\t\t\t\t\t\t\t\t\t<option value=\"0.15Ah\">0.15Ah<\/option>\n\t\t\t\t\t\t\t\t\t<option value=\"0.2Ah\">0,2Ah<\/option>\n\t\t\t\t\t\t\t\t\t<option value=\"0.3Ah\">0,3Ah<\/option>\n\t\t\t\t\t\t\t\t\t<option value=\"0.5Ah\">0,5Ah<\/option>\n\t\t\t\t\t\t\t\t\t<option value=\"0.6Ah\">0,6Ah<\/option>\n\t\t\t\t\t\t\t\t\t<option value=\"0.7Ah\">0,7Ah<\/option>\n\t\t\t\t\t\t\t\t\t<option value=\"0.8Ah\">0,8Ah<\/option>\n\t\t\t\t\t\t\t\t\t<option value=\"1Ah\">1Ah<\/option>\n\t\t\t\t\t\t\t\t\t<option value=\"1Ah\">1Ah<\/option>\n\t\t\t\t\t\t\t\t\t<option value=\"1.2Ah\">1.2Ah<\/option>\n\t\t\t\t\t\t\t\t\t<option value=\"1.5Ah\">1,5Ah<\/option>\n\t\t\t\t\t\t\t\t\t<option value=\"1.8Ah\">1.8Ah<\/option>\n\t\t\t\t\t\t\t\t\t<option value=\"2Ah\">2Ah<\/option>\n\t\t\t\t\t\t\t\t\t<option value=\"2.2Ah\">2.2Ah<\/option>\n\t\t\t\t\t\t\t\t\t<option value=\"2.3Ah\">2.3Ah<\/option>\n\t\t\t\t\t\t\t\t\t<option value=\"2.5Ah\">2,5Ah<\/option>\n\t\t\t\t\t\t\t\t\t<option value=\"2.6Ah\">2.6Ah<\/option>\n\t\t\t\t\t\t\t\t\t<option value=\"3Ah\">3Ah<\/option>\n\t\t\t\t\t\t\t\t\t<option value=\"3.5Ah\">3,5Ah<\/option>\n\t\t\t\t\t\t\t\t\t<option value=\"4Ah\">4Ah<\/option>\n\t\t\t\t\t\t\t\t\t<option value=\"5Ah\">5Ah<\/option>\n\t\t\t\t\t\t\t\t\t<option value=\"6Ah\">6Ah<\/option>\n\t\t\t\t\t\t\t\t\t<option value=\"8Ah\">8Ah<\/option>\n\t\t\t\t\t\t\t\t\t<option value=\"10Ah\">10Ah<\/option>\n\t\t\t\t\t\t\t\t\t<option value=\"12Ah\">12Ah<\/option>\n\t\t\t\t\t\t\t\t\t<option value=\"15Ah\">15Ah<\/option>\n\t\t\t\t\t\t\t\t\t<option value=\"18Ah\">18Ah<\/option>\n\t\t\t\t\t\t\t\t\t<option value=\"20Ah\">20Ah<\/option>\n\t\t\t\t\t\t\t\t\t<option value=\"30Ah\">30Ah<\/option>\n\t\t\t\t\t\t\t\t\t<option value=\"40Ah\">40Ah<\/option>\n\t\t\t\t\t\t\t\t\t<option value=\"50Ah\">50Ah<\/option>\n\t\t\t\t\t\t\t\t\t<option value=\"60Ah\">60Ah<\/option>\n\t\t\t\t\t\t\t\t\t<option value=\"75Ah\">75Ah<\/option>\n\t\t\t\t\t\t\t\t\t<option value=\"80Ah\">80Ah<\/option>\n\t\t\t\t\t\t\t\t\t<option value=\"100Ah\">100Ah<\/option>\n\t\t\t\t\t\t\t\t\t<option value=\"120Ah\">120Ah<\/option>\n\t\t\t\t\t\t\t\t\t<option value=\"150Ah\">150Ah<\/option>\n\t\t\t\t\t\t\t\t\t<option value=\"200Ah\">200Ah<\/option>\n\t\t\t\t\t\t\t\t\t<option value=\"300Ah\">300Ah<\/option>\n\t\t\t\t\t\t\t\t\t<option value=\"500Ah\">500Ah<\/option>\n\t\t\t\t\t\t\t\t\t<option value=\"600Ah\">600Ah<\/option>\n\t\t\t\t\t\t\t\t\t<option value=\"700Ah\">700Ah<\/option>\n\t\t\t\t\t\t\t\t\t<option value=\"800Ah\">800Ah<\/option>\n\t\t\t\t\t\t\t\t\t<option value=\"900Ah\">900Ah<\/option>\n\t\t\t\t\t\t\t\t\t<option value=\"1000Ah\">1000Ah<\/option>\n\t\t\t\t\t\t\t\t\t<option value=\"1500Ah\">1500Ah<\/option>\n\t\t\t\t\t\t\t\t\t<option value=\"2500Ah\">2500Ah<\/option>\n\t\t\t\t\t\t\t\t\t<option value=\"Other\">Autres<\/option>\n\t\t\t\t\t\t\t<\/select>\n\t\t<\/div>\n\t\t\t\t\t\t<\/div>\n\t\t\t\t\t\t\t\t<div class=\"elementor-field-type-select elementor-field-group elementor-column elementor-field-group-field_c904287 elementor-col-100 elementor-field-required elementor-mark-required\">\n\t\t\t\t\t\t\t\t\t\t\t\t<label for=\"form-field-field_c904287\" class=\"elementor-field-label\">\n\t\t\t\t\t\t\t\tTerminaux\t\t\t\t\t\t\t<\/label>\n\t\t\t\t\t\t\t\t<div class=\"elementor-field elementor-select-wrapper remove-before\">\n\t\t\t<div class=\"select-caret-down-wrapper\">\n\t\t\t\t<svg aria-hidden=\"true\" class=\"e-font-icon-svg e-eicon-caret-down\" viewbox=\"0 0 571.4 571.4\" xmlns=\"http:\/\/www.w3.org\/2000\/svg\"><path d=\"M571 393Q571 407 561 418L311 668Q300 679 286 679T261 668L11 418Q0 407 0 393T11 368 36 357H536Q550 357 561 368T571 393Z\"><\/path><\/svg>\t\t\t<\/div>\n\t\t\t<select name=\"form_fields[field_c904287]\" id=\"form-field-field_c904287\" class=\"elementor-field-textual elementor-size-md\" required=\"required\">\n\t\t\t\t\t\t\t\t\t<option value=\"Anderson\">Anderson<\/option>\n\t\t\t\t\t\t\t\t\t<option value=\"Automotive Post\">Poste automobile<\/option>\n\t\t\t\t\t\t\t\t\t<option value=\"Bolt Post\">Poste de boulon<\/option>\n\t\t\t\t\t\t\t\t\t<option value=\"Boss Post\">Poste de chef<\/option>\n\t\t\t\t\t\t\t\t\t<option value=\"Button Top\">Haut \u00e0 boutons<\/option>\n\t\t\t\t\t\t\t\t\t<option value=\"Coin Top\">Coin Top<\/option>\n\t\t\t\t\t\t\t\t\t<option value=\"DIN Post\">Poste DIN<\/option>\n\t\t\t\t\t\t\t\t\t<option value=\"Eyelet\">\u0152illet<\/option>\n\t\t\t\t\t\t\t\t\t<option value=\"F1\">F1<\/option>\n\t\t\t\t\t\t\t\t\t<option value=\"F2\">F2<\/option>\n\t\t\t\t\t\t\t\t\t<option value=\"Faston Tab Large\">Faston Tab Large<\/option>\n\t\t\t\t\t\t\t\t\t<option value=\"Faston Tab Medium\">Faston Tab Medium<\/option>\n\t\t\t\t\t\t\t\t\t<option value=\"Faston Tab Small\">Faston Tab Small<\/option>\n\t\t\t\t\t\t\t\t\t<option value=\"Flag\">Drapeau<\/option>\n\t\t\t\t\t\t\t\t\t<option value=\"Flat Blade\">Lame plate<\/option>\n\t\t\t\t\t\t\t\t\t<option value=\"Fork\">Fourchette<\/option>\n\t\t\t\t\t\t\t\t\t<option value=\"Hook\">Crochet<\/option>\n\t\t\t\t\t\t\t\t\t<option value=\"JIS Post\">Poste JIS<\/option>\n\t\t\t\t\t\t\t\t\t<option value=\"L Post\">L Poste<\/option>\n\t\t\t\t\t\t\t\t\t<option value=\"Offset Quick Connect\">Raccord rapide d\u00e9cal\u00e9<\/option>\n\t\t\t\t\t\t\t\t\t<option value=\"Pin\">\u00c9pingle<\/option>\n\t\t\t\t\t\t\t\t\t<option value=\"Push-On Tab\">Languette \u00e0 embo\u00eeter<\/option>\n\t\t\t\t\t\t\t\t\t<option value=\"Quick Connect Tab\">Onglet de connexion rapide<\/option>\n\t\t\t\t\t\t\t\t\t<option value=\"Ring\">Anneau<\/option>\n\t\t\t\t\t\t\t\t\t<option value=\"Screw Post\">Poteau \u00e0 vis<\/option>\n\t\t\t\t\t\t\t\t\t<option value=\"Side Post\">Poste secondaire<\/option>\n\t\t\t\t\t\t\t\t\t<option value=\"Snap-On Tab\">Patte d'accrochage<\/option>\n\t\t\t\t\t\t\t\t\t<option value=\"Spade\">Spade<\/option>\n\t\t\t\t\t\t\t\t\t<option value=\"Stake\">Enjeu<\/option>\n\t\t\t\t\t\t\t\t\t<option value=\"Stud Post\">Stud Post<\/option>\n\t\t\t\t\t\t\t\t\t<option value=\"T Post\">Poste T<\/option>\n\t\t\t\t\t\t\t\t\t<option value=\"T1\">T1<\/option>\n\t\t\t\t\t\t\t\t\t<option value=\"T2\">T2<\/option>\n\t\t\t\t\t\t\t\t\t<option value=\"U Post\">U Post<\/option>\n\t\t\t\t\t\t\t\t\t<option value=\"Wing Nut Stud\">\u00c9crou \u00e0 ailettes Goujon<\/option>\n\t\t\t\t\t\t\t\t\t<option value=\"Z1\">Z1<\/option>\n\t\t\t\t\t\t\t\t\t<option value=\"Z2\">Z2<\/option>\n\t\t\t\t\t\t\t\t\t<option value=\"Z3\">Z3<\/option>\n\t\t\t\t\t\t\t\t\t<option value=\"Other\">Autres<\/option>\n\t\t\t\t\t\t\t\t\t<option value=\"\"><\/option>\n\t\t\t\t\t\t\t<\/select>\n\t\t<\/div>\n\t\t\t\t\t\t<\/div>\n\t\t\t\t\t\t\t\t<div class=\"elementor-field-type-select elementor-field-group elementor-column elementor-field-group-field_ec230c0 elementor-col-100 elementor-field-required elementor-mark-required\">\n\t\t\t\t\t\t\t\t\t\t\t\t<label for=\"form-field-field_ec230c0\" class=\"elementor-field-label\">\n\t\t\t\t\t\t\t\tQuantit\u00e9\t\t\t\t\t\t\t<\/label>\n\t\t\t\t\t\t\t\t<div class=\"elementor-field elementor-select-wrapper remove-before\">\n\t\t\t<div class=\"select-caret-down-wrapper\">\n\t\t\t\t<svg aria-hidden=\"true\" class=\"e-font-icon-svg e-eicon-caret-down\" viewbox=\"0 0 571.4 571.4\" xmlns=\"http:\/\/www.w3.org\/2000\/svg\"><path d=\"M571 393Q571 407 561 418L311 668Q300 679 286 679T261 668L11 418Q0 407 0 393T11 368 36 357H536Q550 357 561 368T571 393Z\"><\/path><\/svg>\t\t\t<\/div>\n\t\t\t<select name=\"form_fields[field_ec230c0]\" id=\"form-field-field_ec230c0\" class=\"elementor-field-textual elementor-size-md\" required=\"required\">\n\t\t\t\t\t\t\t\t\t<option value=\"100\">100<\/option>\n\t\t\t\t\t\t\t\t\t<option value=\"500\">500<\/option>\n\t\t\t\t\t\t\t\t\t<option value=\"1000\">1000<\/option>\n\t\t\t\t\t\t\t\t\t<option value=\"1500\">1500<\/option>\n\t\t\t\t\t\t\t\t\t<option value=\"2500\">2500<\/option>\n\t\t\t\t\t\t\t\t\t<option value=\"5000\">5000<\/option>\n\t\t\t\t\t\t\t\t\t<option value=\"8500\">8500<\/option>\n\t\t\t\t\t\t\t\t\t<option value=\"9999+\">9999+<\/option>\n\t\t\t\t\t\t\t<\/select>\n\t\t<\/div>\n\t\t\t\t\t\t<\/div>\n\t\t\t\t\t\t\t\t<div class=\"elementor-field-type-email elementor-field-group elementor-column elementor-field-group-field_3142797 elementor-col-100 elementor-field-required elementor-mark-required\">\n\t\t\t\t\t\t\t\t\t\t\t\t<label for=\"form-field-field_3142797\" class=\"elementor-field-label\">\n\t\t\t\t\t\t\t\tCourriel\t\t\t\t\t\t\t<\/label>\n\t\t\t\t\t\t\t\t\t\t\t\t\t\t<input size=\"1\" type=\"email\" name=\"form_fields[field_3142797]\" id=\"form-field-field_3142797\" class=\"elementor-field elementor-size-md  elementor-field-textual\" required=\"required\">\n\t\t\t\t\t\t\t\t\t\t\t<\/div>\n\t\t\t\t\t\t\t\t<div class=\"elementor-field-group elementor-column elementor-field-type-submit elementor-col-100 e-form__buttons\">\n\t\t\t\t\t<button class=\"elementor-button elementor-size-sm\" type=\"submit\">\n\t\t\t\t\t\t<span class=\"elementor-button-content-wrapper\">\n\t\t\t\t\t\t\t\t\t\t\t\t\t\t\t\t\t\t\t\t\t\t<span class=\"elementor-button-text\">Envoyer<\/span>\n\t\t\t\t\t\t\t\t\t\t\t\t\t<\/span>\n\t\t\t\t\t<\/button>\n\t\t\t\t<\/div>\n\t\t\t<\/div>\n\t\t<input type=\"hidden\" name=\"trp-form-language\" value=\"fr\"\/><\/form>\n\t\t\t\t\t\t<\/div>\n\t\t\t\t<div class=\"elementor-element elementor-element-9557286 elementor-widget__width-initial elementor-widget elementor-widget-text-editor\" data-id=\"9557286\" data-element_type=\"widget\" data-e-type=\"widget\" data-widget_type=\"text-editor.default\">\n\t\t\t\t\t\t\t\t\t<p><strong><span style=\"color: #000000;\">Votre usine de piles personnelle !<\/span><\/strong><br \/><span style=\"color: #000000;\">Avec <a href=\"https:\/\/tigerbattery.net\/fr\/battery-builder\/\" target=\"_blank\">Constructeur de batteries<\/a>En cliquant sur le bouton \"Soumettre\", vous obtenez un acc\u00e8s instantan\u00e9 \u00e0 votre propre usine de fabrication de piles. Il vous suffit de s\u00e9lectionner la composition chimique, la tension, la capacit\u00e9, le type de borne et la quantit\u00e9, puis de cliquer sur Soumettre. C'est tout ce qu'il faut pour transformer vos sp\u00e9cifications en une commande de batterie personnalis\u00e9e.<\/span><\/p><p><span style=\"color: #000000;\"><strong>Examen par un expert et maquette<\/strong><\/span><br \/><span style=\"color: #000000;\">D\u00e8s que votre demande entre dans notre syst\u00e8me, l'un de nos ing\u00e9nieurs commerciaux exp\u00e9riment\u00e9s en batteries prend le relais. Il \u00e9tudie vos besoins, \u00e9labore une maquette d\u00e9taill\u00e9e et s'assure que chaque connexion, cellule et sp\u00e9cification correspond exactement \u00e0 ce dont vous avez besoin.<\/span><\/p><p><strong><span style=\"color: #000000;\">Recevoir un devis<\/span><\/strong><br \/><span style=\"color: #000000;\">En quelques instants, vous recevrez un devis personnalis\u00e9 indiquant le co\u00fbt, le d\u00e9lai de r\u00e9alisation et les \u00e9ventuelles options suppl\u00e9mentaires. Plus de compromis sur \u00e9tag\u00e8re, mais des solutions d'alimentation sur mesure, con\u00e7ues pour votre application exacte.<\/span><\/p><p><strong><span style=\"color: #000000;\">Rapide, simple, fiable<\/span><\/strong><br \/><span style=\"color: #000000;\">Du prototype \u00e0 la production, <a href=\"https:\/\/tigerbattery.net\/fr\/battery-builder\/\" target=\"_blank\">Constructeur de batteries<\/a> rationalise l'ensemble du processus. Obtenez les performances que vous exigez sans avoir \u00e0 vous poser de questions - votre batterie personnalis\u00e9e commence ici.<\/span><\/p>\t\t\t\t\t\t\t\t<\/div>\n\t\t\t\t\t<\/div>\n\t\t\t\t<\/div>\n\t\t\t\t<\/div>","protected":false},"excerpt":{"rendered":"<p>Tiger Battery Battery Builder Your Personal Battery Factory!With Battery Builder, you get instant access to your very own battery factory. Simply select your chemistry, voltage, capacity, terminal type, and quantity, then click Submit. That\u2019s all it takes to turn your specifications into a custom battery order. Expert Review &amp; MockupAs soon as your request hits [&hellip;]<\/p>","protected":false},"author":1,"featured_media":0,"parent":0,"menu_order":0,"comment_status":"closed","ping_status":"closed","template":"","meta":{"_acf_changed":false,"footnotes":""},"class_list":["post-7664","page","type-page","status-publish","hentry"],"acf":[],"_links":{"self":[{"href":"https:\/\/tigerbattery.net\/fr\/wp-json\/wp\/v2\/pages\/7664","targetHints":{"allow":["GET"]}}],"collection":[{"href":"https:\/\/tigerbattery.net\/fr\/wp-json\/wp\/v2\/pages"}],"about":[{"href":"https:\/\/tigerbattery.net\/fr\/wp-json\/wp\/v2\/types\/page"}],"author":[{"embeddable":true,"href":"https:\/\/tigerbattery.net\/fr\/wp-json\/wp\/v2\/users\/1"}],"replies":[{"embeddable":true,"href":"https:\/\/tigerbattery.net\/fr\/wp-json\/wp\/v2\/comments?post=7664"}],"version-history":[{"count":130,"href":"https:\/\/tigerbattery.net\/fr\/wp-json\/wp\/v2\/pages\/7664\/revisions"}],"predecessor-version":[{"id":7870,"href":"https:\/\/tigerbattery.net\/fr\/wp-json\/wp\/v2\/pages\/7664\/revisions\/7870"}],"wp:attachment":[{"href":"https:\/\/tigerbattery.net\/fr\/wp-json\/wp\/v2\/media?parent=7664"}],"curies":[{"name":"wp","href":"https:\/\/api.w.org\/{rel}","templated":true}]}}