{"id":758,"date":"2024-10-03T12:29:33","date_gmt":"2024-10-03T12:29:33","guid":{"rendered":"https:\/\/tigerbattery.net\/?page_id=758"},"modified":"2024-12-09T20:46:12","modified_gmt":"2024-12-09T20:46:12","slug":"contact-us","status":"publish","type":"page","link":"https:\/\/tigerbattery.net\/fr\/contact-us\/","title":{"rendered":"Nous contacter"},"content":{"rendered":"<div data-elementor-type=\"wp-page\" data-elementor-id=\"758\" class=\"elementor elementor-758\" data-elementor-post-type=\"page\">\n\t\t\t\t<div class=\"elementor-element elementor-element-0dc5b43 e-flex e-con-boxed e-con e-parent\" data-id=\"0dc5b43\" data-element_type=\"container\" data-e-type=\"container\" data-settings=\"{&quot;background_background&quot;:&quot;classic&quot;}\">\n\t\t\t\t\t<div class=\"e-con-inner\">\n\t\t\t\t<div class=\"elementor-element elementor-element-8b8e208 elementor-invisible elementor-widget elementor-widget-image\" data-id=\"8b8e208\" data-element_type=\"widget\" data-e-type=\"widget\" data-settings=\"{&quot;_animation&quot;:&quot;zoomInLeft&quot;}\" data-widget_type=\"image.default\">\n\t\t\t\t\t\t\t\t\t\t\t\t\t\t\t<img fetchpriority=\"high\" decoding=\"async\" width=\"768\" height=\"213\" src=\"https:\/\/tigerbattery.net\/wp-content\/uploads\/2024\/12\/contact-tiger-battery.fw_-768x213.png\" class=\"attachment-medium_large size-medium_large wp-image-3038\" alt=\"\" srcset=\"https:\/\/tigerbattery.net\/wp-content\/uploads\/2024\/12\/contact-tiger-battery.fw_-768x213.png 768w, https:\/\/tigerbattery.net\/wp-content\/uploads\/2024\/12\/contact-tiger-battery.fw_-300x83.png 300w, https:\/\/tigerbattery.net\/wp-content\/uploads\/2024\/12\/contact-tiger-battery.fw_-1024x284.png 1024w, https:\/\/tigerbattery.net\/wp-content\/uploads\/2024\/12\/contact-tiger-battery.fw_-1536x425.png 1536w, https:\/\/tigerbattery.net\/wp-content\/uploads\/2024\/12\/contact-tiger-battery.fw_.png 1979w\" sizes=\"(max-width: 768px) 100vw, 768px\" \/>\t\t\t\t\t\t\t\t\t\t\t\t\t\t\t<\/div>\n\t\t\t\t<div class=\"elementor-element elementor-element-591c956 elementor-widget elementor-widget-text-editor\" data-id=\"591c956\" data-element_type=\"widget\" data-e-type=\"widget\" data-widget_type=\"text-editor.default\">\n\t\t\t\t\t\t\t\t\t<p>Chez Tiger Battery USA, nous sommes l\u00e0 pour alimenter votre voyage. Que vous ayez des questions sur nos produits, que vous ayez besoin d'aide pour passer une commande ou que vous souhaitiez simplement en savoir plus sur notre engagement en mati\u00e8re de qualit\u00e9 et de durabilit\u00e9, notre \u00e9quipe est pr\u00eate \u00e0 vous aider. Contactez-nous par t\u00e9l\u00e9phone, par courriel ou par le biais du formulaire de contact ci-dessous - nous serions ravis d'avoir de vos nouvelles !<\/p><p style=\"text-align: center;\"><strong>Ensemble, gardons votre monde charg\u00e9.<\/strong><\/p>\t\t\t\t\t\t\t\t<\/div>\n\t\t\t\t\t<\/div>\n\t\t\t\t<\/div>\n\t\t<div class=\"elementor-element elementor-element-76e8910 e-flex e-con-boxed e-con e-parent\" data-id=\"76e8910\" data-element_type=\"container\" data-e-type=\"container\">\n\t\t\t\t\t<div class=\"e-con-inner\">\n\t\t<div class=\"elementor-element elementor-element-5cca96f e-grid e-con-full e-con e-child\" data-id=\"5cca96f\" data-element_type=\"container\" data-e-type=\"container\">\n\t\t\t\t<div class=\"elementor-element elementor-element-f755928 elementor-widget elementor-widget-text-editor\" data-id=\"f755928\" data-element_type=\"widget\" data-e-type=\"widget\" data-widget_type=\"text-editor.default\">\n\t\t\t\t\t\t\t\t\t<p style=\"text-align: center;\"><strong><span style=\"color: #ff6600;\">Vente<\/span><span style=\"color: #ffffff;\">@TigerBattery.net<\/span><\/strong><\/p>\t\t\t\t\t\t\t\t<\/div>\n\t\t\t\t<div class=\"elementor-element elementor-element-b85329a elementor-widget elementor-widget-text-editor\" data-id=\"b85329a\" data-element_type=\"widget\" data-e-type=\"widget\" data-widget_type=\"text-editor.default\">\n\t\t\t\t\t\t\t\t\t<p style=\"text-align: center;\"><strong><span style=\"color: #ff6600;\">Tech<\/span><span style=\"color: #ffffff;\">@TigerBattery.net<\/span><\/strong><\/p>\t\t\t\t\t\t\t\t<\/div>\n\t\t\t\t<div class=\"elementor-element elementor-element-48d39b9 elementor-widget elementor-widget-text-editor\" data-id=\"48d39b9\" data-element_type=\"widget\" data-e-type=\"widget\" data-widget_type=\"text-editor.default\">\n\t\t\t\t\t\t\t\t\t<p><span style=\"color: #000000;\"><strong><span style=\"color: #ff6600;\">Aide<\/span><span style=\"color: #ffffff;\">@TigerBattery.net<\/span><\/strong><\/span><\/p>\t\t\t\t\t\t\t\t<\/div>\n\t\t\t\t<\/div>\n\t\t\t\t<div class=\"elementor-element elementor-element-d1663b0 elementor-widget elementor-widget-google_maps\" data-id=\"d1663b0\" data-element_type=\"widget\" data-e-type=\"widget\" data-widget_type=\"google_maps.default\">\n\t\t\t\t\t\t\t<div class=\"elementor-custom-embed\">\n\t\t\t<iframe loading=\"lazy\"\n\t\t\t\t\tsrc=\"https:\/\/maps.google.com\/maps?q=393%20W%20Warner%20Rd%20Ste%20114%20%232088%20Chandler%2C%20AZ%2085225&#038;t=m&#038;z=10&#038;output=embed&#038;iwloc=near\"\n\t\t\t\t\ttitle=\"393 W Warner Rd Ste 114 #2088 Chandler, AZ 85225\"\n\t\t\t\t\taria-label=\"393 W Warner Rd Ste 114 #2088 Chandler, AZ 85225\"\n\t\t\t><\/iframe>\n\t\t<\/div>\n\t\t\t\t\t\t<\/div>\n\t\t\t\t\t<\/div>\n\t\t\t\t<\/div>\n\t\t\t\t<\/div>","protected":false},"excerpt":{"rendered":"<p>At Tiger Battery USA, we&#8217;re here to power your journey. Whether you have questions about our products, need assistance with an order, or simply want to learn more about our commitment to quality and sustainability, our team is ready to help. Reach out to us by phone, email, or through the contact form below\u2014we\u2019d love [&hellip;]<\/p>","protected":false},"author":1,"featured_media":0,"parent":0,"menu_order":0,"comment_status":"closed","ping_status":"closed","template":"","meta":{"_acf_changed":false,"footnotes":""},"class_list":["post-758","page","type-page","status-publish","hentry"],"acf":[],"_links":{"self":[{"href":"https:\/\/tigerbattery.net\/fr\/wp-json\/wp\/v2\/pages\/758","targetHints":{"allow":["GET"]}}],"collection":[{"href":"https:\/\/tigerbattery.net\/fr\/wp-json\/wp\/v2\/pages"}],"about":[{"href":"https:\/\/tigerbattery.net\/fr\/wp-json\/wp\/v2\/types\/page"}],"author":[{"embeddable":true,"href":"https:\/\/tigerbattery.net\/fr\/wp-json\/wp\/v2\/users\/1"}],"replies":[{"embeddable":true,"href":"https:\/\/tigerbattery.net\/fr\/wp-json\/wp\/v2\/comments?post=758"}],"version-history":[{"count":67,"href":"https:\/\/tigerbattery.net\/fr\/wp-json\/wp\/v2\/pages\/758\/revisions"}],"predecessor-version":[{"id":3840,"href":"https:\/\/tigerbattery.net\/fr\/wp-json\/wp\/v2\/pages\/758\/revisions\/3840"}],"wp:attachment":[{"href":"https:\/\/tigerbattery.net\/fr\/wp-json\/wp\/v2\/media?parent=758"}],"curies":[{"name":"wp","href":"https:\/\/api.w.org\/{rel}","templated":true}]}}