{"id":259,"date":"2024-10-01T13:08:57","date_gmt":"2024-10-01T13:08:57","guid":{"rendered":"https:\/\/tigerbattery.net\/?page_id=259"},"modified":"2024-12-10T01:24:07","modified_gmt":"2024-12-10T01:24:07","slug":"tiger-battery-advantage","status":"publish","type":"page","link":"https:\/\/tigerbattery.net\/fr\/tiger-battery-advantage\/","title":{"rendered":"Avantage de la batterie Tiger"},"content":{"rendered":"<div data-elementor-type=\"wp-page\" data-elementor-id=\"259\" class=\"elementor elementor-259\" data-elementor-post-type=\"page\">\n\t\t\t\t<div class=\"elementor-element elementor-element-8f129a8 e-flex e-con-boxed e-con e-parent\" data-id=\"8f129a8\" data-element_type=\"container\" data-e-type=\"container\">\n\t\t\t\t\t<div class=\"e-con-inner\">\n\t\t\t\t<div class=\"elementor-element elementor-element-110bd63 elementor-invisible elementor-widget elementor-widget-heading\" data-id=\"110bd63\" data-element_type=\"widget\" data-e-type=\"widget\" data-settings=\"{&quot;_animation&quot;:&quot;slideInRight&quot;}\" data-widget_type=\"heading.default\">\n\t\t\t\t\t<h2 class=\"elementor-heading-title elementor-size-default\">La batterie du tigre USA <font color=\"black\">Avantage<\/h2>\t\t\t\t<\/div>\n\t\t\t\t<div class=\"elementor-element elementor-element-da00ea3 elementor-widget elementor-widget-image\" data-id=\"da00ea3\" data-element_type=\"widget\" data-e-type=\"widget\" data-widget_type=\"image.default\">\n\t\t\t\t\t\t\t\t\t\t\t\t\t\t\t<img fetchpriority=\"high\" decoding=\"async\" width=\"2560\" height=\"1189\" src=\"https:\/\/tigerbattery.net\/wp-content\/uploads\/2024\/12\/tigerbattery-header4-scaled.jpg\" class=\"attachment-full size-full wp-image-3885\" alt=\"\" srcset=\"https:\/\/tigerbattery.net\/wp-content\/uploads\/2024\/12\/tigerbattery-header4-scaled.jpg 2560w, https:\/\/tigerbattery.net\/wp-content\/uploads\/2024\/12\/tigerbattery-header4-300x139.jpg 300w, https:\/\/tigerbattery.net\/wp-content\/uploads\/2024\/12\/tigerbattery-header4-1024x475.jpg 1024w, https:\/\/tigerbattery.net\/wp-content\/uploads\/2024\/12\/tigerbattery-header4-768x357.jpg 768w, https:\/\/tigerbattery.net\/wp-content\/uploads\/2024\/12\/tigerbattery-header4-1536x713.jpg 1536w, https:\/\/tigerbattery.net\/wp-content\/uploads\/2024\/12\/tigerbattery-header4-2048x951.jpg 2048w, https:\/\/tigerbattery.net\/wp-content\/uploads\/2024\/12\/tigerbattery-header4-18x8.jpg 18w\" sizes=\"(max-width: 2560px) 100vw, 2560px\" \/>\t\t\t\t\t\t\t\t\t\t\t\t\t\t\t<\/div>\n\t\t\t\t<div class=\"elementor-element elementor-element-75d1333 elementor-drop-cap-yes elementor-drop-cap-view-default elementor-widget elementor-widget-text-editor\" data-id=\"75d1333\" data-element_type=\"widget\" data-e-type=\"widget\" data-settings=\"{&quot;drop_cap&quot;:&quot;yes&quot;}\" data-widget_type=\"text-editor.default\">\n\t\t\t\t\t\t\t\t\t<h3 data-sourcepos=\"1:1-1:71\"><strong>Tiger Battery USA : un fournisseur de premier plan de solutions de batteries avanc\u00e9es<\/strong><\/h3><p data-sourcepos=\"3:1-3:261\">Fond\u00e9e en 1999, Tiger Battery USA est devenue l'un des principaux fournisseurs de technologies de pointe en mati\u00e8re de batteries. Avec un engagement en faveur de l'innovation et de la satisfaction des clients, nous offrons une large gamme de batteries de haute qualit\u00e9 pour r\u00e9pondre aux divers besoins de nos partenaires internationaux.<\/p><h4 data-sourcepos=\"5:1-5:17\"><strong>Notre expertise<\/strong><\/h4><ul data-sourcepos=\"7:1-9:0\"><li data-sourcepos=\"7:1-7:171\"><strong>Batteries plomb-acide :<\/strong> Nous avons commenc\u00e9 notre parcours en 1999 avec la production de batteries plomb-acide dans notre usine de Foshan, et nous nous sommes impos\u00e9s comme un leader dans ce domaine.<\/li><li data-sourcepos=\"8:1-9:0\"><strong>Batteries LiFePO4 :<\/strong> En 2013, nous avons \u00e9largi nos capacit\u00e9s avec une nouvelle usine \u00e0 Dongguan d\u00e9di\u00e9e \u00e0 la technologie des batteries LiFePO4. Ces batteries offrent des performances, une s\u00e9curit\u00e9 et une long\u00e9vit\u00e9 sup\u00e9rieures, ce qui les rend id\u00e9ales pour les applications exigeantes.<\/li><\/ul><h4 data-sourcepos=\"10:1-10:16\"><strong>Applications<\/strong><\/h4><p data-sourcepos=\"12:1-12:60\">Nos batteries alimentent un large \u00e9ventail d'applications, notamment :<\/p><ul data-sourcepos=\"14:1-18:0\"><li data-sourcepos=\"14:1-14:39\">Syst\u00e8mes de stockage de l'\u00e9nergie solaire et \u00e9olienne<\/li><li data-sourcepos=\"15:1-15:19\">V\u00e9hicules \u00e9lectriques<\/li><li data-sourcepos=\"16:1-16:32\">Remplacement des batteries au plomb<\/li><li data-sourcepos=\"17:1-18:0\">Appareils \u00e9lectroniques (appareils photo, outils \u00e9lectriques, etc.)<\/li><\/ul><h4 data-sourcepos=\"19:1-19:16\"><strong>Port\u00e9e mondiale<\/strong><\/h4><p data-sourcepos=\"21:1-21:190\">Avec un chiffre d'affaires annuel sup\u00e9rieur \u00e0 $360 millions de dollars am\u00e9ricains et une production annuelle d'environ 168 000 000 de cellules, nous exportons nos produits vers la plupart des pays d'Europe, des \u00c9tats-Unis et de l'Asie du Sud-Est.<\/p><h4 data-sourcepos=\"23:1-23:25\"><strong>Engagement en faveur de la qualit\u00e9<\/strong><\/h4><p data-sourcepos=\"25:1-25:323\">Nous disposons d'installations de fabrication ultramodernes, d'une superficie totale de 124 000 m\u00e8tres carr\u00e9s et d'une production quotidienne de plus de 500 000 piles. Notre engagement en faveur de la qualit\u00e9 se refl\u00e8te dans nos certifications ISO9001:2000 et ISO14001:2004, et nos piles sont conformes aux normes CE, UL, RoHS et autres normes internationales.<\/p><h4 data-sourcepos=\"27:1-27:18\"><strong>L'orientation client<\/strong><\/h4><p data-sourcepos=\"29:1-29:91\">Au <a class=\"wpil_keyword_link\" href=\"https:\/\/tigerbattery.net\/fr\/\" target=\"_blank\"  rel=\"noopener\" title=\"Batterie Tigre\" data-wpil-keyword-link=\"linked\"  data-wpil-monitor-id=\"41\">Batterie Tigre<\/a> USA, nous nous engageons \u00e0 fournir un service \u00e0 la client\u00e8le exceptionnel. Nous offrons :<\/p><ul data-sourcepos=\"31:1-34:0\"><li data-sourcepos=\"31:1-31:129\"><strong>Support OEM et ODM :<\/strong> Nous avons fait nos preuves en mati\u00e8re de partenariats fructueux avec des entreprises de renom et des marques mondiales.<\/li><li data-sourcepos=\"32:1-32:116\"><strong>Expertise technique :<\/strong> Notre \u00e9quipe de R&amp;D, compos\u00e9e de plus de 60 professionnels, poss\u00e8de une grande expertise dans le domaine de la technologie des batteries.<\/li><li data-sourcepos=\"33:1-34:0\"><strong>Solutions personnalis\u00e9es :<\/strong> Avec plus de 5 ans d'exp\u00e9rience et plus de 1 100 cas r\u00e9ussis, nous pouvons concevoir des solutions sur mesure pour r\u00e9pondre \u00e0 vos besoins sp\u00e9cifiques.<\/li><\/ul><h4 data-sourcepos=\"35:1-35:17\"><strong>Nos atouts<\/strong><\/h4><ul data-sourcepos=\"37:1-40:0\"><li data-sourcepos=\"37:1-37:171\"><strong>\u00c9quipe de R&amp;D exp\u00e9riment\u00e9e :<\/strong> Notre centre technique stimule l'innovation dans diverses disciplines, notamment la conception d'ID, l'\u00e9lectronique, les logiciels, l'\u00e9lectrochimie, etc.<\/li><li data-sourcepos=\"38:1-38:183\"><strong>Des r\u00e9sultats probants :<\/strong> Nous avons fourni avec succ\u00e8s des solutions personnalis\u00e9es de batteries au lithium \u00e0 un large \u00e9ventail d'industries, notamment dans les domaines militaire, m\u00e9dical, financier et des produits de consommation.<\/li><li data-sourcepos=\"39:1-40:0\"><strong>Certifications internationales :<\/strong> Nos produits sont conformes aux normes internationales les plus strictes, notamment IEC61960, IEC62133, IEEE-1725, UL2054 et UL1642.<\/li><\/ul><p data-sourcepos=\"41:1-41:99\">Choisissez Tiger Battery USA comme partenaire de confiance pour des solutions de batteries fiables et performantes.<\/p>\t\t\t\t\t\t\t\t<\/div>\n\t\t\t\t<div class=\"elementor-element elementor-element-ced61e6 elementor-widget elementor-widget-template\" data-id=\"ced61e6\" data-element_type=\"widget\" data-e-type=\"widget\" data-widget_type=\"template.default\">\n\t\t\t\t<div class=\"elementor-widget-container\">\n\t\t\t\t\t\t\t<div class=\"elementor-template\">\n\t\t\t\t\t<div data-elementor-type=\"container\" data-elementor-id=\"3555\" class=\"elementor elementor-3555\" data-elementor-post-type=\"elementor_library\">\n\t\t\t\t<div class=\"elementor-element elementor-element-596acfd6 e-flex e-con-boxed e-con e-parent\" data-id=\"596acfd6\" data-element_type=\"container\" data-e-type=\"container\">\n\t\t\t\t\t<div class=\"e-con-inner\">\n\t\t<div class=\"elementor-element elementor-element-4851668f e-con-full e-flex e-con e-child\" data-id=\"4851668f\" data-element_type=\"container\" data-e-type=\"container\">\n\t\t\t\t<div class=\"elementor-element elementor-element-43883115 elementor-widget elementor-widget-heading\" data-id=\"43883115\" data-element_type=\"widget\" data-e-type=\"widget\" data-widget_type=\"heading.default\">\n\t\t\t\t\t<span class=\"elementor-heading-title elementor-size-default\">VOUS NE TROUVEZ PAS CE QUE VOUS CHERCHEZ ?<\/span>\t\t\t\t<\/div>\n\t\t\t\t<div class=\"elementor-element elementor-element-5f0121ff elementor-widget-divider--view-line elementor-widget elementor-widget-divider\" data-id=\"5f0121ff\" data-element_type=\"widget\" data-e-type=\"widget\" data-widget_type=\"divider.default\">\n\t\t\t\t\t\t\t<div class=\"elementor-divider\">\n\t\t\t<span class=\"elementor-divider-separator\">\n\t\t\t\t\t\t<\/span>\n\t\t<\/div>\n\t\t\t\t\t\t<\/div>\n\t\t\t\t<\/div>\n\t\t\t\t<div class=\"elementor-element elementor-element-5017a80 elementor-widget__width-initial elementor-hidden-tablet elementor-hidden-mobile elementor-widget elementor-widget-global elementor-global-3188 elementor-widget-image\" data-id=\"5017a80\" data-element_type=\"widget\" data-e-type=\"widget\" data-widget_type=\"image.default\">\n\t\t\t\t\t\t\t\t\t\t\t\t\t\t\t<img decoding=\"async\" width=\"150\" height=\"150\" src=\"https:\/\/tigerbattery.net\/wp-content\/uploads\/2024\/10\/Tiger-Battery-favicon.fw_-150x150.png\" class=\"attachment-thumbnail size-thumbnail wp-image-301\" alt=\"\" srcset=\"https:\/\/tigerbattery.net\/wp-content\/uploads\/2024\/10\/Tiger-Battery-favicon.fw_-150x150.png 150w, https:\/\/tigerbattery.net\/wp-content\/uploads\/2024\/10\/Tiger-Battery-favicon.fw_-250x250.png 250w, https:\/\/tigerbattery.net\/wp-content\/uploads\/2024\/10\/Tiger-Battery-favicon.fw_-100x100.png 100w\" sizes=\"(max-width: 150px) 100vw, 150px\" \/>\t\t\t\t\t\t\t\t\t\t\t\t\t\t\t<\/div>\n\t\t<div class=\"elementor-element elementor-element-4d4b40c e-con-full e-flex e-con e-child\" data-id=\"4d4b40c\" data-element_type=\"container\" data-e-type=\"container\">\n\t\t\t\t<div class=\"elementor-element elementor-element-5f9bb097 elementor-mobile-align-center elementor-button-info elementor-align-center elementor-widget elementor-widget-button\" data-id=\"5f9bb097\" data-element_type=\"widget\" data-e-type=\"widget\" data-widget_type=\"button.default\">\n\t\t\t\t\t\t\t\t\t\t<a class=\"elementor-button elementor-button-link elementor-size-sm\" href=\"https:\/\/tigerbattery.net\/fr\/contact-us\/\" target=\"_blank\">\n\t\t\t\t\t\t<span class=\"elementor-button-content-wrapper\">\n\t\t\t\t\t\t\t\t\t<span class=\"elementor-button-text\">LAISSEZ-NOUS VOUS AIDER<\/span>\n\t\t\t\t\t<\/span>\n\t\t\t\t\t<\/a>\n\t\t\t\t\t\t\t\t<\/div>\n\t\t\t\t<\/div>\n\t\t\t\t\t<\/div>\n\t\t\t\t<\/div>\n\t\t\t\t<\/div>\n\t\t\t\t<\/div>\n\t\t\t\t\t\t<\/div>\n\t\t\t\t<\/div>\n\t\t\t\t\t<\/div>\n\t\t\t\t<\/div>\n\t\t\t\t<\/div>","protected":false},"excerpt":{"rendered":"<p>The Tiger Battery USA Advantage Tiger Battery USA: A Leading Provider of Advanced Battery Solutions Established in 1999, Tiger Battery USA has grown into a leading provider of advanced battery technology. With a commitment to innovation and customer satisfaction, we offer a wide range of high-quality batteries to meet the diverse needs of our global [&hellip;]<\/p>","protected":false},"author":1,"featured_media":0,"parent":0,"menu_order":0,"comment_status":"closed","ping_status":"closed","template":"","meta":{"_acf_changed":false,"footnotes":""},"class_list":["post-259","page","type-page","status-publish","hentry"],"acf":[],"_links":{"self":[{"href":"https:\/\/tigerbattery.net\/fr\/wp-json\/wp\/v2\/pages\/259","targetHints":{"allow":["GET"]}}],"collection":[{"href":"https:\/\/tigerbattery.net\/fr\/wp-json\/wp\/v2\/pages"}],"about":[{"href":"https:\/\/tigerbattery.net\/fr\/wp-json\/wp\/v2\/types\/page"}],"author":[{"embeddable":true,"href":"https:\/\/tigerbattery.net\/fr\/wp-json\/wp\/v2\/users\/1"}],"replies":[{"embeddable":true,"href":"https:\/\/tigerbattery.net\/fr\/wp-json\/wp\/v2\/comments?post=259"}],"version-history":[{"count":17,"href":"https:\/\/tigerbattery.net\/fr\/wp-json\/wp\/v2\/pages\/259\/revisions"}],"predecessor-version":[{"id":6116,"href":"https:\/\/tigerbattery.net\/fr\/wp-json\/wp\/v2\/pages\/259\/revisions\/6116"}],"wp:attachment":[{"href":"https:\/\/tigerbattery.net\/fr\/wp-json\/wp\/v2\/media?parent=259"}],"curies":[{"name":"wp","href":"https:\/\/api.w.org\/{rel}","templated":true}]}}