{"id":4160,"date":"2024-12-10T08:29:57","date_gmt":"2024-12-10T08:29:57","guid":{"rendered":"https:\/\/tigerbattery.net\/?post_type=product&#038;p=4160"},"modified":"2024-12-16T21:02:24","modified_gmt":"2024-12-16T21:02:24","slug":"tiger-tbg12-90at-12v-90ah-reserve-power-gel-battery","status":"publish","type":"product","link":"https:\/\/tigerbattery.net\/es\/producto\/tiger-tbg12-90at-12v-90ah-reserve-power-gel-battery\/","title":{"rendered":"Bater\u00eda de Gel TIGER TBG12-90AT 12V 90Ah Reserva de Potencia"},"content":{"rendered":"<p>El modelo TBG12-90AT de Tiger Battery es una bater\u00eda ultra-premium de 12 voltios y 90 amperios hora (10 horas de capacidad) de reserva de energ\u00eda de gel que se utiliza principalmente para energ\u00eda solar, CATV, marina, RV, UPS de descarga profunda, redes de comunicaci\u00f3n, telecomunicaciones y otras aplicaciones adicionales. Esta bater\u00eda est\u00e1 disponible con configuraciones teminales T3.<\/p>","protected":false},"excerpt":{"rendered":"<p>El modelo TBG12-90AT de Tiger Battery es una bater\u00eda ultra-premium de 12 voltios y 90 amperios hora (10 horas de capacidad) de reserva de energ\u00eda de gel que se utiliza principalmente para energ\u00eda solar, CATV, marina, RV, UPS de descarga profunda, redes de comunicaci\u00f3n, telecomunicaciones y otras aplicaciones adicionales. Esta bater\u00eda est\u00e1 disponible con configuraciones teminales T3.<\/p>","protected":false},"featured_media":2997,"comment_status":"open","ping_status":"closed","template":"","meta":{"_acf_changed":false},"product_brand":[],"product_cat":[62,61,32,60,33,56],"product_tag":[],"class_list":{"0":"post-4160","1":"product","2":"type-product","3":"status-publish","4":"has-post-thumbnail","6":"product_cat-communication-networks","7":"product_cat-deep-discharge-ups","8":"product_cat-marine","9":"product_cat-rv","10":"product_cat-solar","11":"product_cat-telecom","13":"first","14":"instock","15":"sale","16":"shipping-taxable","17":"purchasable","18":"product-type-simple"},"acf":[],"wcpa_form_fields":null,"_links":{"self":[{"href":"https:\/\/tigerbattery.net\/es\/wp-json\/wp\/v2\/product\/4160","targetHints":{"allow":["GET"]}}],"collection":[{"href":"https:\/\/tigerbattery.net\/es\/wp-json\/wp\/v2\/product"}],"about":[{"href":"https:\/\/tigerbattery.net\/es\/wp-json\/wp\/v2\/types\/product"}],"replies":[{"embeddable":true,"href":"https:\/\/tigerbattery.net\/es\/wp-json\/wp\/v2\/comments?post=4160"}],"wp:featuredmedia":[{"embeddable":true,"href":"https:\/\/tigerbattery.net\/es\/wp-json\/wp\/v2\/media\/2997"}],"wp:attachment":[{"href":"https:\/\/tigerbattery.net\/es\/wp-json\/wp\/v2\/media?parent=4160"}],"wp:term":[{"taxonomy":"product_brand","embeddable":true,"href":"https:\/\/tigerbattery.net\/es\/wp-json\/wp\/v2\/product_brand?post=4160"},{"taxonomy":"product_cat","embeddable":true,"href":"https:\/\/tigerbattery.net\/es\/wp-json\/wp\/v2\/product_cat?post=4160"},{"taxonomy":"product_tag","embeddable":true,"href":"https:\/\/tigerbattery.net\/es\/wp-json\/wp\/v2\/product_tag?post=4160"}],"curies":[{"name":"wp","href":"https:\/\/api.w.org\/{rel}","templated":true}]}}