{"id":4134,"date":"2024-12-10T08:29:41","date_gmt":"2024-12-10T08:29:41","guid":{"rendered":"https:\/\/tigerbattery.net\/?post_type=product&#038;p=4134"},"modified":"2024-12-16T21:02:19","modified_gmt":"2024-12-16T21:02:19","slug":"tiger-tbg12-38at-12v-38ah-reserve-power-gel-battery","status":"publish","type":"product","link":"https:\/\/tigerbattery.net\/es\/producto\/tiger-tbg12-38at-12v-38ah-reserve-power-gel-battery\/","title":{"rendered":"Bater\u00eda de Gel TIGER TBG12-38AT 12V 38Ah Reserva de Potencia"},"content":{"rendered":"<p>El Modelo de Bater\u00eda Tiger TBG12-38AT es una bater\u00eda ultra-premium de 12 Voltios y 38 Amperios Hora (10HR) de Gel de Reserva de Energ\u00eda usada principalmente para Energ\u00eda Solar, CATV, Marina, RV, UPS de Descarga Profunda, Redes de Comunicaci\u00f3n, Telecom y otras aplicaciones adicionales. Esta bater\u00eda est\u00e1 disponible con configuraciones teminales T3.<\/p>","protected":false},"excerpt":{"rendered":"<p>El Modelo de Bater\u00eda Tiger TBG12-38AT es una bater\u00eda ultra-premium de 12 Voltios y 38 Amperios Hora (10HR) de Gel de Reserva de Energ\u00eda usada principalmente para Energ\u00eda Solar, CATV, Marina, RV, UPS de Descarga Profunda, Redes de Comunicaci\u00f3n, Telecom y otras aplicaciones adicionales. Esta bater\u00eda est\u00e1 disponible con configuraciones teminales T3.<\/p>","protected":false},"featured_media":3076,"comment_status":"open","ping_status":"closed","template":"","meta":{"_acf_changed":false},"product_brand":[],"product_cat":[62,61,32,60,33,56],"product_tag":[],"class_list":{"0":"post-4134","1":"product","2":"type-product","3":"status-publish","4":"has-post-thumbnail","6":"product_cat-communication-networks","7":"product_cat-deep-discharge-ups","8":"product_cat-marine","9":"product_cat-rv","10":"product_cat-solar","11":"product_cat-telecom","13":"first","14":"instock","15":"sale","16":"shipping-taxable","17":"purchasable","18":"product-type-simple"},"acf":[],"wcpa_form_fields":null,"_links":{"self":[{"href":"https:\/\/tigerbattery.net\/es\/wp-json\/wp\/v2\/product\/4134","targetHints":{"allow":["GET"]}}],"collection":[{"href":"https:\/\/tigerbattery.net\/es\/wp-json\/wp\/v2\/product"}],"about":[{"href":"https:\/\/tigerbattery.net\/es\/wp-json\/wp\/v2\/types\/product"}],"replies":[{"embeddable":true,"href":"https:\/\/tigerbattery.net\/es\/wp-json\/wp\/v2\/comments?post=4134"}],"wp:featuredmedia":[{"embeddable":true,"href":"https:\/\/tigerbattery.net\/es\/wp-json\/wp\/v2\/media\/3076"}],"wp:attachment":[{"href":"https:\/\/tigerbattery.net\/es\/wp-json\/wp\/v2\/media?parent=4134"}],"wp:term":[{"taxonomy":"product_brand","embeddable":true,"href":"https:\/\/tigerbattery.net\/es\/wp-json\/wp\/v2\/product_brand?post=4134"},{"taxonomy":"product_cat","embeddable":true,"href":"https:\/\/tigerbattery.net\/es\/wp-json\/wp\/v2\/product_cat?post=4134"},{"taxonomy":"product_tag","embeddable":true,"href":"https:\/\/tigerbattery.net\/es\/wp-json\/wp\/v2\/product_tag?post=4134"}],"curies":[{"name":"wp","href":"https:\/\/api.w.org\/{rel}","templated":true}]}}