{"id":4129,"date":"2024-12-10T08:29:40","date_gmt":"2024-12-10T08:29:40","guid":{"rendered":"https:\/\/tigerbattery.net\/?post_type=product&#038;p=4129"},"modified":"2024-12-16T21:02:18","modified_gmt":"2024-12-16T21:02:18","slug":"tiger-tbg12-26ap-12v-26ah-reserve-power-gel-battery","status":"publish","type":"product","link":"https:\/\/tigerbattery.net\/es\/producto\/tiger-tbg12-26ap-12v-26ah-reserve-power-gel-battery\/","title":{"rendered":"Bater\u00eda de Gel TIGER TBG12-26AP 12V 26Ah Reserva de Potencia"},"content":{"rendered":"<p>El Modelo de Bater\u00eda Tiger TBG12-26AP es una bater\u00eda ultra-premium de 12 Voltios y 26 Amperios Hora (10HR) de Gel de Reserva de Energ\u00eda usada principalmente para Energ\u00eda Solar, CATV, Marina, RV, UPS de Descarga Profunda, Redes de Comunicaci\u00f3n, Telecomunicaciones con otras aplicaciones adicionales. Esta bater\u00eda est\u00e1 disponible con configuraciones teminales L2.<\/p>","protected":false},"excerpt":{"rendered":"<p>El Modelo de Bater\u00eda Tiger TBG12-26AP es una bater\u00eda ultra-premium de 12 Voltios y 26 Amperios Hora (10HR) de Gel de Reserva de Energ\u00eda usada principalmente para Energ\u00eda Solar, CATV, Marina, RV, UPS de Descarga Profunda, Redes de Comunicaci\u00f3n, Telecomunicaciones con otras aplicaciones adicionales. Esta bater\u00eda est\u00e1 disponible con configuraciones teminales L2.<\/p>","protected":false},"featured_media":3079,"comment_status":"open","ping_status":"closed","template":"","meta":{"_acf_changed":false},"product_brand":[],"product_cat":[62,61,32,60,33,56],"product_tag":[],"class_list":{"0":"post-4129","1":"product","2":"type-product","3":"status-publish","4":"has-post-thumbnail","6":"product_cat-communication-networks","7":"product_cat-deep-discharge-ups","8":"product_cat-marine","9":"product_cat-rv","10":"product_cat-solar","11":"product_cat-telecom","13":"first","14":"instock","15":"sale","16":"shipping-taxable","17":"purchasable","18":"product-type-simple"},"acf":[],"wcpa_form_fields":null,"_links":{"self":[{"href":"https:\/\/tigerbattery.net\/es\/wp-json\/wp\/v2\/product\/4129","targetHints":{"allow":["GET"]}}],"collection":[{"href":"https:\/\/tigerbattery.net\/es\/wp-json\/wp\/v2\/product"}],"about":[{"href":"https:\/\/tigerbattery.net\/es\/wp-json\/wp\/v2\/types\/product"}],"replies":[{"embeddable":true,"href":"https:\/\/tigerbattery.net\/es\/wp-json\/wp\/v2\/comments?post=4129"}],"wp:featuredmedia":[{"embeddable":true,"href":"https:\/\/tigerbattery.net\/es\/wp-json\/wp\/v2\/media\/3079"}],"wp:attachment":[{"href":"https:\/\/tigerbattery.net\/es\/wp-json\/wp\/v2\/media?parent=4129"}],"wp:term":[{"taxonomy":"product_brand","embeddable":true,"href":"https:\/\/tigerbattery.net\/es\/wp-json\/wp\/v2\/product_brand?post=4129"},{"taxonomy":"product_cat","embeddable":true,"href":"https:\/\/tigerbattery.net\/es\/wp-json\/wp\/v2\/product_cat?post=4129"},{"taxonomy":"product_tag","embeddable":true,"href":"https:\/\/tigerbattery.net\/es\/wp-json\/wp\/v2\/product_tag?post=4129"}],"curies":[{"name":"wp","href":"https:\/\/api.w.org\/{rel}","templated":true}]}}