{"id":4001,"date":"2024-12-10T08:28:06","date_gmt":"2024-12-10T08:28:06","guid":{"rendered":"https:\/\/tigerbattery.net\/?post_type=product&#038;p=4001"},"modified":"2024-12-16T21:01:46","modified_gmt":"2024-12-16T21:01:46","slug":"tiger-tbm12-80bq-12v-80ah-agm-battery","status":"publish","type":"product","link":"https:\/\/tigerbattery.net\/es\/producto\/tiger-tbm12-80bq-12v-80ah-agm-battery\/","title":{"rendered":"Bater\u00eda TIGER TBM12-80BQ 12V 80Ah AGM"},"content":{"rendered":"<p>El modelo TBM12-80BQ de Tiger Battery es una bater\u00eda AGM de uso general ultra-premium de 12 voltios y 80 amperios\/hora (clasificaci\u00f3n 10HR) que se utiliza principalmente para sistemas de respaldo UPS\/EPS, m\u00e9dicos, iluminaci\u00f3n de emergencia, sistemas de seguridad y otras aplicaciones adicionales. Esta bater\u00eda est\u00e1 disponible con configuraciones teminales L11.<\/p>","protected":false},"excerpt":{"rendered":"<p>El modelo TBM12-80BQ de Tiger Battery es una bater\u00eda AGM de uso general ultra-premium de 12 voltios y 80 amperios\/hora (clasificaci\u00f3n 10HR) que se utiliza principalmente para sistemas de respaldo UPS\/EPS, m\u00e9dicos, iluminaci\u00f3n de emergencia, sistemas de seguridad y otras aplicaciones adicionales. Esta bater\u00eda est\u00e1 disponible con configuraciones teminales L11.<\/p>","protected":false},"featured_media":3090,"comment_status":"open","ping_status":"closed","template":"","meta":{"_acf_changed":false},"product_brand":[],"product_cat":[52,54,28,51,53],"product_tag":[73,75,78,74,72,79,70,77,76],"class_list":{"0":"post-4001","1":"product","2":"type-product","3":"status-publish","4":"has-post-thumbnail","6":"product_cat-emergency-lighting","7":"product_cat-medical","8":"product_cat-sealed-lead-acid","9":"product_cat-security-systems","10":"product_cat-ups-eps-backup","11":"product_tag-agm","12":"product_tag-china","13":"product_tag-lithium","14":"product_tag-manufacturer","15":"product_tag-sla","16":"product_tag-tbm","17":"product_tag-tiger-battery","18":"product_tag-usa","19":"product_tag-vietnam","21":"first","22":"instock","23":"sale","24":"shipping-taxable","25":"purchasable","26":"product-type-simple"},"acf":[],"wcpa_form_fields":null,"_links":{"self":[{"href":"https:\/\/tigerbattery.net\/es\/wp-json\/wp\/v2\/product\/4001","targetHints":{"allow":["GET"]}}],"collection":[{"href":"https:\/\/tigerbattery.net\/es\/wp-json\/wp\/v2\/product"}],"about":[{"href":"https:\/\/tigerbattery.net\/es\/wp-json\/wp\/v2\/types\/product"}],"replies":[{"embeddable":true,"href":"https:\/\/tigerbattery.net\/es\/wp-json\/wp\/v2\/comments?post=4001"}],"wp:featuredmedia":[{"embeddable":true,"href":"https:\/\/tigerbattery.net\/es\/wp-json\/wp\/v2\/media\/3090"}],"wp:attachment":[{"href":"https:\/\/tigerbattery.net\/es\/wp-json\/wp\/v2\/media?parent=4001"}],"wp:term":[{"taxonomy":"product_brand","embeddable":true,"href":"https:\/\/tigerbattery.net\/es\/wp-json\/wp\/v2\/product_brand?post=4001"},{"taxonomy":"product_cat","embeddable":true,"href":"https:\/\/tigerbattery.net\/es\/wp-json\/wp\/v2\/product_cat?post=4001"},{"taxonomy":"product_tag","embeddable":true,"href":"https:\/\/tigerbattery.net\/es\/wp-json\/wp\/v2\/product_tag?post=4001"}],"curies":[{"name":"wp","href":"https:\/\/api.w.org\/{rel}","templated":true}]}}