{"id":3963,"date":"2024-12-10T08:27:47","date_gmt":"2024-12-10T08:27:47","guid":{"rendered":"https:\/\/tigerbattery.net\/?post_type=product&#038;p=3963"},"modified":"2024-12-16T21:01:38","modified_gmt":"2024-12-16T21:01:38","slug":"tiger-tbs1275-12v-7-5ah-agm-battery","status":"publish","type":"product","link":"https:\/\/tigerbattery.net\/es\/producto\/tiger-tbs1275-12v-7-5ah-agm-battery\/","title":{"rendered":"Bater\u00eda TIGER TBS1275 12V 7.5Ah AGM"},"content":{"rendered":"<p>El modelo de bater\u00eda Tiger TBS1275 es una bater\u00eda AGM de uso general ultra-premium de 12 voltios y 7,5 amperios\/hora (20 HR) que se utiliza principalmente para sistemas de alimentaci\u00f3n ininterrumpida, m\u00e9dicos, de iluminaci\u00f3n de emergencia y de seguridad, as\u00ed como para otras aplicaciones adicionales. Esta bater\u00eda est\u00e1 disponible con configuraciones teminales F1\/F2.<\/p>","protected":false},"excerpt":{"rendered":"<p>El modelo de bater\u00eda Tiger TBS1275 es una bater\u00eda AGM de uso general ultra-premium de 12 voltios y 7,5 amperios\/hora (20 HR) que se utiliza principalmente para sistemas de alimentaci\u00f3n ininterrumpida, m\u00e9dicos, de iluminaci\u00f3n de emergencia y de seguridad, as\u00ed como para otras aplicaciones adicionales. Esta bater\u00eda est\u00e1 disponible con configuraciones teminales F1\/F2.<\/p>","protected":false},"featured_media":3123,"comment_status":"open","ping_status":"closed","template":"","meta":{"_acf_changed":false},"product_brand":[],"product_cat":[52,54,28,51,53],"product_tag":[],"class_list":{"0":"post-3963","1":"product","2":"type-product","3":"status-publish","4":"has-post-thumbnail","6":"product_cat-emergency-lighting","7":"product_cat-medical","8":"product_cat-sealed-lead-acid","9":"product_cat-security-systems","10":"product_cat-ups-eps-backup","12":"first","13":"instock","14":"sale","15":"shipping-taxable","16":"purchasable","17":"product-type-simple"},"acf":[],"wcpa_form_fields":null,"_links":{"self":[{"href":"https:\/\/tigerbattery.net\/es\/wp-json\/wp\/v2\/product\/3963","targetHints":{"allow":["GET"]}}],"collection":[{"href":"https:\/\/tigerbattery.net\/es\/wp-json\/wp\/v2\/product"}],"about":[{"href":"https:\/\/tigerbattery.net\/es\/wp-json\/wp\/v2\/types\/product"}],"replies":[{"embeddable":true,"href":"https:\/\/tigerbattery.net\/es\/wp-json\/wp\/v2\/comments?post=3963"}],"wp:featuredmedia":[{"embeddable":true,"href":"https:\/\/tigerbattery.net\/es\/wp-json\/wp\/v2\/media\/3123"}],"wp:attachment":[{"href":"https:\/\/tigerbattery.net\/es\/wp-json\/wp\/v2\/media?parent=3963"}],"wp:term":[{"taxonomy":"product_brand","embeddable":true,"href":"https:\/\/tigerbattery.net\/es\/wp-json\/wp\/v2\/product_brand?post=3963"},{"taxonomy":"product_cat","embeddable":true,"href":"https:\/\/tigerbattery.net\/es\/wp-json\/wp\/v2\/product_cat?post=3963"},{"taxonomy":"product_tag","embeddable":true,"href":"https:\/\/tigerbattery.net\/es\/wp-json\/wp\/v2\/product_tag?post=3963"}],"curies":[{"name":"wp","href":"https:\/\/api.w.org\/{rel}","templated":true}]}}