{"id":3950,"date":"2024-12-10T08:27:45","date_gmt":"2024-12-10T08:27:45","guid":{"rendered":"https:\/\/tigerbattery.net\/?post_type=product&#038;p=3950"},"modified":"2025-03-24T04:05:50","modified_gmt":"2025-03-24T04:05:50","slug":"tiger-tbs675-6v-7ah-agm-battery","status":"publish","type":"product","link":"https:\/\/tigerbattery.net\/es\/producto\/tiger-tbs675-6v-7ah-agm-battery\/","title":{"rendered":"Bater\u00eda TIGER TBS675 6V 7Ah AGM"},"content":{"rendered":"<p>El modelo TBS675 de Tiger Battery es una bater\u00eda AGM de uso general ultra-premium de 6 voltios y 7 amperios\/hora (20 HR) que se utiliza principalmente para sistemas de respaldo UPS\/EPS, m\u00e9dicos, iluminaci\u00f3n de emergencia, sistemas de seguridad y otras aplicaciones adicionales. Esta bater\u00eda est\u00e1 disponible con configuraciones teminales F1\/F2.<\/p>","protected":false},"excerpt":{"rendered":"<p>El modelo TBS675 de Tiger Battery es una bater\u00eda AGM de uso general ultra-premium de 6 voltios y 7 amperios\/hora (20 HR) que se utiliza principalmente para sistemas de respaldo UPS\/EPS, m\u00e9dicos, iluminaci\u00f3n de emergencia, sistemas de seguridad y otras aplicaciones adicionales. Esta bater\u00eda est\u00e1 disponible con configuraciones teminales F1\/F2.<\/p>","protected":false},"featured_media":7615,"comment_status":"open","ping_status":"closed","template":"","meta":{"_acf_changed":false},"product_brand":[],"product_cat":[52,54,28,51,53],"product_tag":[73,75,74,71,72,69,70,77,76],"class_list":{"0":"post-3950","1":"product","2":"type-product","3":"status-publish","4":"has-post-thumbnail","6":"product_cat-emergency-lighting","7":"product_cat-medical","8":"product_cat-sealed-lead-acid","9":"product_cat-security-systems","10":"product_cat-ups-eps-backup","11":"product_tag-agm","12":"product_tag-china","13":"product_tag-manufacturer","14":"product_tag-sealed-lead-acid","15":"product_tag-sla","16":"product_tag-tbs","17":"product_tag-tiger-battery","18":"product_tag-usa","19":"product_tag-vietnam","21":"first","22":"instock","23":"sale","24":"shipping-taxable","25":"purchasable","26":"product-type-simple"},"acf":[],"wcpa_form_fields":null,"_links":{"self":[{"href":"https:\/\/tigerbattery.net\/es\/wp-json\/wp\/v2\/product\/3950","targetHints":{"allow":["GET"]}}],"collection":[{"href":"https:\/\/tigerbattery.net\/es\/wp-json\/wp\/v2\/product"}],"about":[{"href":"https:\/\/tigerbattery.net\/es\/wp-json\/wp\/v2\/types\/product"}],"replies":[{"embeddable":true,"href":"https:\/\/tigerbattery.net\/es\/wp-json\/wp\/v2\/comments?post=3950"}],"wp:featuredmedia":[{"embeddable":true,"href":"https:\/\/tigerbattery.net\/es\/wp-json\/wp\/v2\/media\/7615"}],"wp:attachment":[{"href":"https:\/\/tigerbattery.net\/es\/wp-json\/wp\/v2\/media?parent=3950"}],"wp:term":[{"taxonomy":"product_brand","embeddable":true,"href":"https:\/\/tigerbattery.net\/es\/wp-json\/wp\/v2\/product_brand?post=3950"},{"taxonomy":"product_cat","embeddable":true,"href":"https:\/\/tigerbattery.net\/es\/wp-json\/wp\/v2\/product_cat?post=3950"},{"taxonomy":"product_tag","embeddable":true,"href":"https:\/\/tigerbattery.net\/es\/wp-json\/wp\/v2\/product_tag?post=3950"}],"curies":[{"name":"wp","href":"https:\/\/api.w.org\/{rel}","templated":true}]}}