{"id":7664,"date":"2025-05-16T06:38:09","date_gmt":"2025-05-16T06:38:09","guid":{"rendered":"https:\/\/tigerbattery.net\/?page_id=7664"},"modified":"2025-05-22T12:05:52","modified_gmt":"2025-05-22T12:05:52","slug":"battery-builder","status":"publish","type":"page","link":"https:\/\/tigerbattery.net\/es\/battery-builder\/","title":{"rendered":"Constructor de bater\u00edas"},"content":{"rendered":"<div data-elementor-type=\"wp-page\" data-elementor-id=\"7664\" class=\"elementor elementor-7664\" data-elementor-post-type=\"page\">\n\t\t\t\t<div class=\"elementor-element elementor-element-d3b57e8 e-flex e-con-boxed e-con e-parent\" data-id=\"d3b57e8\" data-element_type=\"container\" data-e-type=\"container\" data-settings=\"{&quot;background_background&quot;:&quot;classic&quot;}\">\n\t\t\t\t\t<div class=\"e-con-inner\">\n\t\t\t\t<div class=\"elementor-element elementor-element-80f51a5 elementor-widget elementor-widget-heading\" data-id=\"80f51a5\" data-element_type=\"widget\" data-e-type=\"widget\" data-widget_type=\"heading.default\">\n\t\t\t\t\t<h2 class=\"elementor-heading-title elementor-size-default\">Bater\u00eda Tiger <font color=\"white\">Constructor de bater\u00edas<\/font> <\/h2>\t\t\t\t<\/div>\n\t\t\t\t<div class=\"elementor-element elementor-element-2deefb8 elementor-widget elementor-widget-image\" data-id=\"2deefb8\" data-element_type=\"widget\" data-e-type=\"widget\" data-widget_type=\"image.default\">\n\t\t\t\t\t\t\t\t\t\t\t\t\t\t\t<img decoding=\"async\" src=\"https:\/\/tigerbattery.net\/wp-content\/uploads\/elementor\/thumbs\/battery-builder-explainer-image-r9semum3jlqwgmb467fi3g5cicnuod0u4r08dgg0zs.jpg\" title=\"battery builder explainer image\" alt=\"battery builder explainer image\" loading=\"lazy\" \/>\t\t\t\t\t\t\t\t\t\t\t\t\t\t\t<\/div>\n\t\t\t\t<div class=\"elementor-element elementor-element-f05f322 elementor-widget__width-initial elementor-button-align-stretch elementor-widget elementor-widget-form\" data-id=\"f05f322\" data-element_type=\"widget\" data-e-type=\"widget\" id=\"Battery_Builder\" data-settings=\"{&quot;step_next_label&quot;:&quot;Next&quot;,&quot;step_previous_label&quot;:&quot;Previous&quot;,&quot;button_width&quot;:&quot;100&quot;,&quot;step_type&quot;:&quot;number_text&quot;,&quot;step_icon_shape&quot;:&quot;circle&quot;}\" data-widget_type=\"form.default\">\n\t\t\t\t\t\t\t<form class=\"elementor-form\" method=\"post\" id=\"Battery_Builder\" name=\"Battery_Builder\" aria-label=\"Constructor de bater\u00edas\" action=\"\">\n\t\t\t<input type=\"hidden\" name=\"post_id\" value=\"7664\"\/>\n\t\t\t<input type=\"hidden\" name=\"form_id\" value=\"f05f322\"\/>\n\t\t\t<input type=\"hidden\" name=\"referer_title\" value=\"Battery Builder\" \/>\n\n\t\t\t\t\t\t\t<input type=\"hidden\" name=\"queried_id\" value=\"7664\"\/>\n\t\t\t\n\t\t\t<div class=\"elementor-form-fields-wrapper elementor-labels-above\">\n\t\t\t\t\t\t\t\t<div class=\"elementor-field-type-select elementor-field-group elementor-column elementor-field-group-field_2d2b2f1 elementor-col-100 elementor-field-required elementor-mark-required\">\n\t\t\t\t\t\t\t\t\t\t\t\t<label for=\"form-field-field_2d2b2f1\" class=\"elementor-field-label\">\n\t\t\t\t\t\t\t\tQu\u00edmica\t\t\t\t\t\t\t<\/label>\n\t\t\t\t\t\t\t\t<div class=\"elementor-field elementor-select-wrapper remove-before\">\n\t\t\t<div class=\"select-caret-down-wrapper\">\n\t\t\t\t<svg aria-hidden=\"true\" class=\"e-font-icon-svg e-eicon-caret-down\" viewbox=\"0 0 571.4 571.4\" xmlns=\"http:\/\/www.w3.org\/2000\/svg\"><path d=\"M571 393Q571 407 561 418L311 668Q300 679 286 679T261 668L11 418Q0 407 0 393T11 368 36 357H536Q550 357 561 368T571 393Z\"><\/path><\/svg>\t\t\t<\/div>\n\t\t\t<select name=\"form_fields[field_2d2b2f1]\" id=\"form-field-field_2d2b2f1\" class=\"elementor-field-textual elementor-size-md\" required=\"required\">\n\t\t\t\t\t\t\t\t\t<option value=\"Alkaline\">Alcalino<\/option>\n\t\t\t\t\t\t\t\t\t<option value=\"Lead-Acid\">Plomo-\u00e1cido<\/option>\n\t\t\t\t\t\t\t\t\t<option value=\"Lithium Cobalt Oxide\">\u00d3xido de litio y cobalto<\/option>\n\t\t\t\t\t\t\t\t\t<option value=\"Lithium Iron Phosphate\">Fosfato de litio y hierro<\/option>\n\t\t\t\t\t\t\t\t\t<option value=\"Lithium Nickel Cobalt Aluminum Oxide\">\u00d3xido de litio, n\u00edquel, cobalto y aluminio<\/option>\n\t\t\t\t\t\t\t\t\t<option value=\"Lithium Nickel Manganese Cobalt Oxide\">\u00d3xido de litio, n\u00edquel, manganeso y cobalto<\/option>\n\t\t\t\t\t\t\t\t\t<option value=\"Lithium Polymer\">Pol\u00edmero de litio<\/option>\n\t\t\t\t\t\t\t\t\t<option value=\"Lithium Titanate\">Titanato de litio<\/option>\n\t\t\t\t\t\t\t\t\t<option value=\"Nickel Cadmium\">N\u00edquel Cadmio<\/option>\n\t\t\t\t\t\t\t\t\t<option value=\"Nickel Metal Hydride\">Hidruro met\u00e1lico de n\u00edquel<\/option>\n\t\t\t\t\t\t\t\t\t<option value=\"Nickel Zinc\">N\u00edquel Cinc<\/option>\n\t\t\t\t\t\t\t\t\t<option value=\"Silver Oxide\">\u00d3xido de plata<\/option>\n\t\t\t\t\t\t\t\t\t<option value=\"Sodium Sulfur\">Azufre s\u00f3dico<\/option>\n\t\t\t\t\t\t\t\t\t<option value=\"Zinc-Air\">Zinc-Aire<\/option>\n\t\t\t\t\t\t\t\t\t<option value=\"Zinc-Carbon\">Zinc-Carbono<\/option>\n\t\t\t\t\t\t\t<\/select>\n\t\t<\/div>\n\t\t\t\t\t\t<\/div>\n\t\t\t\t\t\t\t\t<div class=\"elementor-field-type-select elementor-field-group elementor-column elementor-field-group-field_51aa1a6 elementor-col-100 elementor-field-required elementor-mark-required\">\n\t\t\t\t\t\t\t\t\t\t\t\t<label for=\"form-field-field_51aa1a6\" class=\"elementor-field-label\">\n\t\t\t\t\t\t\t\tVoltios\t\t\t\t\t\t\t<\/label>\n\t\t\t\t\t\t\t\t<div class=\"elementor-field elementor-select-wrapper remove-before\">\n\t\t\t<div class=\"select-caret-down-wrapper\">\n\t\t\t\t<svg aria-hidden=\"true\" class=\"e-font-icon-svg e-eicon-caret-down\" viewbox=\"0 0 571.4 571.4\" xmlns=\"http:\/\/www.w3.org\/2000\/svg\"><path d=\"M571 393Q571 407 561 418L311 668Q300 679 286 679T261 668L11 418Q0 407 0 393T11 368 36 357H536Q550 357 561 368T571 393Z\"><\/path><\/svg>\t\t\t<\/div>\n\t\t\t<select name=\"form_fields[field_51aa1a6]\" id=\"form-field-field_51aa1a6\" class=\"elementor-field-textual elementor-size-md\" required=\"required\">\n\t\t\t\t\t\t\t\t\t<option value=\"1.2V\">1.2V<\/option>\n\t\t\t\t\t\t\t\t\t<option value=\"1.5V\">1.5V<\/option>\n\t\t\t\t\t\t\t\t\t<option value=\"1.8V\">1.8V<\/option>\n\t\t\t\t\t\t\t\t\t<option value=\"2.0V\">2.0V<\/option>\n\t\t\t\t\t\t\t\t\t<option value=\"2.4V\">2.4V<\/option>\n\t\t\t\t\t\t\t\t\t<option value=\"3.0V\">3.0V<\/option>\n\t\t\t\t\t\t\t\t\t<option value=\"3.2V\">3.2V<\/option>\n\t\t\t\t\t\t\t\t\t<option value=\"3.6V\">3.6V<\/option>\n\t\t\t\t\t\t\t\t\t<option value=\"3.7V\">3.7V<\/option>\n\t\t\t\t\t\t\t\t\t<option value=\"3.8V\">3.8V<\/option>\n\t\t\t\t\t\t\t\t\t<option value=\"3.85V\">3.85V<\/option>\n\t\t\t\t\t\t\t\t\t<option value=\"4.0V\">4.0V<\/option>\n\t\t\t\t\t\t\t\t\t<option value=\"4.2V\">4.2V<\/option>\n\t\t\t\t\t\t\t\t\t<option value=\"4.35V\">4.35V<\/option>\n\t\t\t\t\t\t\t\t\t<option value=\"6.0V\">6.0V<\/option>\n\t\t\t\t\t\t\t\t\t<option value=\"7.2V\">7.2V<\/option>\n\t\t\t\t\t\t\t\t\t<option value=\"7.4V\">7.4V<\/option>\n\t\t\t\t\t\t\t\t\t<option value=\"8.4V\">8.4V<\/option>\n\t\t\t\t\t\t\t\t\t<option value=\"9.0V\">9.0V<\/option>\n\t\t\t\t\t\t\t\t\t<option value=\"10.8V\">10.8V<\/option>\n\t\t\t\t\t\t\t\t\t<option value=\"11.1V\">11.1V<\/option>\n\t\t\t\t\t\t\t\t\t<option value=\"12.0V\">12.0V<\/option>\n\t\t\t\t\t\t\t\t\t<option value=\"12.6V\">12.6V<\/option>\n\t\t\t\t\t\t\t\t\t<option value=\"12.8V\">12.8V<\/option>\n\t\t\t\t\t\t\t\t\t<option value=\"13.2V\">13.2V<\/option>\n\t\t\t\t\t\t\t\t\t<option value=\"14.4V\">14.4V<\/option>\n\t\t\t\t\t\t\t\t\t<option value=\"14.8V\">14.8V<\/option>\n\t\t\t\t\t\t\t\t\t<option value=\"15.2V\">15.2V<\/option>\n\t\t\t\t\t\t\t\t\t<option value=\"16.8V\">16.8V<\/option>\n\t\t\t\t\t\t\t\t\t<option value=\"18.0V\">18.0V<\/option>\n\t\t\t\t\t\t\t\t\t<option value=\"18.5V\">18.5V<\/option>\n\t\t\t\t\t\t\t\t\t<option value=\"19.2V\">19.2V<\/option>\n\t\t\t\t\t\t\t\t\t<option value=\"21.6V\">21.6V<\/option>\n\t\t\t\t\t\t\t\t\t<option value=\"22.2V\">22.2V<\/option>\n\t\t\t\t\t\t\t\t\t<option value=\"24.0V\">24.0V<\/option>\n\t\t\t\t\t\t\t\t\t<option value=\"25.2V\">25.2V<\/option>\n\t\t\t\t\t\t\t\t\t<option value=\"25.6V\">25.6V<\/option>\n\t\t\t\t\t\t\t\t\t<option value=\"28.8V\">28.8V<\/option>\n\t\t\t\t\t\t\t\t\t<option value=\"29.4V\">29.4V<\/option>\n\t\t\t\t\t\t\t\t\t<option value=\"33.3V\">33.3V<\/option>\n\t\t\t\t\t\t\t\t\t<option value=\"36.0V\">36.0V<\/option>\n\t\t\t\t\t\t\t\t\t<option value=\"37.0V\">37.0V<\/option>\n\t\t\t\t\t\t\t\t\t<option value=\"42.0V\">42.0V<\/option>\n\t\t\t\t\t\t\t\t\t<option value=\"48.0V\">48.0V<\/option>\n\t\t\t\t\t\t\t\t\t<option value=\"54.6V\">54.6V<\/option>\n\t\t\t\t\t\t\t\t\t<option value=\"60.0V\">60.0V<\/option>\n\t\t\t\t\t\t\t\t\t<option value=\"72.0V\">72.0V<\/option>\n\t\t\t\t\t\t\t\t\t<option value=\"96.0V\">96.0V<\/option>\n\t\t\t\t\t\t\t\t\t<option value=\"120.0V\">120.0V<\/option>\n\t\t\t\t\t\t\t\t\t<option value=\"240.0V\">240.0V<\/option>\n\t\t\t\t\t\t\t\t\t<option value=\"\"><\/option>\n\t\t\t\t\t\t\t<\/select>\n\t\t<\/div>\n\t\t\t\t\t\t<\/div>\n\t\t\t\t\t\t\t\t<div class=\"elementor-field-type-select elementor-field-group elementor-column elementor-field-group-field_5ae05c3 elementor-col-100\">\n\t\t\t\t\t\t\t\t\t\t\t\t<label for=\"form-field-field_5ae05c3\" class=\"elementor-field-label\">\n\t\t\t\t\t\t\t\tCapacidad\t\t\t\t\t\t\t<\/label>\n\t\t\t\t\t\t\t\t<div class=\"elementor-field elementor-select-wrapper remove-before\">\n\t\t\t<div class=\"select-caret-down-wrapper\">\n\t\t\t\t<svg aria-hidden=\"true\" class=\"e-font-icon-svg e-eicon-caret-down\" viewbox=\"0 0 571.4 571.4\" xmlns=\"http:\/\/www.w3.org\/2000\/svg\"><path d=\"M571 393Q571 407 561 418L311 668Q300 679 286 679T261 668L11 418Q0 407 0 393T11 368 36 357H536Q550 357 561 368T571 393Z\"><\/path><\/svg>\t\t\t<\/div>\n\t\t\t<select name=\"form_fields[field_5ae05c3]\" id=\"form-field-field_5ae05c3\" class=\"elementor-field-textual elementor-size-md\">\n\t\t\t\t\t\t\t\t\t<option value=\"0.01Ah\">0,01Ah<\/option>\n\t\t\t\t\t\t\t\t\t<option value=\"0.02Ah\">0,02Ah<\/option>\n\t\t\t\t\t\t\t\t\t<option value=\"0.05Ah\">0,05Ah<\/option>\n\t\t\t\t\t\t\t\t\t<option value=\"0.1Ah\">0.1Ah<\/option>\n\t\t\t\t\t\t\t\t\t<option value=\"0.15Ah\">0,15 Ah<\/option>\n\t\t\t\t\t\t\t\t\t<option value=\"0.2Ah\">0,2 Ah<\/option>\n\t\t\t\t\t\t\t\t\t<option value=\"0.3Ah\">0,3 Ah<\/option>\n\t\t\t\t\t\t\t\t\t<option value=\"0.5Ah\">0,5 Ah<\/option>\n\t\t\t\t\t\t\t\t\t<option value=\"0.6Ah\">0,6 Ah<\/option>\n\t\t\t\t\t\t\t\t\t<option value=\"0.7Ah\">0,7 Ah<\/option>\n\t\t\t\t\t\t\t\t\t<option value=\"0.8Ah\">0,8 Ah<\/option>\n\t\t\t\t\t\t\t\t\t<option value=\"1Ah\">1Ah<\/option>\n\t\t\t\t\t\t\t\t\t<option value=\"1Ah\">1Ah<\/option>\n\t\t\t\t\t\t\t\t\t<option value=\"1.2Ah\">1,2 Ah<\/option>\n\t\t\t\t\t\t\t\t\t<option value=\"1.5Ah\">1,5Ah<\/option>\n\t\t\t\t\t\t\t\t\t<option value=\"1.8Ah\">1,8Ah<\/option>\n\t\t\t\t\t\t\t\t\t<option value=\"2Ah\">2Ah<\/option>\n\t\t\t\t\t\t\t\t\t<option value=\"2.2Ah\">2,2 Ah<\/option>\n\t\t\t\t\t\t\t\t\t<option value=\"2.3Ah\">2,3 Ah<\/option>\n\t\t\t\t\t\t\t\t\t<option value=\"2.5Ah\">2,5 Ah<\/option>\n\t\t\t\t\t\t\t\t\t<option value=\"2.6Ah\">2,6 Ah<\/option>\n\t\t\t\t\t\t\t\t\t<option value=\"3Ah\">3Ah<\/option>\n\t\t\t\t\t\t\t\t\t<option value=\"3.5Ah\">3,5 Ah<\/option>\n\t\t\t\t\t\t\t\t\t<option value=\"4Ah\">4Ah<\/option>\n\t\t\t\t\t\t\t\t\t<option value=\"5Ah\">5Ah<\/option>\n\t\t\t\t\t\t\t\t\t<option value=\"6Ah\">6Ah<\/option>\n\t\t\t\t\t\t\t\t\t<option value=\"8Ah\">8Ah<\/option>\n\t\t\t\t\t\t\t\t\t<option value=\"10Ah\">10Ah<\/option>\n\t\t\t\t\t\t\t\t\t<option value=\"12Ah\">12Ah<\/option>\n\t\t\t\t\t\t\t\t\t<option value=\"15Ah\">15Ah<\/option>\n\t\t\t\t\t\t\t\t\t<option value=\"18Ah\">18Ah<\/option>\n\t\t\t\t\t\t\t\t\t<option value=\"20Ah\">20Ah<\/option>\n\t\t\t\t\t\t\t\t\t<option value=\"30Ah\">30Ah<\/option>\n\t\t\t\t\t\t\t\t\t<option value=\"40Ah\">40Ah<\/option>\n\t\t\t\t\t\t\t\t\t<option value=\"50Ah\">50Ah<\/option>\n\t\t\t\t\t\t\t\t\t<option value=\"60Ah\">60Ah<\/option>\n\t\t\t\t\t\t\t\t\t<option value=\"75Ah\">75Ah<\/option>\n\t\t\t\t\t\t\t\t\t<option value=\"80Ah\">80Ah<\/option>\n\t\t\t\t\t\t\t\t\t<option value=\"100Ah\">100Ah<\/option>\n\t\t\t\t\t\t\t\t\t<option value=\"120Ah\">120Ah<\/option>\n\t\t\t\t\t\t\t\t\t<option value=\"150Ah\">150Ah<\/option>\n\t\t\t\t\t\t\t\t\t<option value=\"200Ah\">200Ah<\/option>\n\t\t\t\t\t\t\t\t\t<option value=\"300Ah\">300Ah<\/option>\n\t\t\t\t\t\t\t\t\t<option value=\"500Ah\">500Ah<\/option>\n\t\t\t\t\t\t\t\t\t<option value=\"600Ah\">600Ah<\/option>\n\t\t\t\t\t\t\t\t\t<option value=\"700Ah\">700Ah<\/option>\n\t\t\t\t\t\t\t\t\t<option value=\"800Ah\">800Ah<\/option>\n\t\t\t\t\t\t\t\t\t<option value=\"900Ah\">900Ah<\/option>\n\t\t\t\t\t\t\t\t\t<option value=\"1000Ah\">1000Ah<\/option>\n\t\t\t\t\t\t\t\t\t<option value=\"1500Ah\">1500Ah<\/option>\n\t\t\t\t\t\t\t\t\t<option value=\"2500Ah\">2500Ah<\/option>\n\t\t\t\t\t\t\t\t\t<option value=\"Other\">Otros<\/option>\n\t\t\t\t\t\t\t<\/select>\n\t\t<\/div>\n\t\t\t\t\t\t<\/div>\n\t\t\t\t\t\t\t\t<div class=\"elementor-field-type-select elementor-field-group elementor-column elementor-field-group-field_c904287 elementor-col-100 elementor-field-required elementor-mark-required\">\n\t\t\t\t\t\t\t\t\t\t\t\t<label for=\"form-field-field_c904287\" class=\"elementor-field-label\">\n\t\t\t\t\t\t\t\tTerminales\t\t\t\t\t\t\t<\/label>\n\t\t\t\t\t\t\t\t<div class=\"elementor-field elementor-select-wrapper remove-before\">\n\t\t\t<div class=\"select-caret-down-wrapper\">\n\t\t\t\t<svg aria-hidden=\"true\" class=\"e-font-icon-svg e-eicon-caret-down\" viewbox=\"0 0 571.4 571.4\" xmlns=\"http:\/\/www.w3.org\/2000\/svg\"><path d=\"M571 393Q571 407 561 418L311 668Q300 679 286 679T261 668L11 418Q0 407 0 393T11 368 36 357H536Q550 357 561 368T571 393Z\"><\/path><\/svg>\t\t\t<\/div>\n\t\t\t<select name=\"form_fields[field_c904287]\" id=\"form-field-field_c904287\" class=\"elementor-field-textual elementor-size-md\" required=\"required\">\n\t\t\t\t\t\t\t\t\t<option value=\"Anderson\">Anderson<\/option>\n\t\t\t\t\t\t\t\t\t<option value=\"Automotive Post\">Correo del Autom\u00f3vil<\/option>\n\t\t\t\t\t\t\t\t\t<option value=\"Bolt Post\">Puesto de pernos<\/option>\n\t\t\t\t\t\t\t\t\t<option value=\"Boss Post\">Puesto de Jefe<\/option>\n\t\t\t\t\t\t\t\t\t<option value=\"Button Top\">Botones<\/option>\n\t\t\t\t\t\t\t\t\t<option value=\"Coin Top\">Coin Top<\/option>\n\t\t\t\t\t\t\t\t\t<option value=\"DIN Post\">Puesto DIN<\/option>\n\t\t\t\t\t\t\t\t\t<option value=\"Eyelet\">Ojal<\/option>\n\t\t\t\t\t\t\t\t\t<option value=\"F1\">F1<\/option>\n\t\t\t\t\t\t\t\t\t<option value=\"F2\">F2<\/option>\n\t\t\t\t\t\t\t\t\t<option value=\"Faston Tab Large\">Faston Tab Grande<\/option>\n\t\t\t\t\t\t\t\t\t<option value=\"Faston Tab Medium\">Faston Tab Mediana<\/option>\n\t\t\t\t\t\t\t\t\t<option value=\"Faston Tab Small\">Faston Tab Peque\u00f1o<\/option>\n\t\t\t\t\t\t\t\t\t<option value=\"Flag\">Bandera<\/option>\n\t\t\t\t\t\t\t\t\t<option value=\"Flat Blade\">Cuchilla plana<\/option>\n\t\t\t\t\t\t\t\t\t<option value=\"Fork\">Horquilla<\/option>\n\t\t\t\t\t\t\t\t\t<option value=\"Hook\">Gancho<\/option>\n\t\t\t\t\t\t\t\t\t<option value=\"JIS Post\">Correo JIS<\/option>\n\t\t\t\t\t\t\t\t\t<option value=\"L Post\">L Puesto<\/option>\n\t\t\t\t\t\t\t\t\t<option value=\"Offset Quick Connect\">Conector r\u00e1pido offset<\/option>\n\t\t\t\t\t\t\t\t\t<option value=\"Pin\">Pin<\/option>\n\t\t\t\t\t\t\t\t\t<option value=\"Push-On Tab\">Leng\u00fceta Push-On<\/option>\n\t\t\t\t\t\t\t\t\t<option value=\"Quick Connect Tab\">Pesta\u00f1a de conexi\u00f3n r\u00e1pida<\/option>\n\t\t\t\t\t\t\t\t\t<option value=\"Ring\">Anillo<\/option>\n\t\t\t\t\t\t\t\t\t<option value=\"Screw Post\">Tornillo Post<\/option>\n\t\t\t\t\t\t\t\t\t<option value=\"Side Post\">Puesto lateral<\/option>\n\t\t\t\t\t\t\t\t\t<option value=\"Snap-On Tab\">Leng\u00fceta a presi\u00f3n<\/option>\n\t\t\t\t\t\t\t\t\t<option value=\"Spade\">Pala<\/option>\n\t\t\t\t\t\t\t\t\t<option value=\"Stake\">Estaca<\/option>\n\t\t\t\t\t\t\t\t\t<option value=\"Stud Post\">Stud Post<\/option>\n\t\t\t\t\t\t\t\t\t<option value=\"T Post\">Puesto T<\/option>\n\t\t\t\t\t\t\t\t\t<option value=\"T1\">T1<\/option>\n\t\t\t\t\t\t\t\t\t<option value=\"T2\">T2<\/option>\n\t\t\t\t\t\t\t\t\t<option value=\"U Post\">Puesto U<\/option>\n\t\t\t\t\t\t\t\t\t<option value=\"Wing Nut Stud\">Tuerca de mariposa<\/option>\n\t\t\t\t\t\t\t\t\t<option value=\"Z1\">Z1<\/option>\n\t\t\t\t\t\t\t\t\t<option value=\"Z2\">Z2<\/option>\n\t\t\t\t\t\t\t\t\t<option value=\"Z3\">Z3<\/option>\n\t\t\t\t\t\t\t\t\t<option value=\"Other\">Otros<\/option>\n\t\t\t\t\t\t\t\t\t<option value=\"\"><\/option>\n\t\t\t\t\t\t\t<\/select>\n\t\t<\/div>\n\t\t\t\t\t\t<\/div>\n\t\t\t\t\t\t\t\t<div class=\"elementor-field-type-select elementor-field-group elementor-column elementor-field-group-field_ec230c0 elementor-col-100 elementor-field-required elementor-mark-required\">\n\t\t\t\t\t\t\t\t\t\t\t\t<label for=\"form-field-field_ec230c0\" class=\"elementor-field-label\">\n\t\t\t\t\t\t\t\tCantidad\t\t\t\t\t\t\t<\/label>\n\t\t\t\t\t\t\t\t<div class=\"elementor-field elementor-select-wrapper remove-before\">\n\t\t\t<div class=\"select-caret-down-wrapper\">\n\t\t\t\t<svg aria-hidden=\"true\" class=\"e-font-icon-svg e-eicon-caret-down\" viewbox=\"0 0 571.4 571.4\" xmlns=\"http:\/\/www.w3.org\/2000\/svg\"><path d=\"M571 393Q571 407 561 418L311 668Q300 679 286 679T261 668L11 418Q0 407 0 393T11 368 36 357H536Q550 357 561 368T571 393Z\"><\/path><\/svg>\t\t\t<\/div>\n\t\t\t<select name=\"form_fields[field_ec230c0]\" id=\"form-field-field_ec230c0\" class=\"elementor-field-textual elementor-size-md\" required=\"required\">\n\t\t\t\t\t\t\t\t\t<option value=\"100\">100<\/option>\n\t\t\t\t\t\t\t\t\t<option value=\"500\">500<\/option>\n\t\t\t\t\t\t\t\t\t<option value=\"1000\">1000<\/option>\n\t\t\t\t\t\t\t\t\t<option value=\"1500\">1500<\/option>\n\t\t\t\t\t\t\t\t\t<option value=\"2500\">2500<\/option>\n\t\t\t\t\t\t\t\t\t<option value=\"5000\">5000<\/option>\n\t\t\t\t\t\t\t\t\t<option value=\"8500\">8500<\/option>\n\t\t\t\t\t\t\t\t\t<option value=\"9999+\">9999+<\/option>\n\t\t\t\t\t\t\t<\/select>\n\t\t<\/div>\n\t\t\t\t\t\t<\/div>\n\t\t\t\t\t\t\t\t<div class=\"elementor-field-type-email elementor-field-group elementor-column elementor-field-group-field_3142797 elementor-col-100 elementor-field-required elementor-mark-required\">\n\t\t\t\t\t\t\t\t\t\t\t\t<label for=\"form-field-field_3142797\" class=\"elementor-field-label\">\n\t\t\t\t\t\t\t\tCorreo electr\u00f3nico\t\t\t\t\t\t\t<\/label>\n\t\t\t\t\t\t\t\t\t\t\t\t\t\t<input size=\"1\" type=\"email\" name=\"form_fields[field_3142797]\" id=\"form-field-field_3142797\" class=\"elementor-field elementor-size-md  elementor-field-textual\" required=\"required\">\n\t\t\t\t\t\t\t\t\t\t\t<\/div>\n\t\t\t\t\t\t\t\t<div class=\"elementor-field-group elementor-column elementor-field-type-submit elementor-col-100 e-form__buttons\">\n\t\t\t\t\t<button class=\"elementor-button elementor-size-sm\" type=\"submit\">\n\t\t\t\t\t\t<span class=\"elementor-button-content-wrapper\">\n\t\t\t\t\t\t\t\t\t\t\t\t\t\t\t\t\t\t\t\t\t\t<span class=\"elementor-button-text\">Enviar<\/span>\n\t\t\t\t\t\t\t\t\t\t\t\t\t<\/span>\n\t\t\t\t\t<\/button>\n\t\t\t\t<\/div>\n\t\t\t<\/div>\n\t\t<input type=\"hidden\" name=\"trp-form-language\" value=\"es\"\/><\/form>\n\t\t\t\t\t\t<\/div>\n\t\t\t\t<div class=\"elementor-element elementor-element-9557286 elementor-widget__width-initial elementor-widget elementor-widget-text-editor\" data-id=\"9557286\" data-element_type=\"widget\" data-e-type=\"widget\" data-widget_type=\"text-editor.default\">\n\t\t\t\t\t\t\t\t\t<p><strong><span style=\"color: #000000;\">Su f\u00e1brica personal de pilas<\/span><\/strong><br \/><span style=\"color: #000000;\">Con <a href=\"https:\/\/tigerbattery.net\/es\/battery-builder\/\" target=\"_blank\">Constructor de bater\u00edas<\/a>obtendr\u00e1 acceso instant\u00e1neo a su propia f\u00e1brica de bater\u00edas. S\u00f3lo tiene que seleccionar la composici\u00f3n qu\u00edmica, el voltaje, la capacidad, el tipo de terminal y la cantidad, y hacer clic en Enviar. Eso es todo lo que necesita para convertir sus especificaciones en un pedido de bater\u00edas personalizadas.<\/span><\/p><p><span style=\"color: #000000;\"><strong>Revisi\u00f3n por expertos y maqueta<\/strong><\/span><br \/><span style=\"color: #000000;\">En cuanto su solicitud llega a nuestro sistema, uno de nuestros experimentados ingenieros de ventas de bater\u00edas se hace cargo. Revisar\u00e1n sus requisitos, elaborar\u00e1n una maqueta detallada y se asegurar\u00e1n de que todas las conexiones, celdas y especificaciones coincidan exactamente con lo que necesita.<\/span><\/p><p><strong><span style=\"color: #000000;\">Reciba su presupuesto<\/span><\/strong><br \/><span style=\"color: #000000;\">En unos instantes, recibir\u00e1 un presupuesto personalizado con el coste, el plazo de entrega y las opciones adicionales. Se acabaron los compromisos est\u00e1ndar: solo soluciones energ\u00e9ticas a medida creadas para su aplicaci\u00f3n exacta.<\/span><\/p><p><strong><span style=\"color: #000000;\">R\u00e1pido, sencillo y fiable<\/span><\/strong><br \/><span style=\"color: #000000;\">Del prototipo a la producci\u00f3n, <a href=\"https:\/\/tigerbattery.net\/es\/battery-builder\/\" target=\"_blank\">Constructor de bater\u00edas<\/a> agiliza todo el proceso. Obtenga el rendimiento que necesita sin conjeturas: su bater\u00eda personalizada empieza aqu\u00ed.<\/span><\/p>\t\t\t\t\t\t\t\t<\/div>\n\t\t\t\t\t<\/div>\n\t\t\t\t<\/div>\n\t\t\t\t<\/div>","protected":false},"excerpt":{"rendered":"<p>Tiger Battery Battery Builder Your Personal Battery Factory!With Battery Builder, you get instant access to your very own battery factory. Simply select your chemistry, voltage, capacity, terminal type, and quantity, then click Submit. That\u2019s all it takes to turn your specifications into a custom battery order. Expert Review &amp; MockupAs soon as your request hits [&hellip;]<\/p>","protected":false},"author":1,"featured_media":0,"parent":0,"menu_order":0,"comment_status":"closed","ping_status":"closed","template":"","meta":{"_acf_changed":false,"footnotes":""},"class_list":["post-7664","page","type-page","status-publish","hentry"],"acf":[],"_links":{"self":[{"href":"https:\/\/tigerbattery.net\/es\/wp-json\/wp\/v2\/pages\/7664","targetHints":{"allow":["GET"]}}],"collection":[{"href":"https:\/\/tigerbattery.net\/es\/wp-json\/wp\/v2\/pages"}],"about":[{"href":"https:\/\/tigerbattery.net\/es\/wp-json\/wp\/v2\/types\/page"}],"author":[{"embeddable":true,"href":"https:\/\/tigerbattery.net\/es\/wp-json\/wp\/v2\/users\/1"}],"replies":[{"embeddable":true,"href":"https:\/\/tigerbattery.net\/es\/wp-json\/wp\/v2\/comments?post=7664"}],"version-history":[{"count":130,"href":"https:\/\/tigerbattery.net\/es\/wp-json\/wp\/v2\/pages\/7664\/revisions"}],"predecessor-version":[{"id":7870,"href":"https:\/\/tigerbattery.net\/es\/wp-json\/wp\/v2\/pages\/7664\/revisions\/7870"}],"wp:attachment":[{"href":"https:\/\/tigerbattery.net\/es\/wp-json\/wp\/v2\/media?parent=7664"}],"curies":[{"name":"wp","href":"https:\/\/api.w.org\/{rel}","templated":true}]}}