{"id":257,"date":"2024-10-01T13:08:30","date_gmt":"2024-10-01T13:08:30","guid":{"rendered":"https:\/\/tigerbattery.net\/?page_id=257"},"modified":"2024-12-07T09:48:19","modified_gmt":"2024-12-07T09:48:19","slug":"privacy-policy","status":"publish","type":"page","link":"https:\/\/tigerbattery.net\/es\/privacy-policy\/","title":{"rendered":"Pol\u00edtica de privacidad"},"content":{"rendered":"<div data-elementor-type=\"wp-page\" data-elementor-id=\"257\" class=\"elementor elementor-257\" data-elementor-post-type=\"page\">\n\t\t\t\t<div class=\"elementor-element elementor-element-4c061b26 e-flex e-con-boxed e-con e-parent\" data-id=\"4c061b26\" data-element_type=\"container\">\n\t\t\t\t\t<div class=\"e-con-inner\">\n\t\t\t\t<div class=\"elementor-element elementor-element-6c8a0d2 elementor-widget elementor-widget-image\" data-id=\"6c8a0d2\" data-element_type=\"widget\" data-widget_type=\"image.default\">\n\t\t\t\t\t\t\t\t\t\t\t\t\t\t\t<img fetchpriority=\"high\" decoding=\"async\" width=\"800\" height=\"145\" src=\"https:\/\/tigerbattery.net\/wp-content\/uploads\/2024\/12\/privacy-word-on-yellow-background-e1733564833164-1024x186.jpg\" class=\"attachment-large size-large wp-image-3026\" alt=\"Privacy word on yellow background\" srcset=\"https:\/\/tigerbattery.net\/wp-content\/uploads\/2024\/12\/privacy-word-on-yellow-background-e1733564833164-1024x186.jpg 1024w, https:\/\/tigerbattery.net\/wp-content\/uploads\/2024\/12\/privacy-word-on-yellow-background-e1733564833164-300x54.jpg 300w, https:\/\/tigerbattery.net\/wp-content\/uploads\/2024\/12\/privacy-word-on-yellow-background-e1733564833164-768x139.jpg 768w, https:\/\/tigerbattery.net\/wp-content\/uploads\/2024\/12\/privacy-word-on-yellow-background-e1733564833164-1536x279.jpg 1536w, https:\/\/tigerbattery.net\/wp-content\/uploads\/2024\/12\/privacy-word-on-yellow-background-e1733564833164.jpg 2000w\" sizes=\"(max-width: 800px) 100vw, 800px\" \/>\t\t\t\t\t\t\t\t\t\t\t\t\t\t\t<\/div>\n\t\t\t\t<div class=\"elementor-element elementor-element-5002a375 elementor-widget elementor-widget-text-editor\" data-id=\"5002a375\" data-element_type=\"widget\" data-widget_type=\"text-editor.default\">\n\t\t\t\t\t\t\t\t\t<p><\/p>\n<hr class=\"wp-block-separator has-alpha-channel-opacity\" \/>\n<p><\/p>\n<h3 class=\"wp-block-heading\"><strong>1. Informaci\u00f3n que recopilamos<\/strong><\/h3>\n<p><\/p>\n<p>Recopilamos informaci\u00f3n sobre usted de varias maneras para mejorar su experiencia y cumplir con sus pedidos. Esto puede incluir:<\/p>\n<p><\/p>\n<p><strong>a. Datos personales:<\/strong><\/p>\n<p><\/p>\n<ul class=\"wp-block-list\">\n<li style=\"list-style-type: none;\">\n<ul class=\"wp-block-list\"><\/ul>\n<\/li>\n<\/ul>\n<p>\u00a0<\/p>\n<ul class=\"wp-block-list\">\n<li style=\"list-style-type: none;\">\n<ul class=\"wp-block-list\">\n<li>Nombre<\/li>\n<\/ul>\n<\/li>\n<\/ul>\n<p><\/p>\n<ul class=\"wp-block-list\">\n<li style=\"list-style-type: none;\">\n<ul class=\"wp-block-list\">\n<li>Direcci\u00f3n de correo electr\u00f3nico<\/li>\n<\/ul>\n<\/li>\n<\/ul>\n<p><\/p>\n<ul class=\"wp-block-list\">\n<li style=\"list-style-type: none;\">\n<ul class=\"wp-block-list\">\n<li>N\u00famero de tel\u00e9fono<\/li>\n<\/ul>\n<\/li>\n<\/ul>\n<p><\/p>\n<ul class=\"wp-block-list\">\n<li style=\"list-style-type: none;\">\n<ul class=\"wp-block-list\">\n<li>Direcci\u00f3n de facturaci\u00f3n y env\u00edo<\/li>\n<\/ul>\n<\/li>\n<\/ul>\n<p><\/p>\n<p><\/p>\n<p><strong>b. Informaci\u00f3n sobre el pago:<\/strong><\/p>\n<p><\/p>\n<ul class=\"wp-block-list\">\n<li style=\"list-style-type: none;\">\n<ul class=\"wp-block-list\"><\/ul>\n<\/li>\n<\/ul>\n<p>\u00a0<\/p>\n<ul class=\"wp-block-list\">\n<li style=\"list-style-type: none;\">\n<ul class=\"wp-block-list\">\n<li>Los datos de pago se procesan de forma segura a trav\u00e9s de nuestros proveedores de pago y no se almacenan en nuestros servidores.<\/li>\n<\/ul>\n<\/li>\n<\/ul>\n<p><\/p>\n<p><\/p>\n<p><strong>c. Datos t\u00e9cnicos:<\/strong><\/p>\n<p><\/p>\n<ul class=\"wp-block-list\">\n<li style=\"list-style-type: none;\">\n<ul class=\"wp-block-list\"><\/ul>\n<\/li>\n<\/ul>\n<p>\u00a0<\/p>\n<ul class=\"wp-block-list\">\n<li style=\"list-style-type: none;\">\n<ul class=\"wp-block-list\">\n<li>Direcci\u00f3n IP<\/li>\n<\/ul>\n<\/li>\n<\/ul>\n<p><\/p>\n<ul class=\"wp-block-list\">\n<li style=\"list-style-type: none;\">\n<ul class=\"wp-block-list\">\n<li>Tipo de navegador<\/li>\n<\/ul>\n<\/li>\n<\/ul>\n<p><\/p>\n<ul class=\"wp-block-list\">\n<li style=\"list-style-type: none;\">\n<ul class=\"wp-block-list\">\n<li>Informaci\u00f3n sobre el dispositivo<\/li>\n<\/ul>\n<\/li>\n<\/ul>\n<p><\/p>\n<ul class=\"wp-block-list\">\n<li style=\"list-style-type: none;\">\n<ul class=\"wp-block-list\">\n<li>Cookies y datos de uso<\/li>\n<\/ul>\n<\/li>\n<\/ul>\n<p><\/p>\n<p><\/p>\n<hr class=\"wp-block-separator has-alpha-channel-opacity\" \/>\n<p><\/p>\n<h3 class=\"wp-block-heading\"><strong>2. C\u00f3mo utilizamos su informaci\u00f3n<\/strong><\/h3>\n<p><\/p>\n<p>Utilizamos la informaci\u00f3n recopilada para:<\/p>\n<p><\/p>\n<ul class=\"wp-block-list\">\n<li style=\"list-style-type: none;\">\n<ul class=\"wp-block-list\"><\/ul>\n<\/li>\n<\/ul>\n<p>\u00a0<\/p>\n<ul class=\"wp-block-list\">\n<li style=\"list-style-type: none;\">\n<ul class=\"wp-block-list\">\n<li>Tramitar y satisfacer pedidos<\/li>\n<\/ul>\n<\/li>\n<\/ul>\n<p><\/p>\n<ul class=\"wp-block-list\">\n<li style=\"list-style-type: none;\">\n<ul class=\"wp-block-list\">\n<li>Mejorar la funcionalidad del sitio web y la experiencia del usuario<\/li>\n<\/ul>\n<\/li>\n<\/ul>\n<p><\/p>\n<ul class=\"wp-block-list\">\n<li style=\"list-style-type: none;\">\n<ul class=\"wp-block-list\">\n<li>Enviar actualizaciones, promociones y notificaciones relevantes (con su consentimiento)<\/li>\n<\/ul>\n<\/li>\n<\/ul>\n<p><\/p>\n<ul class=\"wp-block-list\">\n<li style=\"list-style-type: none;\">\n<ul class=\"wp-block-list\">\n<li>Responder a las consultas y prestar asistencia al cliente<\/li>\n<\/ul>\n<\/li>\n<\/ul>\n<p><\/p>\n<ul class=\"wp-block-list\">\n<li style=\"list-style-type: none;\">\n<ul class=\"wp-block-list\">\n<li>Cumplir las obligaciones legales<\/li>\n<\/ul>\n<\/li>\n<\/ul>\n<p><\/p>\n<p><\/p>\n<hr class=\"wp-block-separator has-alpha-channel-opacity\" \/>\n<p><\/p>\n<h3 class=\"wp-block-heading\"><strong>3. 3. Intercambio de informaci\u00f3n<\/strong><\/h3>\n<p><\/p>\n<p>No vendemos ni alquilamos sus datos personales. Sin embargo, podemos compartir sus datos con terceros de confianza, como:<\/p>\n<p><\/p>\n<ul class=\"wp-block-list\">\n<li style=\"list-style-type: none;\">\n<ul class=\"wp-block-list\"><\/ul>\n<\/li>\n<\/ul>\n<p>\u00a0<\/p>\n<ul class=\"wp-block-list\">\n<li style=\"list-style-type: none;\">\n<ul class=\"wp-block-list\">\n<li>Procesadores de pagos<\/li>\n<\/ul>\n<\/li>\n<\/ul>\n<p><\/p>\n<ul class=\"wp-block-list\">\n<li style=\"list-style-type: none;\">\n<ul class=\"wp-block-list\">\n<li>Proveedores de transporte y log\u00edstica<\/li>\n<\/ul>\n<\/li>\n<\/ul>\n<p><\/p>\n<ul class=\"wp-block-list\">\n<li style=\"list-style-type: none;\">\n<ul class=\"wp-block-list\">\n<li>Socios anal\u00edticos y de marketing<\/li>\n<\/ul>\n<\/li>\n<\/ul>\n<p><\/p>\n<p><\/p>\n<p>Todos los terceros est\u00e1n obligados a mantener la confidencialidad de sus datos.<\/p>\n<p><\/p>\n<hr class=\"wp-block-separator has-alpha-channel-opacity\" \/>\n<p><\/p>\n<h3 class=\"wp-block-heading\"><strong>4. Cookies y rastreo<\/strong><\/h3>\n<p><\/p>\n<p>Utilizamos cookies y tecnolog\u00edas similares para mejorar su experiencia de navegaci\u00f3n. Puede gestionar sus preferencias de cookies a trav\u00e9s de la configuraci\u00f3n de su navegador.<\/p>\n<p><\/p>\n<hr class=\"wp-block-separator has-alpha-channel-opacity\" \/>\n<p><\/p>\n<h3 class=\"wp-block-heading\"><strong>5. 5. Seguridad de los datos<\/strong><\/h3>\n<p><\/p>\n<p>Aplicamos las medidas est\u00e1ndar del sector para proteger su informaci\u00f3n. Sin embargo, ning\u00fan sistema en l\u00ednea es totalmente seguro y no podemos garantizar la seguridad absoluta de sus datos.<\/p>\n<p><\/p>\n<hr class=\"wp-block-separator has-alpha-channel-opacity\" \/>\n<p><\/p>\n<h3 class=\"wp-block-heading\"><strong>6. Sus derechos<\/strong><\/h3>\n<p><\/p>\n<p>Tienes derecho a:<\/p>\n<p><\/p>\n<ul class=\"wp-block-list\">\n<li style=\"list-style-type: none;\">\n<ul class=\"wp-block-list\"><\/ul>\n<\/li>\n<\/ul>\n<p>\u00a0<\/p>\n<ul class=\"wp-block-list\">\n<li style=\"list-style-type: none;\">\n<ul class=\"wp-block-list\">\n<li>Acceder a su informaci\u00f3n personal, rectificarla o eliminarla<\/li>\n<\/ul>\n<\/li>\n<\/ul>\n<p><\/p>\n<ul class=\"wp-block-list\">\n<li style=\"list-style-type: none;\">\n<ul class=\"wp-block-list\">\n<li>Exclusi\u00f3n voluntaria de comunicaciones comerciales<\/li>\n<\/ul>\n<\/li>\n<\/ul>\n<p><\/p>\n<ul class=\"wp-block-list\">\n<li style=\"list-style-type: none;\">\n<ul class=\"wp-block-list\">\n<li>Retirar el consentimiento para el tratamiento de datos (si procede)<\/li>\n<\/ul>\n<\/li>\n<\/ul>\n<p><\/p>\n<p><\/p>\n<p>Para ejercer estos derechos, p\u00f3ngase en contacto con nosotros en [insertar direcci\u00f3n de correo electr\u00f3nico].<\/p>\n<p><\/p>\n<hr class=\"wp-block-separator has-alpha-channel-opacity\" \/>\n<p><\/p>\n<h3 class=\"wp-block-heading\"><strong>7. Enlaces de terceros<\/strong><\/h3>\n<p><\/p>\n<p>Nuestro sitio web puede contener enlaces a sitios de terceros. No somos responsables de sus pr\u00e1cticas de privacidad. Por favor, revise sus pol\u00edticas de privacidad antes de compartir su informaci\u00f3n.<\/p>\n<p><\/p>\n<hr class=\"wp-block-separator has-alpha-channel-opacity\" \/>\n<p><\/p>\n<h3 class=\"wp-block-heading\"><strong>8. Cambios en esta pol\u00edtica<\/strong><\/h3>\n<p><\/p>\n<p>Podemos actualizar esta Pol\u00edtica de Privacidad cuando sea necesario. Los cambios se publicar\u00e1n en esta p\u00e1gina con la fecha de entrada en vigor revisada.<\/p>\n<p><\/p>\n<hr class=\"wp-block-separator has-alpha-channel-opacity\" \/>\n<p><\/p>\n<h3 class=\"wp-block-heading\"><strong>9. Contacto<\/strong><\/h3>\n<p><\/p>\n<p>Si tiene alguna pregunta o duda sobre esta Pol\u00edtica de privacidad, p\u00f3ngase en contacto con nosotros:<br \/><strong>Correo electr\u00f3nico:<\/strong> <a href=\"mailto:hello@tigerbattery.net\" target=\"_blank\">hello@tigerbattery.net<\/a><br \/><strong>Direcci\u00f3n:<\/strong> 393 W Warner Rd Ste 114 #2088 Chandler, AZ 85225<\/p>\n<p><\/p>\t\t\t\t\t\t\t\t<\/div>\n\t\t\t\t\t<\/div>\n\t\t\t\t<\/div>\n\t\t\t\t<\/div>","protected":false},"excerpt":{"rendered":"<p>1. Information We Collect We collect information from you in various ways to improve your experience and fulfill your orders. This may include: a. Personal Information: b. Payment Information: c. Technical Data: 2. How We Use Your Information We use the collected information to: 3. Sharing of Information We do not sell or rent your [&hellip;]<\/p>","protected":false},"author":1,"featured_media":0,"parent":0,"menu_order":0,"comment_status":"closed","ping_status":"closed","template":"","meta":{"_acf_changed":false,"footnotes":""},"class_list":["post-257","page","type-page","status-publish","hentry"],"acf":[],"_links":{"self":[{"href":"https:\/\/tigerbattery.net\/es\/wp-json\/wp\/v2\/pages\/257","targetHints":{"allow":["GET"]}}],"collection":[{"href":"https:\/\/tigerbattery.net\/es\/wp-json\/wp\/v2\/pages"}],"about":[{"href":"https:\/\/tigerbattery.net\/es\/wp-json\/wp\/v2\/types\/page"}],"author":[{"embeddable":true,"href":"https:\/\/tigerbattery.net\/es\/wp-json\/wp\/v2\/users\/1"}],"replies":[{"embeddable":true,"href":"https:\/\/tigerbattery.net\/es\/wp-json\/wp\/v2\/comments?post=257"}],"version-history":[{"count":7,"href":"https:\/\/tigerbattery.net\/es\/wp-json\/wp\/v2\/pages\/257\/revisions"}],"predecessor-version":[{"id":3032,"href":"https:\/\/tigerbattery.net\/es\/wp-json\/wp\/v2\/pages\/257\/revisions\/3032"}],"wp:attachment":[{"href":"https:\/\/tigerbattery.net\/es\/wp-json\/wp\/v2\/media?parent=257"}],"curies":[{"name":"wp","href":"https:\/\/api.w.org\/{rel}","templated":true}]}}