{"id":253,"date":"2024-10-01T13:08:02","date_gmt":"2024-10-01T13:08:02","guid":{"rendered":"https:\/\/tigerbattery.net\/?page_id=253"},"modified":"2024-12-07T09:39:44","modified_gmt":"2024-12-07T09:39:44","slug":"media","status":"publish","type":"page","link":"https:\/\/tigerbattery.net\/es\/media\/","title":{"rendered":"Medios de comunicaci\u00f3n"},"content":{"rendered":"<div data-elementor-type=\"wp-page\" data-elementor-id=\"253\" class=\"elementor elementor-253\" data-elementor-post-type=\"page\">\n\t\t\t\t<div class=\"elementor-element elementor-element-c1054d0 e-flex e-con-boxed e-con e-parent\" data-id=\"c1054d0\" data-element_type=\"container\">\n\t\t\t\t\t<div class=\"e-con-inner\">\n\t\t\t\t<div class=\"elementor-element elementor-element-f2d33b4 elementor-widget elementor-widget-heading\" data-id=\"f2d33b4\" data-element_type=\"widget\" data-widget_type=\"heading.default\">\n\t\t\t\t\t<h2 class=\"elementor-heading-title elementor-size-default\">GALER\u00cdA DE MEDIOS<\/h2>\t\t\t\t<\/div>\n\t\t\t\t<div class=\"elementor-element elementor-element-66413d0 elementor-drop-cap-yes elementor-drop-cap-view-default elementor-widget elementor-widget-text-editor\" data-id=\"66413d0\" data-element_type=\"widget\" data-settings=\"{&quot;drop_cap&quot;:&quot;yes&quot;}\" data-widget_type=\"text-editor.default\">\n\t\t\t\t\t\t\t\t\t<p>Sum\u00e9rjase en el mundo de Tiger Batteries a trav\u00e9s de nuestra din\u00e1mica galer\u00eda multimedia. Explore una colecci\u00f3n seleccionada de im\u00e1genes y v\u00eddeos de alta calidad (<strong>\u00a1muy pronto!<\/strong>) mostrando nuestra tecnolog\u00eda punta en bater\u00edas, nuestra variada gama de productos y nuestras aplicaciones en el mundo real. Sea testigo de c\u00f3mo Tiger Batteries alimenta desde dispositivos cotidianos hasta equipos industriales cr\u00edticos. Descubra la diferencia que puede marcar una longevidad sin igual y un rendimiento fiable.<\/p>\t\t\t\t\t\t\t\t<\/div>\n\t\t\t\t\t<\/div>\n\t\t\t\t<\/div>\n\t\t\t\t<\/div>","protected":false},"excerpt":{"rendered":"<p>MEDIA GALLERY Immerse yourself in the world of Tiger Batteries through our dynamic media gallery. Explore a curated collection of high-quality images and videos (coming soon!) showcasing our cutting-edge battery technology, diverse product range, and real-world applications. Witness Tiger Batteries powering everything from everyday devices to critical industrial equipment. Discover the difference that unmatched longevity [&hellip;]<\/p>","protected":false},"author":1,"featured_media":0,"parent":0,"menu_order":0,"comment_status":"closed","ping_status":"closed","template":"","meta":{"_acf_changed":false,"footnotes":""},"class_list":["post-253","page","type-page","status-publish","hentry"],"acf":[],"_links":{"self":[{"href":"https:\/\/tigerbattery.net\/es\/wp-json\/wp\/v2\/pages\/253","targetHints":{"allow":["GET"]}}],"collection":[{"href":"https:\/\/tigerbattery.net\/es\/wp-json\/wp\/v2\/pages"}],"about":[{"href":"https:\/\/tigerbattery.net\/es\/wp-json\/wp\/v2\/types\/page"}],"author":[{"embeddable":true,"href":"https:\/\/tigerbattery.net\/es\/wp-json\/wp\/v2\/users\/1"}],"replies":[{"embeddable":true,"href":"https:\/\/tigerbattery.net\/es\/wp-json\/wp\/v2\/comments?post=253"}],"version-history":[{"count":7,"href":"https:\/\/tigerbattery.net\/es\/wp-json\/wp\/v2\/pages\/253\/revisions"}],"predecessor-version":[{"id":3023,"href":"https:\/\/tigerbattery.net\/es\/wp-json\/wp\/v2\/pages\/253\/revisions\/3023"}],"wp:attachment":[{"href":"https:\/\/tigerbattery.net\/es\/wp-json\/wp\/v2\/media?parent=253"}],"curies":[{"name":"wp","href":"https:\/\/api.w.org\/{rel}","templated":true}]}}